{"id":1781,"date":"2018-12-17T09:02:43","date_gmt":"2018-12-17T09:02:43","guid":{"rendered":"https:\/\/thelma.qodeinteractive.com\/?page_id=1781"},"modified":"2018-12-17T09:02:43","modified_gmt":"2018-12-17T09:02:43","slug":"google-maps","status":"publish","type":"page","link":"https:\/\/winnicaksiezycowa.pl\/en\/elements\/google-maps\/","title":{"rendered":"Google Maps"},"content":{"rendered":"<div class=\"wpb-content-wrapper\"><div class=\"mkdf-row-grid-section-wrapper \"  ><div class=\"mkdf-row-grid-section\"><div class=\"vc_row wpb_row vc_row-fluid vc_custom_1545040262412\" ><div class=\"wpb_column vc_column_container vc_col-sm-6 vc_col-lg-offset-0 vc_col-md-offset-0\"><div class=\"vc_column-inner\"><div class=\"wpb_wrapper\"><div class=\"mkdf-google-map-holder\">\n\t\t<div class=\"mkdf-google-map\" id=\"mkdf-map-2851126\" data-addresses='[\"Via del Caravita, 8a 00186 Roma RM Italy\"]' data-custom-map-style=no data-color-overlay=#393939 data-saturation=-100 data-lightness=-60 data-zoom=13 data-pin=https:\/\/winnicaksiezycowa.pl\/wp-content\/uploads\/2018\/12\/pin.png data-unique-id=2851126 data-scroll-wheel=no data-height=500 data-snazzy-map-style=yes><\/div>\n\t\t\t<input type=\"hidden\" class=\"mkdf-snazzy-map\" value=\"`{`\n{\n``featureType``: ``all``,\n``elementType``: ``labels.text.fill``,\n``stylers``: `{`\n{\n``saturation``: 36\n},\n{\n``color``: ``#000000``\n},\n{\n``lightness``: 40\n}\n`}`\n},\n{\n``featureType``: ``all``,\n``elementType``: ``labels.text.stroke``,\n``stylers``: `{`\n{\n``visibility``: ``on``\n},\n{\n``color``: ``#000000``\n},\n{\n``lightness``: 16\n}\n`}`\n},\n{\n``featureType``: ``all``,\n``elementType``: ``labels.icon``,\n``stylers``: `{`\n{\n``visibility``: ``off``\n}\n`}`\n},\n{\n``featureType``: ``administrative``,\n``elementType``: ``geometry.fill``,\n``stylers``: `{`\n{\n``color``: ``#000000``\n},\n{\n``lightness``: 20\n}\n`}`\n},\n{\n``featureType``: ``administrative``,\n``elementType``: ``geometry.stroke``,\n``stylers``: `{`\n{\n``color``: ``#000000``\n},\n{\n``lightness``: 17\n},\n{\n``weight``: 1.2\n}\n`}`\n},\n{\n``featureType``: ``administrative``,\n``elementType``: ``labels``,\n``stylers``: `{`\n{\n``visibility``: ``off``\n}\n`}`\n},\n{\n``featureType``: ``administrative.country``,\n``elementType``: ``all``,\n``stylers``: `{`\n{\n``visibility``: ``simplified``\n}\n`}`\n},\n{\n``featureType``: ``administrative.country``,\n``elementType``: ``geometry``,\n``stylers``: `{`\n{\n``visibility``: ``simplified``\n}\n`}`\n},\n{\n``featureType``: ``administrative.country``,\n``elementType``: ``labels.text``,\n``stylers``: `{`\n{\n``visibility``: ``simplified``\n}\n`}`\n},\n{\n``featureType``: ``administrative.province``,\n``elementType``: ``all``,\n``stylers``: `{`\n{\n``visibility``: ``off``\n}\n`}`\n},\n{\n``featureType``: ``administrative.locality``,\n``elementType``: ``all``,\n``stylers``: `{`\n{\n``visibility``: ``simplified``\n},\n{\n``saturation``: ``-100``\n},\n{\n``lightness``: ``30``\n}\n`}`\n},\n{\n``featureType``: ``administrative.neighborhood``,\n``elementType``: ``all``,\n``stylers``: `{`\n{\n``visibility``: ``off``\n}\n`}`\n},\n{\n``featureType``: ``administrative.land_parcel``,\n``elementType``: ``all``,\n``stylers``: `{`\n{\n``visibility``: ``off``\n}\n`}`\n},\n{\n``featureType``: ``landscape``,\n``elementType``: ``all``,\n``stylers``: `{`\n{\n``visibility``: ``simplified``\n},\n{\n``gamma``: ``0.00``\n},\n{\n``lightness``: ``74``\n}\n`}`\n},\n{\n``featureType``: ``landscape``,\n``elementType``: ``geometry``,\n``stylers``: `{`\n{\n``color``: ``#000000``\n},\n{\n``lightness``: 20\n}\n`}`\n},\n{\n``featureType``: ``landscape.man_made``,\n``elementType``: ``all``,\n``stylers``: `{`\n{\n``lightness``: ``3``\n}\n`}`\n},\n{\n``featureType``: ``poi``,\n``elementType``: ``all``,\n``stylers``: `{`\n{\n``visibility``: ``off``\n}\n`}`\n},\n{\n``featureType``: ``poi``,\n``elementType``: ``geometry``,\n``stylers``: `{`\n{\n``color``: ``#000000``\n},\n{\n``lightness``: 21\n}\n`}`\n},\n{\n``featureType``: ``road``,\n``elementType``: ``geometry``,\n``stylers``: `{`\n{\n``visibility``: ``simplified``\n}\n`}`\n},\n{\n``featureType``: ``road.highway``,\n``elementType``: ``geometry.fill``,\n``stylers``: `{`\n{\n``color``: ``#000000``\n},\n{\n``lightness``: 17\n}\n`}`\n},\n{\n``featureType``: ``road.highway``,\n``elementType``: ``geometry.stroke``,\n``stylers``: `{`\n{\n``color``: ``#000000``\n},\n{\n``lightness``: 29\n},\n{\n``weight``: 0.2\n}\n`}`\n},\n{\n``featureType``: ``road.arterial``,\n``elementType``: ``geometry``,\n``stylers``: `{`\n{\n``color``: ``#000000``\n},\n{\n``lightness``: 18\n}\n`}`\n},\n{\n``featureType``: ``road.local``,\n``elementType``: ``geometry``,\n``stylers``: `{`\n{\n``color``: ``#000000``\n},\n{\n``lightness``: 16\n}\n`}`\n},\n{\n``featureType``: ``transit``,\n``elementType``: ``geometry``,\n``stylers``: `{`\n{\n``color``: ``#000000``\n},\n{\n``lightness``: 19\n}\n`}`\n},\n{\n``featureType``: ``water``,\n``elementType``: ``geometry``,\n``stylers``: `{`\n{\n``color``: ``#000000``\n},\n{\n``lightness``: 17\n}\n`}`\n}\n`}`\"\/>\n\t\t\t\t<div class=\"mkdf-google-map-overlay\"><\/div>\n\t<\/div><div class=\"vc_empty_space\"   style=\"height: 50px\"><span class=\"vc_empty_space_inner\"><\/span><\/div><\/div><\/div><\/div><div class=\"wpb_column vc_column_container vc_col-sm-6 vc_col-lg-offset-0 vc_col-md-offset-0\"><div class=\"vc_column-inner\"><div class=\"wpb_wrapper\"><div class=\"mkdf-google-map-holder\">\n\t\t<div class=\"mkdf-google-map\" id=\"mkdf-map-2466729\" data-addresses='[\"Largo 2 de Abril 3 2565-748 Runa Portugal\"]' data-custom-map-style=no data-color-overlay=#393939 data-saturation=-100 data-lightness=-60 data-zoom=15 data-pin=https:\/\/winnicaksiezycowa.pl\/wp-content\/uploads\/2018\/12\/pin.png data-unique-id=2466729 data-scroll-wheel=no data-height=500 data-snazzy-map-style=yes><\/div>\n\t\t\t<input type=\"hidden\" class=\"mkdf-snazzy-map\" value=\"`{`\n{\n``featureType``: ``all``,\n``elementType``: ``labels.text.fill``,\n``stylers``: `{`\n{\n``saturation``: 36\n},\n{\n``color``: ``#000000``\n},\n{\n``lightness``: 40\n}\n`}`\n},\n{\n``featureType``: ``all``,\n``elementType``: ``labels.text.stroke``,\n``stylers``: `{`\n{\n``visibility``: ``on``\n},\n{\n``color``: ``#000000``\n},\n{\n``lightness``: 16\n}\n`}`\n},\n{\n``featureType``: ``all``,\n``elementType``: ``labels.icon``,\n``stylers``: `{`\n{\n``visibility``: ``off``\n}\n`}`\n},\n{\n``featureType``: ``administrative``,\n``elementType``: ``geometry.fill``,\n``stylers``: `{`\n{\n``color``: ``#000000``\n},\n{\n``lightness``: 20\n}\n`}`\n},\n{\n``featureType``: ``administrative``,\n``elementType``: ``geometry.stroke``,\n``stylers``: `{`\n{\n``color``: ``#000000``\n},\n{\n``lightness``: 17\n},\n{\n``weight``: 1.2\n}\n`}`\n},\n{\n``featureType``: ``administrative``,\n``elementType``: ``labels``,\n``stylers``: `{`\n{\n``visibility``: ``off``\n}\n`}`\n},\n{\n``featureType``: ``administrative.country``,\n``elementType``: ``all``,\n``stylers``: `{`\n{\n``visibility``: ``simplified``\n}\n`}`\n},\n{\n``featureType``: ``administrative.country``,\n``elementType``: ``geometry``,\n``stylers``: `{`\n{\n``visibility``: ``simplified``\n}\n`}`\n},\n{\n``featureType``: ``administrative.country``,\n``elementType``: ``labels.text``,\n``stylers``: `{`\n{\n``visibility``: ``simplified``\n}\n`}`\n},\n{\n``featureType``: ``administrative.province``,\n``elementType``: ``all``,\n``stylers``: `{`\n{\n``visibility``: ``off``\n}\n`}`\n},\n{\n``featureType``: ``administrative.locality``,\n``elementType``: ``all``,\n``stylers``: `{`\n{\n``visibility``: ``simplified``\n},\n{\n``saturation``: ``-100``\n},\n{\n``lightness``: ``30``\n}\n`}`\n},\n{\n``featureType``: ``administrative.neighborhood``,\n``elementType``: ``all``,\n``stylers``: `{`\n{\n``visibility``: ``off``\n}\n`}`\n},\n{\n``featureType``: ``administrative.land_parcel``,\n``elementType``: ``all``,\n``stylers``: `{`\n{\n``visibility``: ``off``\n}\n`}`\n},\n{\n``featureType``: ``landscape``,\n``elementType``: ``all``,\n``stylers``: `{`\n{\n``visibility``: ``simplified``\n},\n{\n``gamma``: ``0.00``\n},\n{\n``lightness``: ``74``\n}\n`}`\n},\n{\n``featureType``: ``landscape``,\n``elementType``: ``geometry``,\n``stylers``: `{`\n{\n``color``: ``#000000``\n},\n{\n``lightness``: 20\n}\n`}`\n},\n{\n``featureType``: ``landscape.man_made``,\n``elementType``: ``all``,\n``stylers``: `{`\n{\n``lightness``: ``3``\n}\n`}`\n},\n{\n``featureType``: ``poi``,\n``elementType``: ``all``,\n``stylers``: `{`\n{\n``visibility``: ``off``\n}\n`}`\n},\n{\n``featureType``: ``poi``,\n``elementType``: ``geometry``,\n``stylers``: `{`\n{\n``color``: ``#000000``\n},\n{\n``lightness``: 21\n}\n`}`\n},\n{\n``featureType``: ``road``,\n``elementType``: ``geometry``,\n``stylers``: `{`\n{\n``visibility``: ``simplified``\n}\n`}`\n},\n{\n``featureType``: ``road.highway``,\n``elementType``: ``geometry.fill``,\n``stylers``: `{`\n{\n``color``: ``#000000``\n},\n{\n``lightness``: 17\n}\n`}`\n},\n{\n``featureType``: ``road.highway``,\n``elementType``: ``geometry.stroke``,\n``stylers``: `{`\n{\n``color``: ``#000000``\n},\n{\n``lightness``: 29\n},\n{\n``weight``: 0.2\n}\n`}`\n},\n{\n``featureType``: ``road.arterial``,\n``elementType``: ``geometry``,\n``stylers``: `{`\n{\n``color``: ``#000000``\n},\n{\n``lightness``: 18\n}\n`}`\n},\n{\n``featureType``: ``road.local``,\n``elementType``: ``geometry``,\n``stylers``: `{`\n{\n``color``: ``#000000``\n},\n{\n``lightness``: 16\n}\n`}`\n},\n{\n``featureType``: ``transit``,\n``elementType``: ``geometry``,\n``stylers``: `{`\n{\n``color``: ``#000000``\n},\n{\n``lightness``: 19\n}\n`}`\n},\n{\n``featureType``: ``water``,\n``elementType``: ``geometry``,\n``stylers``: `{`\n{\n``color``: ``#000000``\n},\n{\n``lightness``: 17\n}\n`}`\n}\n`}`\"\/>\n\t\t\t\t<div class=\"mkdf-google-map-overlay\"><\/div>\n\t<\/div><div class=\"vc_empty_space\"   style=\"height: 50px\"><span class=\"vc_empty_space_inner\"><\/span><\/div><\/div><\/div><\/div><\/div><\/div><\/div><div class=\"vc_row wpb_row vc_row-fluid vc_custom_1545922157998\" ><div class=\"wpb_column vc_column_container vc_col-sm-12\"><div class=\"vc_column-inner\"><div class=\"wpb_wrapper\"><div class=\"mkdf-google-map-holder\">\n\t\t<div class=\"mkdf-google-map\" id=\"mkdf-map-950983\" data-addresses='[\"1104 Pear Tree Ln Napa, CA 94558 USA\"]' data-custom-map-style=no data-color-overlay=#393939 data-saturation=-100 data-lightness=-60 data-zoom=13 data-pin=https:\/\/winnicaksiezycowa.pl\/wp-content\/uploads\/2018\/12\/pin.png data-unique-id=950983 data-scroll-wheel=no data-height=500 data-snazzy-map-style=yes><\/div>\n\t\t\t<input type=\"hidden\" class=\"mkdf-snazzy-map\" value=\"`{`\n{\n``featureType``: ``all``,\n``elementType``: ``labels.text.fill``,\n``stylers``: `{`\n{\n``saturation``: 36\n},\n{\n``color``: ``#000000``\n},\n{\n``lightness``: 40\n}\n`}`\n},\n{\n``featureType``: ``all``,\n``elementType``: ``labels.text.stroke``,\n``stylers``: `{`\n{\n``visibility``: ``on``\n},\n{\n``color``: ``#000000``\n},\n{\n``lightness``: 16\n}\n`}`\n},\n{\n``featureType``: ``all``,\n``elementType``: ``labels.icon``,\n``stylers``: `{`\n{\n``visibility``: ``off``\n}\n`}`\n},\n{\n``featureType``: ``administrative``,\n``elementType``: ``geometry.fill``,\n``stylers``: `{`\n{\n``color``: ``#000000``\n},\n{\n``lightness``: 20\n}\n`}`\n},\n{\n``featureType``: ``administrative``,\n``elementType``: ``geometry.stroke``,\n``stylers``: `{`\n{\n``color``: ``#000000``\n},\n{\n``lightness``: 17\n},\n{\n``weight``: 1.2\n}\n`}`\n},\n{\n``featureType``: ``administrative``,\n``elementType``: ``labels``,\n``stylers``: `{`\n{\n``visibility``: ``off``\n}\n`}`\n},\n{\n``featureType``: ``administrative.country``,\n``elementType``: ``all``,\n``stylers``: `{`\n{\n``visibility``: ``simplified``\n}\n`}`\n},\n{\n``featureType``: ``administrative.country``,\n``elementType``: ``geometry``,\n``stylers``: `{`\n{\n``visibility``: ``simplified``\n}\n`}`\n},\n{\n``featureType``: ``administrative.country``,\n``elementType``: ``labels.text``,\n``stylers``: `{`\n{\n``visibility``: ``simplified``\n}\n`}`\n},\n{\n``featureType``: ``administrative.province``,\n``elementType``: ``all``,\n``stylers``: `{`\n{\n``visibility``: ``off``\n}\n`}`\n},\n{\n``featureType``: ``administrative.locality``,\n``elementType``: ``all``,\n``stylers``: `{`\n{\n``visibility``: ``simplified``\n},\n{\n``saturation``: ``-100``\n},\n{\n``lightness``: ``30``\n}\n`}`\n},\n{\n``featureType``: ``administrative.neighborhood``,\n``elementType``: ``all``,\n``stylers``: `{`\n{\n``visibility``: ``off``\n}\n`}`\n},\n{\n``featureType``: ``administrative.land_parcel``,\n``elementType``: ``all``,\n``stylers``: `{`\n{\n``visibility``: ``off``\n}\n`}`\n},\n{\n``featureType``: ``landscape``,\n``elementType``: ``all``,\n``stylers``: `{`\n{\n``visibility``: ``simplified``\n},\n{\n``gamma``: ``0.00``\n},\n{\n``lightness``: ``74``\n}\n`}`\n},\n{\n``featureType``: ``landscape``,\n``elementType``: ``geometry``,\n``stylers``: `{`\n{\n``color``: ``#000000``\n},\n{\n``lightness``: 20\n}\n`}`\n},\n{\n``featureType``: ``landscape.man_made``,\n``elementType``: ``all``,\n``stylers``: `{`\n{\n``lightness``: ``3``\n}\n`}`\n},\n{\n``featureType``: ``poi``,\n``elementType``: ``all``,\n``stylers``: `{`\n{\n``visibility``: ``off``\n}\n`}`\n},\n{\n``featureType``: ``poi``,\n``elementType``: ``geometry``,\n``stylers``: `{`\n{\n``color``: ``#000000``\n},\n{\n``lightness``: 21\n}\n`}`\n},\n{\n``featureType``: ``road``,\n``elementType``: ``geometry``,\n``stylers``: `{`\n{\n``visibility``: ``simplified``\n}\n`}`\n},\n{\n``featureType``: ``road.highway``,\n``elementType``: ``geometry.fill``,\n``stylers``: `{`\n{\n``color``: ``#000000``\n},\n{\n``lightness``: 17\n}\n`}`\n},\n{\n``featureType``: ``road.highway``,\n``elementType``: ``geometry.stroke``,\n``stylers``: `{`\n{\n``color``: ``#000000``\n},\n{\n``lightness``: 29\n},\n{\n``weight``: 0.2\n}\n`}`\n},\n{\n``featureType``: ``road.arterial``,\n``elementType``: ``geometry``,\n``stylers``: `{`\n{\n``color``: ``#000000``\n},\n{\n``lightness``: 18\n}\n`}`\n},\n{\n``featureType``: ``road.local``,\n``elementType``: ``geometry``,\n``stylers``: `{`\n{\n``color``: ``#000000``\n},\n{\n``lightness``: 16\n}\n`}`\n},\n{\n``featureType``: ``transit``,\n``elementType``: ``geometry``,\n``stylers``: `{`\n{\n``color``: ``#000000``\n},\n{\n``lightness``: 19\n}\n`}`\n},\n{\n``featureType``: ``water``,\n``elementType``: ``geometry``,\n``stylers``: `{`\n{\n``color``: ``#000000``\n},\n{\n``lightness``: 17\n}\n`}`\n}\n`}`\"\/>\n\t\t\t\t<div class=\"mkdf-google-map-overlay\"><\/div>\n\t<\/div><\/div><\/div><\/div><\/div>\n<\/div>","protected":false},"excerpt":{"rendered":"","protected":false},"author":2,"featured_media":0,"parent":1642,"menu_order":0,"comment_status":"closed","ping_status":"closed","template":"full-width.php","meta":{"footnotes":""},"class_list":["post-1781","page","type-page","status-publish","hentry"],"yoast_head":"<!-- This site is optimized with the Yoast SEO plugin v27.5 - https:\/\/yoast.com\/product\/yoast-seo-wordpress\/ -->\n<title>Google Maps - Winnica Ksi\u0119\u017cycowa<\/title>\n<meta name=\"robots\" content=\"index, follow, max-snippet:-1, max-image-preview:large, max-video-preview:-1\" \/>\n<link rel=\"canonical\" href=\"https:\/\/winnicaksiezycowa.pl\/en\/elements\/google-maps\/\" \/>\n<meta property=\"og:locale\" content=\"en_GB\" \/>\n<meta property=\"og:type\" content=\"article\" \/>\n<meta property=\"og:title\" content=\"Google Maps - Winnica Ksi\u0119\u017cycowa\" \/>\n<meta property=\"og:url\" content=\"https:\/\/winnicaksiezycowa.pl\/en\/elements\/google-maps\/\" \/>\n<meta property=\"og:site_name\" content=\"Winnica Ksi\u0119\u017cycowa\" \/>\n<meta property=\"article:publisher\" content=\"https:\/\/www.facebook.com\/winnicaksiezycowa\" \/>\n<meta name=\"twitter:card\" content=\"summary_large_image\" \/>\n<meta name=\"twitter:label1\" content=\"Estimated reading time\" \/>\n\t<meta name=\"twitter:data1\" content=\"4 minutes\" \/>\n<script type=\"application\/ld+json\" class=\"yoast-schema-graph\">{\"@context\":\"https:\\\/\\\/schema.org\",\"@graph\":[{\"@type\":\"WebPage\",\"@id\":\"https:\\\/\\\/winnicaksiezycowa.pl\\\/elements\\\/google-maps\\\/\",\"url\":\"https:\\\/\\\/winnicaksiezycowa.pl\\\/elements\\\/google-maps\\\/\",\"name\":\"Google Maps - Winnica Ksi\u0119\u017cycowa\",\"isPartOf\":{\"@id\":\"https:\\\/\\\/winnicaksiezycowa.pl\\\/#website\"},\"datePublished\":\"2018-12-17T09:02:43+00:00\",\"breadcrumb\":{\"@id\":\"https:\\\/\\\/winnicaksiezycowa.pl\\\/elements\\\/google-maps\\\/#breadcrumb\"},\"inLanguage\":\"en-GB\",\"potentialAction\":[{\"@type\":\"ReadAction\",\"target\":[\"https:\\\/\\\/winnicaksiezycowa.pl\\\/elements\\\/google-maps\\\/\"]}]},{\"@type\":\"BreadcrumbList\",\"@id\":\"https:\\\/\\\/winnicaksiezycowa.pl\\\/elements\\\/google-maps\\\/#breadcrumb\",\"itemListElement\":[{\"@type\":\"ListItem\",\"position\":1,\"name\":\"Strona g\u0142\u00f3wna\",\"item\":\"https:\\\/\\\/winnicaksiezycowa.pl\\\/\"},{\"@type\":\"ListItem\",\"position\":2,\"name\":\"Elements\",\"item\":\"https:\\\/\\\/winnicaksiezycowa.pl\\\/elements\\\/\"},{\"@type\":\"ListItem\",\"position\":3,\"name\":\"Google Maps\"}]},{\"@type\":\"WebSite\",\"@id\":\"https:\\\/\\\/winnicaksiezycowa.pl\\\/#website\",\"url\":\"https:\\\/\\\/winnicaksiezycowa.pl\\\/\",\"name\":\"Winnica Ksi\u0119\u017cycowa\",\"description\":\"Miejsce, gdzie jako\u015b\u0107 spotyka pasj\u0119.\",\"publisher\":{\"@id\":\"https:\\\/\\\/winnicaksiezycowa.pl\\\/#organization\"},\"potentialAction\":[{\"@type\":\"SearchAction\",\"target\":{\"@type\":\"EntryPoint\",\"urlTemplate\":\"https:\\\/\\\/winnicaksiezycowa.pl\\\/?s={search_term_string}\"},\"query-input\":{\"@type\":\"PropertyValueSpecification\",\"valueRequired\":true,\"valueName\":\"search_term_string\"}}],\"inLanguage\":\"en-GB\"},{\"@type\":\"Organization\",\"@id\":\"https:\\\/\\\/winnicaksiezycowa.pl\\\/#organization\",\"name\":\"Winnica Ksi\u0119\u017cycowa\",\"url\":\"https:\\\/\\\/winnicaksiezycowa.pl\\\/\",\"logo\":{\"@type\":\"ImageObject\",\"inLanguage\":\"en-GB\",\"@id\":\"https:\\\/\\\/winnicaksiezycowa.pl\\\/#\\\/schema\\\/logo\\\/image\\\/\",\"url\":\"https:\\\/\\\/winnicaksiezycowa.pl\\\/wp-content\\\/uploads\\\/2024\\\/01\\\/poziom-final-normal-300x115-1.png\",\"contentUrl\":\"https:\\\/\\\/winnicaksiezycowa.pl\\\/wp-content\\\/uploads\\\/2024\\\/01\\\/poziom-final-normal-300x115-1.png\",\"width\":300,\"height\":115,\"caption\":\"Winnica Ksi\u0119\u017cycowa\"},\"image\":{\"@id\":\"https:\\\/\\\/winnicaksiezycowa.pl\\\/#\\\/schema\\\/logo\\\/image\\\/\"},\"sameAs\":[\"https:\\\/\\\/www.facebook.com\\\/winnicaksiezycowa\",\"https:\\\/\\\/www.instagram.com\\\/winnicaksiezycowa\\\/\"]}]}<\/script>\n<!-- \/ Yoast SEO plugin. -->","yoast_head_json":{"title":"Google Maps - Winnica Ksi\u0119\u017cycowa","robots":{"index":"index","follow":"follow","max-snippet":"max-snippet:-1","max-image-preview":"max-image-preview:large","max-video-preview":"max-video-preview:-1"},"canonical":"https:\/\/winnicaksiezycowa.pl\/en\/elements\/google-maps\/","og_locale":"en_GB","og_type":"article","og_title":"Google Maps - Winnica Ksi\u0119\u017cycowa","og_url":"https:\/\/winnicaksiezycowa.pl\/en\/elements\/google-maps\/","og_site_name":"Winnica Ksi\u0119\u017cycowa","article_publisher":"https:\/\/www.facebook.com\/winnicaksiezycowa","twitter_card":"summary_large_image","twitter_misc":{"Estimated reading time":"4 minutes"},"schema":{"@context":"https:\/\/schema.org","@graph":[{"@type":"WebPage","@id":"https:\/\/winnicaksiezycowa.pl\/elements\/google-maps\/","url":"https:\/\/winnicaksiezycowa.pl\/elements\/google-maps\/","name":"Google Maps - Winnica Ksi\u0119\u017cycowa","isPartOf":{"@id":"https:\/\/winnicaksiezycowa.pl\/#website"},"datePublished":"2018-12-17T09:02:43+00:00","breadcrumb":{"@id":"https:\/\/winnicaksiezycowa.pl\/elements\/google-maps\/#breadcrumb"},"inLanguage":"en-GB","potentialAction":[{"@type":"ReadAction","target":["https:\/\/winnicaksiezycowa.pl\/elements\/google-maps\/"]}]},{"@type":"BreadcrumbList","@id":"https:\/\/winnicaksiezycowa.pl\/elements\/google-maps\/#breadcrumb","itemListElement":[{"@type":"ListItem","position":1,"name":"Strona g\u0142\u00f3wna","item":"https:\/\/winnicaksiezycowa.pl\/"},{"@type":"ListItem","position":2,"name":"Elements","item":"https:\/\/winnicaksiezycowa.pl\/elements\/"},{"@type":"ListItem","position":3,"name":"Google Maps"}]},{"@type":"WebSite","@id":"https:\/\/winnicaksiezycowa.pl\/#website","url":"https:\/\/winnicaksiezycowa.pl\/","name":"Moon Vineyard","description":"Miejsce, gdzie jako\u015b\u0107 spotyka pasj\u0119.","publisher":{"@id":"https:\/\/winnicaksiezycowa.pl\/#organization"},"potentialAction":[{"@type":"SearchAction","target":{"@type":"EntryPoint","urlTemplate":"https:\/\/winnicaksiezycowa.pl\/?s={search_term_string}"},"query-input":{"@type":"PropertyValueSpecification","valueRequired":true,"valueName":"search_term_string"}}],"inLanguage":"en-GB"},{"@type":"Organization","@id":"https:\/\/winnicaksiezycowa.pl\/#organization","name":"Moon Vineyard","url":"https:\/\/winnicaksiezycowa.pl\/","logo":{"@type":"ImageObject","inLanguage":"en-GB","@id":"https:\/\/winnicaksiezycowa.pl\/#\/schema\/logo\/image\/","url":"https:\/\/winnicaksiezycowa.pl\/wp-content\/uploads\/2024\/01\/poziom-final-normal-300x115-1.png","contentUrl":"https:\/\/winnicaksiezycowa.pl\/wp-content\/uploads\/2024\/01\/poziom-final-normal-300x115-1.png","width":300,"height":115,"caption":"Winnica Ksi\u0119\u017cycowa"},"image":{"@id":"https:\/\/winnicaksiezycowa.pl\/#\/schema\/logo\/image\/"},"sameAs":["https:\/\/www.facebook.com\/winnicaksiezycowa","https:\/\/www.instagram.com\/winnicaksiezycowa\/"]}]}},"jetpack_sharing_enabled":true,"_links":{"self":[{"href":"https:\/\/winnicaksiezycowa.pl\/en\/wp-json\/wp\/v2\/pages\/1781","targetHints":{"allow":["GET"]}}],"collection":[{"href":"https:\/\/winnicaksiezycowa.pl\/en\/wp-json\/wp\/v2\/pages"}],"about":[{"href":"https:\/\/winnicaksiezycowa.pl\/en\/wp-json\/wp\/v2\/types\/page"}],"author":[{"embeddable":true,"href":"https:\/\/winnicaksiezycowa.pl\/en\/wp-json\/wp\/v2\/users\/2"}],"replies":[{"embeddable":true,"href":"https:\/\/winnicaksiezycowa.pl\/en\/wp-json\/wp\/v2\/comments?post=1781"}],"version-history":[{"count":0,"href":"https:\/\/winnicaksiezycowa.pl\/en\/wp-json\/wp\/v2\/pages\/1781\/revisions"}],"up":[{"embeddable":true,"href":"https:\/\/winnicaksiezycowa.pl\/en\/wp-json\/wp\/v2\/pages\/1642"}],"wp:attachment":[{"href":"https:\/\/winnicaksiezycowa.pl\/en\/wp-json\/wp\/v2\/media?parent=1781"}],"curies":[{"name":"wp","href":"https:\/\/api.w.org\/{rel}","templated":true}]}}