{"id":1782,"date":"2018-12-17T09:02:05","date_gmt":"2018-12-17T09:02:05","guid":{"rendered":"https:\/\/thelma.qodeinteractive.com\/?page_id=1782"},"modified":"2018-12-17T09:02:05","modified_gmt":"2018-12-17T09:02:05","slug":"highlights","status":"publish","type":"page","link":"https:\/\/winnicaksiezycowa.pl\/en\/elements\/highlights\/","title":{"rendered":"Highlights"},"content":{"rendered":"<div class=\"wpb-content-wrapper\"><div class=\"mkdf-row-grid-section-wrapper\"  ><div class=\"mkdf-row-grid-section\"><div class=\"vc_row wpb_row vc_row-fluid vc_custom_1545038182760\" ><div class=\"wpb_column vc_column_container vc_col-sm-12\"><div class=\"vc_column-inner\"><div class=\"wpb_wrapper\">\n\t<div class=\"wpb_text_column wpb_content_element\" >\n\t\t<div class=\"wpb_wrapper\">\n\t\t\t<p>Lorem ipsum dolor sit amet, probo dicat dolores has et. In mel hinc natum impetus, nec at malis tritani, eum quot voluptua eu. Ceteros neglegentur ad eum. His an graeco\n<span class=\"mkdf-highlight\" style=\"color: #ffffff;background-color: #b5a46d\">\n\tdolorum, voluptua imperdiet vix no.<\/span> Vis ut mnesarchum consectetuer, vitae imperdiet est ea, ne lorem congue vel. Vis id aperiam convenire, at mel aperiri denique complectitur, enim rebum intellegam his ex. Eu atqui labitur pri, everti pertinax adversarium ea mea, iudico eligendi vel cu. Sea oratio verear in.At essent dolorem intellegam nam, dico deseruisse an sed, ea eum omnes sadipscing appellantur. Ad vel brute mucius tincidunt. Sed eu altera aperiri. Et nominavi gloriatur percipitur est. An unum exerci has, ex eam natum noluisse explicari, pro ne magna ponderum. Aliquip assentior forensibus ad sed. Eos fabellas sensibus constituam an, voluptua platonem eos in. Ex cotidieque voluptatibus duo, ut virtute feugait facilisis pro, mea cu ponderum imperdiet. \n<span class=\"mkdf-highlight\" style=\"color: #ffffff;background-color: #b5a46d\">\n\tEt nominavi gloriatur percipitur est ex eam natum noluisse explicari, pro ne magna ponderum.<\/span> Vis id aperiam convenire, at mel aperiri<\/p>\n\n\t\t<\/div>\n\t<\/div>\n<\/div><\/div><\/div><\/div><\/div><\/div><div class=\"mkdf-row-grid-section-wrapper\"  ><div class=\"mkdf-row-grid-section\"><div class=\"vc_row wpb_row vc_row-fluid vc_custom_1540565181920\" ><div class=\"wpb_column vc_column_container vc_col-sm-12\"><div class=\"vc_column-inner\"><div class=\"wpb_wrapper\">\n\t<div class=\"wpb_text_column wpb_content_element\" >\n\t\t<div class=\"wpb_wrapper\">\n\t\t\t<p>Lorem ipsum dolor sit amet, probo dicat dolores has et. In mel hinc natum impetus, nec at malis tritani, eum quot voluptua eu. Ceteros neglegentur ad eum. His an graeco\n<span class=\"mkdf-highlight\" style=\"color: #ffffff;background-color: #000000\">\n\tdolorum, voluptua imperdiet vix no.<\/span> Vis ut mnesarchum consectetuer, vitae imperdiet est ea, ne lorem congue vel. Vis id aperiam convenire, at mel aperiri denique complectitur, enim rebum intellegam his ex. Eu atqui labitur pri, everti pertinax adversarium ea mea, iudico eligendi vel cu. Sea oratio verear in.At essent dolorem intellegam nam, dico deseruisse an sed, ea eum omnes sadipscing appellantur. Ad vel brute mucius tincidunt. Sed eu altera aperiri. Et nominavi gloriatur percipitur est. An unum exerci has, ex eam natum noluisse explicari, pro ne magna ponderum. Aliquip assentior forensibus ad sed. Eos fabellas sensibus constituam an, voluptua platonem eos in. Ex cotidieque voluptatibus duo, ut virtute feugait facilisis pro, mea cu ponderum imperdiet. \n<span class=\"mkdf-highlight\" style=\"color: #ffffff;background-color: #000000\">\n\tEt nominavi gloriatur percipitur est ex eam natum noluisse explicari, pro ne magna ponderum.<\/span> Vis id aperiam convenire, at mel aperiri<\/p>\n\n\t\t<\/div>\n\t<\/div>\n<\/div><\/div><\/div><\/div><\/div><\/div><div class=\"mkdf-row-grid-section-wrapper\"  ><div class=\"mkdf-row-grid-section\"><div class=\"vc_row wpb_row vc_row-fluid vc_custom_1545038196488\" ><div class=\"wpb_column vc_column_container vc_col-sm-12\"><div class=\"vc_column-inner\"><div class=\"wpb_wrapper\">\n\t<div class=\"wpb_text_column wpb_content_element\" >\n\t\t<div class=\"wpb_wrapper\">\n\t\t\t<p>Lorem ipsum dolor sit amet, probo dicat dolores has et. In mel hinc natum impetus, nec at malis tritani, eum quot voluptua eu. Ceteros neglegentur ad eum. His an graeco\n<span class=\"mkdf-highlight\" style=\"color: #ffffff;background-color: #b5a46d\">\n\tdolorum, voluptua imperdiet vix no.<\/span> Vis ut mnesarchum consectetuer, vitae imperdiet est ea, ne lorem congue vel. Vis id aperiam convenire, at mel aperiri denique complectitur, enim rebum intellegam his ex. Eu atqui labitur pri, everti pertinax adversarium ea mea, iudico eligendi vel cu. Sea oratio verear in.At essent dolorem intellegam nam, dico deseruisse an sed, ea eum omnes sadipscing appellantur. Ad vel brute mucius tincidunt. Sed eu altera aperiri. Et nominavi gloriatur percipitur est. An unum exerci has, ex eam natum noluisse explicari, pro ne magna ponderum. Aliquip assentior forensibus ad sed. Eos fabellas sensibus constituam an, voluptua platonem eos in. Ex cotidieque voluptatibus duo, ut virtute feugait facilisis pro, mea cu ponderum imperdiet. \n<span class=\"mkdf-highlight\" style=\"color: #ffffff;background-color: #b5a46d\">\n\tEt nominavi gloriatur percipitur est ex eam natum noluisse explicari, pro ne magna ponderum.<\/span> Vis id aperiam convenire, at mel aperiri<\/p>\n\n\t\t<\/div>\n\t<\/div>\n<\/div><\/div><\/div><\/div><\/div><\/div>\n<\/div>","protected":false},"excerpt":{"rendered":"Lorem ipsum dolor sit amet, probo dicat dolores has et. In mel hinc natum impetus, nec at malis tritani, eum quot voluptua eu. Ceteros neglegentur ad eum. His an graeco dolorum, voluptua imperdiet vix no. Vis ut mnesarchum consectetuer, vitae imperdiet est ea, ne lorem congue vel. Vis id aperiam convenire, at mel aperiri denique complectitur, enim rebum intellegam his ex. Eu atqui labitur pri, everti pertinax adversarium ea mea, iudico eligendi vel cu. [...]","protected":false},"author":2,"featured_media":0,"parent":1642,"menu_order":0,"comment_status":"closed","ping_status":"closed","template":"full-width.php","meta":{"footnotes":""},"class_list":["post-1782","page","type-page","status-publish","hentry"],"yoast_head":"<!-- This site is optimized with the Yoast SEO plugin v27.5 - https:\/\/yoast.com\/product\/yoast-seo-wordpress\/ -->\n<title>Highlights - Winnica Ksi\u0119\u017cycowa<\/title>\n<meta name=\"robots\" content=\"index, follow, max-snippet:-1, max-image-preview:large, max-video-preview:-1\" \/>\n<link rel=\"canonical\" href=\"https:\/\/winnicaksiezycowa.pl\/en\/elements\/highlights\/\" \/>\n<meta property=\"og:locale\" content=\"en_GB\" \/>\n<meta property=\"og:type\" content=\"article\" \/>\n<meta property=\"og:title\" content=\"Highlights - Winnica Ksi\u0119\u017cycowa\" \/>\n<meta property=\"og:url\" content=\"https:\/\/winnicaksiezycowa.pl\/en\/elements\/highlights\/\" \/>\n<meta property=\"og:site_name\" content=\"Winnica Ksi\u0119\u017cycowa\" \/>\n<meta property=\"article:publisher\" content=\"https:\/\/www.facebook.com\/winnicaksiezycowa\" \/>\n<meta name=\"twitter:card\" content=\"summary_large_image\" \/>\n<meta name=\"twitter:label1\" content=\"Estimated reading time\" \/>\n\t<meta name=\"twitter:data1\" content=\"3 minutes\" \/>\n<script type=\"application\/ld+json\" class=\"yoast-schema-graph\">{\"@context\":\"https:\\\/\\\/schema.org\",\"@graph\":[{\"@type\":\"WebPage\",\"@id\":\"https:\\\/\\\/winnicaksiezycowa.pl\\\/elements\\\/highlights\\\/\",\"url\":\"https:\\\/\\\/winnicaksiezycowa.pl\\\/elements\\\/highlights\\\/\",\"name\":\"Highlights - Winnica Ksi\u0119\u017cycowa\",\"isPartOf\":{\"@id\":\"https:\\\/\\\/winnicaksiezycowa.pl\\\/#website\"},\"datePublished\":\"2018-12-17T09:02:05+00:00\",\"breadcrumb\":{\"@id\":\"https:\\\/\\\/winnicaksiezycowa.pl\\\/elements\\\/highlights\\\/#breadcrumb\"},\"inLanguage\":\"en-GB\",\"potentialAction\":[{\"@type\":\"ReadAction\",\"target\":[\"https:\\\/\\\/winnicaksiezycowa.pl\\\/elements\\\/highlights\\\/\"]}]},{\"@type\":\"BreadcrumbList\",\"@id\":\"https:\\\/\\\/winnicaksiezycowa.pl\\\/elements\\\/highlights\\\/#breadcrumb\",\"itemListElement\":[{\"@type\":\"ListItem\",\"position\":1,\"name\":\"Strona g\u0142\u00f3wna\",\"item\":\"https:\\\/\\\/winnicaksiezycowa.pl\\\/\"},{\"@type\":\"ListItem\",\"position\":2,\"name\":\"Elements\",\"item\":\"https:\\\/\\\/winnicaksiezycowa.pl\\\/elements\\\/\"},{\"@type\":\"ListItem\",\"position\":3,\"name\":\"Highlights\"}]},{\"@type\":\"WebSite\",\"@id\":\"https:\\\/\\\/winnicaksiezycowa.pl\\\/#website\",\"url\":\"https:\\\/\\\/winnicaksiezycowa.pl\\\/\",\"name\":\"Winnica Ksi\u0119\u017cycowa\",\"description\":\"Miejsce, gdzie jako\u015b\u0107 spotyka pasj\u0119.\",\"publisher\":{\"@id\":\"https:\\\/\\\/winnicaksiezycowa.pl\\\/#organization\"},\"potentialAction\":[{\"@type\":\"SearchAction\",\"target\":{\"@type\":\"EntryPoint\",\"urlTemplate\":\"https:\\\/\\\/winnicaksiezycowa.pl\\\/?s={search_term_string}\"},\"query-input\":{\"@type\":\"PropertyValueSpecification\",\"valueRequired\":true,\"valueName\":\"search_term_string\"}}],\"inLanguage\":\"en-GB\"},{\"@type\":\"Organization\",\"@id\":\"https:\\\/\\\/winnicaksiezycowa.pl\\\/#organization\",\"name\":\"Winnica Ksi\u0119\u017cycowa\",\"url\":\"https:\\\/\\\/winnicaksiezycowa.pl\\\/\",\"logo\":{\"@type\":\"ImageObject\",\"inLanguage\":\"en-GB\",\"@id\":\"https:\\\/\\\/winnicaksiezycowa.pl\\\/#\\\/schema\\\/logo\\\/image\\\/\",\"url\":\"https:\\\/\\\/winnicaksiezycowa.pl\\\/wp-content\\\/uploads\\\/2024\\\/01\\\/poziom-final-normal-300x115-1.png\",\"contentUrl\":\"https:\\\/\\\/winnicaksiezycowa.pl\\\/wp-content\\\/uploads\\\/2024\\\/01\\\/poziom-final-normal-300x115-1.png\",\"width\":300,\"height\":115,\"caption\":\"Winnica Ksi\u0119\u017cycowa\"},\"image\":{\"@id\":\"https:\\\/\\\/winnicaksiezycowa.pl\\\/#\\\/schema\\\/logo\\\/image\\\/\"},\"sameAs\":[\"https:\\\/\\\/www.facebook.com\\\/winnicaksiezycowa\",\"https:\\\/\\\/www.instagram.com\\\/winnicaksiezycowa\\\/\"]}]}<\/script>\n<!-- \/ Yoast SEO plugin. -->","yoast_head_json":{"title":"Highlights - Winnica Ksi\u0119\u017cycowa","robots":{"index":"index","follow":"follow","max-snippet":"max-snippet:-1","max-image-preview":"max-image-preview:large","max-video-preview":"max-video-preview:-1"},"canonical":"https:\/\/winnicaksiezycowa.pl\/en\/elements\/highlights\/","og_locale":"en_GB","og_type":"article","og_title":"Highlights - Winnica Ksi\u0119\u017cycowa","og_url":"https:\/\/winnicaksiezycowa.pl\/en\/elements\/highlights\/","og_site_name":"Winnica Ksi\u0119\u017cycowa","article_publisher":"https:\/\/www.facebook.com\/winnicaksiezycowa","twitter_card":"summary_large_image","twitter_misc":{"Estimated reading time":"3 minutes"},"schema":{"@context":"https:\/\/schema.org","@graph":[{"@type":"WebPage","@id":"https:\/\/winnicaksiezycowa.pl\/elements\/highlights\/","url":"https:\/\/winnicaksiezycowa.pl\/elements\/highlights\/","name":"Highlights - Winnica Ksi\u0119\u017cycowa","isPartOf":{"@id":"https:\/\/winnicaksiezycowa.pl\/#website"},"datePublished":"2018-12-17T09:02:05+00:00","breadcrumb":{"@id":"https:\/\/winnicaksiezycowa.pl\/elements\/highlights\/#breadcrumb"},"inLanguage":"en-GB","potentialAction":[{"@type":"ReadAction","target":["https:\/\/winnicaksiezycowa.pl\/elements\/highlights\/"]}]},{"@type":"BreadcrumbList","@id":"https:\/\/winnicaksiezycowa.pl\/elements\/highlights\/#breadcrumb","itemListElement":[{"@type":"ListItem","position":1,"name":"Strona g\u0142\u00f3wna","item":"https:\/\/winnicaksiezycowa.pl\/"},{"@type":"ListItem","position":2,"name":"Elements","item":"https:\/\/winnicaksiezycowa.pl\/elements\/"},{"@type":"ListItem","position":3,"name":"Highlights"}]},{"@type":"WebSite","@id":"https:\/\/winnicaksiezycowa.pl\/#website","url":"https:\/\/winnicaksiezycowa.pl\/","name":"Moon Vineyard","description":"Miejsce, gdzie jako\u015b\u0107 spotyka pasj\u0119.","publisher":{"@id":"https:\/\/winnicaksiezycowa.pl\/#organization"},"potentialAction":[{"@type":"SearchAction","target":{"@type":"EntryPoint","urlTemplate":"https:\/\/winnicaksiezycowa.pl\/?s={search_term_string}"},"query-input":{"@type":"PropertyValueSpecification","valueRequired":true,"valueName":"search_term_string"}}],"inLanguage":"en-GB"},{"@type":"Organization","@id":"https:\/\/winnicaksiezycowa.pl\/#organization","name":"Moon Vineyard","url":"https:\/\/winnicaksiezycowa.pl\/","logo":{"@type":"ImageObject","inLanguage":"en-GB","@id":"https:\/\/winnicaksiezycowa.pl\/#\/schema\/logo\/image\/","url":"https:\/\/winnicaksiezycowa.pl\/wp-content\/uploads\/2024\/01\/poziom-final-normal-300x115-1.png","contentUrl":"https:\/\/winnicaksiezycowa.pl\/wp-content\/uploads\/2024\/01\/poziom-final-normal-300x115-1.png","width":300,"height":115,"caption":"Winnica Ksi\u0119\u017cycowa"},"image":{"@id":"https:\/\/winnicaksiezycowa.pl\/#\/schema\/logo\/image\/"},"sameAs":["https:\/\/www.facebook.com\/winnicaksiezycowa","https:\/\/www.instagram.com\/winnicaksiezycowa\/"]}]}},"jetpack_sharing_enabled":true,"_links":{"self":[{"href":"https:\/\/winnicaksiezycowa.pl\/en\/wp-json\/wp\/v2\/pages\/1782","targetHints":{"allow":["GET"]}}],"collection":[{"href":"https:\/\/winnicaksiezycowa.pl\/en\/wp-json\/wp\/v2\/pages"}],"about":[{"href":"https:\/\/winnicaksiezycowa.pl\/en\/wp-json\/wp\/v2\/types\/page"}],"author":[{"embeddable":true,"href":"https:\/\/winnicaksiezycowa.pl\/en\/wp-json\/wp\/v2\/users\/2"}],"replies":[{"embeddable":true,"href":"https:\/\/winnicaksiezycowa.pl\/en\/wp-json\/wp\/v2\/comments?post=1782"}],"version-history":[{"count":0,"href":"https:\/\/winnicaksiezycowa.pl\/en\/wp-json\/wp\/v2\/pages\/1782\/revisions"}],"up":[{"embeddable":true,"href":"https:\/\/winnicaksiezycowa.pl\/en\/wp-json\/wp\/v2\/pages\/1642"}],"wp:attachment":[{"href":"https:\/\/winnicaksiezycowa.pl\/en\/wp-json\/wp\/v2\/media?parent=1782"}],"curies":[{"name":"wp","href":"https:\/\/api.w.org\/{rel}","templated":true}]}}