{"id":1953,"date":"2018-12-17T11:26:07","date_gmt":"2018-12-17T11:26:07","guid":{"rendered":"https:\/\/thelma.qodeinteractive.com\/?page_id=1953"},"modified":"2018-12-17T11:26:07","modified_gmt":"2018-12-17T11:26:07","slug":"vertical-carousel","status":"publish","type":"page","link":"https:\/\/winnicaksiezycowa.pl\/en\/elements\/vertical-carousel\/","title":{"rendered":"Vertical Carousel"},"content":{"rendered":"<div class=\"wpb-content-wrapper\"><div class=\"vc_row wpb_row vc_row-fluid\" ><div class=\"wpb_column vc_column_container vc_col-sm-12\"><div class=\"vc_column-inner\"><div class=\"wpb_wrapper\"><div class=\"mkdf-vertical-carousel mkdf-vc-skin-light\">\n            <div class=\"mkdf-vc-images-holder mkdf-reveal-from-left\" >\n            <div class=\"mkdf-vc-images-slider\">\n                                                                            <div class=\"mkdf-vc-images-slider-item\"  data-index=\"1\">\n                                                        <div class=\"mkdf-vc-item-image\" style=\"background-image: url('https:\/\/winnicaksiezycowa.pl\/wp-content\/uploads\/2018\/11\/h2-split-img-1.jpg')\">\n                            <\/div>\n                        <\/div>\n                                                                                                    <div class=\"mkdf-vc-images-slider-item\"  data-index=\"2\">\n                                                        <div class=\"mkdf-vc-item-image\" style=\"background-image: url('https:\/\/winnicaksiezycowa.pl\/wp-content\/uploads\/2018\/12\/h2-split-img-2.jpg')\">\n                            <\/div>\n                        <\/div>\n                                                                                                    <div class=\"mkdf-vc-images-slider-item\"  data-index=\"3\">\n                                                        <div class=\"mkdf-vc-item-image\" style=\"background-image: url('https:\/\/winnicaksiezycowa.pl\/wp-content\/uploads\/2018\/12\/h2-split-img-3.jpg')\">\n                            <\/div>\n                        <\/div>\n                                                                                                    <div class=\"mkdf-vc-images-slider-item\"  data-index=\"4\">\n                                                        <div class=\"mkdf-vc-item-image\" style=\"background-image: url('https:\/\/winnicaksiezycowa.pl\/wp-content\/uploads\/2018\/12\/h2-split-img-4.jpg')\">\n                            <\/div>\n                        <\/div>\n                                                                    <\/div>\n        <\/div>\n\t\t<div class=\"mkdf-vc-content-holder mkdf-fade-in\">\n\t\t\t<div class=\"mkdf-vc-content\">\n\t\t\t\t<div class=\"mkdf-vc-content-tas\">\n\t\t\t\t\t\t\t\t\t\t\t<h6 class=\"mkdf-vc-subtitle\">wines<\/h6>\n\t\t\t\t\t\t\t\t\t\t\t\t\t\t\t\t<h2 itemprop=\"name\" class=\"mkdf-vc-title\">\n\t\t\t\t\t\t\tRed, White and Semisweet wines\t\t\t\t\t\t<\/h2>\n\t\t\t\t\t\t\t\t\t<\/div>\n\t\t        <div class=\"mkdf-vc-content-holder-inner\">\n\t\t\t        \t\t            \t\t                <div class=\"mkdf-vc-item-content\" data-index=\"1\">\n\t\t                    \t\t\t                    <p class=\"mkdf-vc-item-title\">Sauvignon Blanc<\/p>\n\t\t                    \t                        \t                            <p class=\"mkdf-vc-item-description\"> White wine<\/p>\n\t                        \t\t                <\/div>\n\t\t\t            \t\t            \t\t                <div class=\"mkdf-vc-item-content\" data-index=\"2\">\n\t\t                    \t\t\t                    <p class=\"mkdf-vc-item-title\">Pinot Noir<\/p>\n\t\t                    \t                        \t                            <p class=\"mkdf-vc-item-description\">Red wine<\/p>\n\t                        \t\t                <\/div>\n\t\t\t            \t\t            \t\t                <div class=\"mkdf-vc-item-content\" data-index=\"3\">\n\t\t                    \t\t\t                    <p class=\"mkdf-vc-item-title\">Lote Negro Argentina<\/p>\n\t\t                    \t                        \t                            <p class=\"mkdf-vc-item-description\">Malbec<\/p>\n\t                        \t\t                <\/div>\n\t\t\t            \t\t            \t\t                <div class=\"mkdf-vc-item-content\" data-index=\"4\">\n\t\t                    \t\t\t                    <p class=\"mkdf-vc-item-title\">Privada Family Blend<\/p>\n\t\t                    \t                        \t                            <p class=\"mkdf-vc-item-description\">Malbec - Merlot - Cabernet Sauvignon<\/p>\n\t                        \t\t                <\/div>\n\t\t\t            \t\t            \t\t        <\/div>\n\t\t\t<\/div>\n\t\t<\/div>\n    <\/div><\/div><\/div><\/div><\/div>\n<\/div>","protected":false},"excerpt":{"rendered":"wines Red, White and Semisweet wines Sauvignon Blanc White wine Pinot Noir Red wine Lote Negro Argentina Malbec Privada Family Blend Malbec - Merlot - Cabernet Sauvignon","protected":false},"author":2,"featured_media":0,"parent":1642,"menu_order":0,"comment_status":"closed","ping_status":"closed","template":"full-width.php","meta":{"footnotes":""},"class_list":["post-1953","page","type-page","status-publish","hentry"],"yoast_head":"<!-- This site is optimized with the Yoast SEO plugin v27.5 - https:\/\/yoast.com\/product\/yoast-seo-wordpress\/ -->\n<title>Vertical Carousel - Winnica Ksi\u0119\u017cycowa<\/title>\n<meta name=\"robots\" content=\"index, follow, max-snippet:-1, max-image-preview:large, max-video-preview:-1\" \/>\n<link rel=\"canonical\" href=\"https:\/\/winnicaksiezycowa.pl\/en\/elements\/vertical-carousel\/\" \/>\n<meta property=\"og:locale\" content=\"en_GB\" \/>\n<meta property=\"og:type\" content=\"article\" \/>\n<meta property=\"og:title\" content=\"Vertical Carousel - Winnica Ksi\u0119\u017cycowa\" \/>\n<meta property=\"og:url\" content=\"https:\/\/winnicaksiezycowa.pl\/en\/elements\/vertical-carousel\/\" \/>\n<meta property=\"og:site_name\" content=\"Winnica Ksi\u0119\u017cycowa\" \/>\n<meta property=\"article:publisher\" content=\"https:\/\/www.facebook.com\/winnicaksiezycowa\" \/>\n<meta name=\"twitter:card\" content=\"summary_large_image\" \/>\n<script type=\"application\/ld+json\" class=\"yoast-schema-graph\">{\"@context\":\"https:\\\/\\\/schema.org\",\"@graph\":[{\"@type\":\"WebPage\",\"@id\":\"https:\\\/\\\/winnicaksiezycowa.pl\\\/elements\\\/vertical-carousel\\\/\",\"url\":\"https:\\\/\\\/winnicaksiezycowa.pl\\\/elements\\\/vertical-carousel\\\/\",\"name\":\"Vertical Carousel - Winnica Ksi\u0119\u017cycowa\",\"isPartOf\":{\"@id\":\"https:\\\/\\\/winnicaksiezycowa.pl\\\/#website\"},\"datePublished\":\"2018-12-17T11:26:07+00:00\",\"breadcrumb\":{\"@id\":\"https:\\\/\\\/winnicaksiezycowa.pl\\\/elements\\\/vertical-carousel\\\/#breadcrumb\"},\"inLanguage\":\"en-GB\",\"potentialAction\":[{\"@type\":\"ReadAction\",\"target\":[\"https:\\\/\\\/winnicaksiezycowa.pl\\\/elements\\\/vertical-carousel\\\/\"]}]},{\"@type\":\"BreadcrumbList\",\"@id\":\"https:\\\/\\\/winnicaksiezycowa.pl\\\/elements\\\/vertical-carousel\\\/#breadcrumb\",\"itemListElement\":[{\"@type\":\"ListItem\",\"position\":1,\"name\":\"Strona g\u0142\u00f3wna\",\"item\":\"https:\\\/\\\/winnicaksiezycowa.pl\\\/\"},{\"@type\":\"ListItem\",\"position\":2,\"name\":\"Elements\",\"item\":\"https:\\\/\\\/winnicaksiezycowa.pl\\\/elements\\\/\"},{\"@type\":\"ListItem\",\"position\":3,\"name\":\"Vertical Carousel\"}]},{\"@type\":\"WebSite\",\"@id\":\"https:\\\/\\\/winnicaksiezycowa.pl\\\/#website\",\"url\":\"https:\\\/\\\/winnicaksiezycowa.pl\\\/\",\"name\":\"Winnica Ksi\u0119\u017cycowa\",\"description\":\"Miejsce, gdzie jako\u015b\u0107 spotyka pasj\u0119.\",\"publisher\":{\"@id\":\"https:\\\/\\\/winnicaksiezycowa.pl\\\/#organization\"},\"potentialAction\":[{\"@type\":\"SearchAction\",\"target\":{\"@type\":\"EntryPoint\",\"urlTemplate\":\"https:\\\/\\\/winnicaksiezycowa.pl\\\/?s={search_term_string}\"},\"query-input\":{\"@type\":\"PropertyValueSpecification\",\"valueRequired\":true,\"valueName\":\"search_term_string\"}}],\"inLanguage\":\"en-GB\"},{\"@type\":\"Organization\",\"@id\":\"https:\\\/\\\/winnicaksiezycowa.pl\\\/#organization\",\"name\":\"Winnica Ksi\u0119\u017cycowa\",\"url\":\"https:\\\/\\\/winnicaksiezycowa.pl\\\/\",\"logo\":{\"@type\":\"ImageObject\",\"inLanguage\":\"en-GB\",\"@id\":\"https:\\\/\\\/winnicaksiezycowa.pl\\\/#\\\/schema\\\/logo\\\/image\\\/\",\"url\":\"https:\\\/\\\/winnicaksiezycowa.pl\\\/wp-content\\\/uploads\\\/2024\\\/01\\\/poziom-final-normal-300x115-1.png\",\"contentUrl\":\"https:\\\/\\\/winnicaksiezycowa.pl\\\/wp-content\\\/uploads\\\/2024\\\/01\\\/poziom-final-normal-300x115-1.png\",\"width\":300,\"height\":115,\"caption\":\"Winnica Ksi\u0119\u017cycowa\"},\"image\":{\"@id\":\"https:\\\/\\\/winnicaksiezycowa.pl\\\/#\\\/schema\\\/logo\\\/image\\\/\"},\"sameAs\":[\"https:\\\/\\\/www.facebook.com\\\/winnicaksiezycowa\",\"https:\\\/\\\/www.instagram.com\\\/winnicaksiezycowa\\\/\"]}]}<\/script>\n<!-- \/ Yoast SEO plugin. -->","yoast_head_json":{"title":"Vertical Carousel - Winnica Ksi\u0119\u017cycowa","robots":{"index":"index","follow":"follow","max-snippet":"max-snippet:-1","max-image-preview":"max-image-preview:large","max-video-preview":"max-video-preview:-1"},"canonical":"https:\/\/winnicaksiezycowa.pl\/en\/elements\/vertical-carousel\/","og_locale":"en_GB","og_type":"article","og_title":"Vertical Carousel - Winnica Ksi\u0119\u017cycowa","og_url":"https:\/\/winnicaksiezycowa.pl\/en\/elements\/vertical-carousel\/","og_site_name":"Winnica Ksi\u0119\u017cycowa","article_publisher":"https:\/\/www.facebook.com\/winnicaksiezycowa","twitter_card":"summary_large_image","schema":{"@context":"https:\/\/schema.org","@graph":[{"@type":"WebPage","@id":"https:\/\/winnicaksiezycowa.pl\/elements\/vertical-carousel\/","url":"https:\/\/winnicaksiezycowa.pl\/elements\/vertical-carousel\/","name":"Vertical Carousel - Winnica Ksi\u0119\u017cycowa","isPartOf":{"@id":"https:\/\/winnicaksiezycowa.pl\/#website"},"datePublished":"2018-12-17T11:26:07+00:00","breadcrumb":{"@id":"https:\/\/winnicaksiezycowa.pl\/elements\/vertical-carousel\/#breadcrumb"},"inLanguage":"en-GB","potentialAction":[{"@type":"ReadAction","target":["https:\/\/winnicaksiezycowa.pl\/elements\/vertical-carousel\/"]}]},{"@type":"BreadcrumbList","@id":"https:\/\/winnicaksiezycowa.pl\/elements\/vertical-carousel\/#breadcrumb","itemListElement":[{"@type":"ListItem","position":1,"name":"Strona g\u0142\u00f3wna","item":"https:\/\/winnicaksiezycowa.pl\/"},{"@type":"ListItem","position":2,"name":"Elements","item":"https:\/\/winnicaksiezycowa.pl\/elements\/"},{"@type":"ListItem","position":3,"name":"Vertical Carousel"}]},{"@type":"WebSite","@id":"https:\/\/winnicaksiezycowa.pl\/#website","url":"https:\/\/winnicaksiezycowa.pl\/","name":"Moon Vineyard","description":"Miejsce, gdzie jako\u015b\u0107 spotyka pasj\u0119.","publisher":{"@id":"https:\/\/winnicaksiezycowa.pl\/#organization"},"potentialAction":[{"@type":"SearchAction","target":{"@type":"EntryPoint","urlTemplate":"https:\/\/winnicaksiezycowa.pl\/?s={search_term_string}"},"query-input":{"@type":"PropertyValueSpecification","valueRequired":true,"valueName":"search_term_string"}}],"inLanguage":"en-GB"},{"@type":"Organization","@id":"https:\/\/winnicaksiezycowa.pl\/#organization","name":"Moon Vineyard","url":"https:\/\/winnicaksiezycowa.pl\/","logo":{"@type":"ImageObject","inLanguage":"en-GB","@id":"https:\/\/winnicaksiezycowa.pl\/#\/schema\/logo\/image\/","url":"https:\/\/winnicaksiezycowa.pl\/wp-content\/uploads\/2024\/01\/poziom-final-normal-300x115-1.png","contentUrl":"https:\/\/winnicaksiezycowa.pl\/wp-content\/uploads\/2024\/01\/poziom-final-normal-300x115-1.png","width":300,"height":115,"caption":"Winnica Ksi\u0119\u017cycowa"},"image":{"@id":"https:\/\/winnicaksiezycowa.pl\/#\/schema\/logo\/image\/"},"sameAs":["https:\/\/www.facebook.com\/winnicaksiezycowa","https:\/\/www.instagram.com\/winnicaksiezycowa\/"]}]}},"jetpack_sharing_enabled":true,"_links":{"self":[{"href":"https:\/\/winnicaksiezycowa.pl\/en\/wp-json\/wp\/v2\/pages\/1953","targetHints":{"allow":["GET"]}}],"collection":[{"href":"https:\/\/winnicaksiezycowa.pl\/en\/wp-json\/wp\/v2\/pages"}],"about":[{"href":"https:\/\/winnicaksiezycowa.pl\/en\/wp-json\/wp\/v2\/types\/page"}],"author":[{"embeddable":true,"href":"https:\/\/winnicaksiezycowa.pl\/en\/wp-json\/wp\/v2\/users\/2"}],"replies":[{"embeddable":true,"href":"https:\/\/winnicaksiezycowa.pl\/en\/wp-json\/wp\/v2\/comments?post=1953"}],"version-history":[{"count":0,"href":"https:\/\/winnicaksiezycowa.pl\/en\/wp-json\/wp\/v2\/pages\/1953\/revisions"}],"up":[{"embeddable":true,"href":"https:\/\/winnicaksiezycowa.pl\/en\/wp-json\/wp\/v2\/pages\/1642"}],"wp:attachment":[{"href":"https:\/\/winnicaksiezycowa.pl\/en\/wp-json\/wp\/v2\/media?parent=1953"}],"curies":[{"name":"wp","href":"https:\/\/api.w.org\/{rel}","templated":true}]}}