{"id":1959,"date":"2018-12-17T11:33:50","date_gmt":"2018-12-17T11:33:50","guid":{"rendered":"https:\/\/thelma.qodeinteractive.com\/?page_id=1959"},"modified":"2018-12-17T11:33:50","modified_gmt":"2018-12-17T11:33:50","slug":"icon-with-text","status":"publish","type":"page","link":"https:\/\/winnicaksiezycowa.pl\/en\/elements\/icon-with-text\/","title":{"rendered":"Icon With Text"},"content":{"rendered":"<div class=\"wpb-content-wrapper\"><div class=\"mkdf-row-grid-section-wrapper mkdf-content-aligment-left\"  ><div class=\"mkdf-row-grid-section\"><div class=\"vc_row wpb_row vc_row-fluid vc_custom_1543491206396\" ><div class=\"wpb_column vc_column_container vc_col-sm-12 vc_col-lg-offset-2 vc_col-lg-8 vc_col-md-offset-1 vc_col-md-10 vc_col-sm-offset-0 vc_col-xs-12\"><div class=\"vc_column-inner\"><div class=\"wpb_wrapper\"><div class=\"vc_row wpb_row vc_inner vc_row-fluid mkdf-content-aligment-left\" ><div class=\"wpb_column vc_column_container vc_col-sm-4\"><div class=\"vc_column-inner\"><div class=\"wpb_wrapper\"><div class=\"mkdf-iwt clearfix  mkdf-iwt-icon-top mkdf-iwt-icon-medium\">\n\t<div class=\"mkdf-iwt-icon\">\n\t\t\t\t\t\t\t\t\t<img decoding=\"async\" width=\"36\" height=\"34\" src=\"https:\/\/winnicaksiezycowa.pl\/wp-content\/uploads\/2018\/11\/h1-img-2.png\" class=\"attachment-full size-full\" alt=\"a\" \/>\t\t\t\t\t\t<\/div>\n\t<div class=\"mkdf-iwt-content\" >\n\t\t\t\t\t<h6 class=\"mkdf-iwt-title\" >\n\t\t\t\t\t\t\t\t<span class=\"mkdf-iwt-title-text\">Geography<\/span>\n\t\t\t\t\t\t\t<\/h6>\n\t\t\t\t\t\t\t<p class=\"mkdf-iwt-text\" >\n\t\t\t\tAd labitur alienum quo, his an dicunt numquam maiorum, illum repudiare cu nam.\t\t\t<\/p>\n\t\t\t<\/div>\n<\/div><div class=\"vc_empty_space\"   style=\"height: 32px\"><span class=\"vc_empty_space_inner\"><\/span><\/div><\/div><\/div><\/div><div class=\"wpb_column vc_column_container vc_col-sm-4\"><div class=\"vc_column-inner\"><div class=\"wpb_wrapper\"><div class=\"mkdf-iwt clearfix  mkdf-iwt-icon-top mkdf-iwt-icon-medium\">\n\t<div class=\"mkdf-iwt-icon\">\n\t\t\t\t\t\t\t\t\t<img decoding=\"async\" width=\"35\" height=\"34\" src=\"https:\/\/winnicaksiezycowa.pl\/wp-content\/uploads\/2018\/11\/h1-img-3.png\" class=\"attachment-full size-full\" alt=\"s\" \/>\t\t\t\t\t\t<\/div>\n\t<div class=\"mkdf-iwt-content\" >\n\t\t\t\t\t<h6 class=\"mkdf-iwt-title\" >\n\t\t\t\t\t\t\t\t<span class=\"mkdf-iwt-title-text\">Climate<\/span>\n\t\t\t\t\t\t\t<\/h6>\n\t\t\t\t\t\t\t<p class=\"mkdf-iwt-text\" >\n\t\t\t\tAd labitur alienum quo, his an dicunt numquam maiorum, illum repudiare cu nam.\t\t\t<\/p>\n\t\t\t<\/div>\n<\/div><div class=\"vc_empty_space\"   style=\"height: 32px\"><span class=\"vc_empty_space_inner\"><\/span><\/div><\/div><\/div><\/div><div class=\"wpb_column vc_column_container vc_col-sm-4\"><div class=\"vc_column-inner\"><div class=\"wpb_wrapper\"><div class=\"mkdf-iwt clearfix  mkdf-iwt-icon-top mkdf-iwt-icon-medium\">\n\t<div class=\"mkdf-iwt-icon\">\n\t\t\t\t\t\t\t\t\t<img decoding=\"async\" width=\"38\" height=\"34\" src=\"https:\/\/winnicaksiezycowa.pl\/wp-content\/uploads\/2018\/11\/h1-img-4.png\" class=\"attachment-full size-full\" alt=\"s\" \/>\t\t\t\t\t\t<\/div>\n\t<div class=\"mkdf-iwt-content\" >\n\t\t\t\t\t<h6 class=\"mkdf-iwt-title\" >\n\t\t\t\t\t\t\t\t<span class=\"mkdf-iwt-title-text\">Soils<\/span>\n\t\t\t\t\t\t\t<\/h6>\n\t\t\t\t\t\t\t<p class=\"mkdf-iwt-text\" >\n\t\t\t\tAd labitur alienum quo, his an dicunt numquam maiorum, illum repudiare cu nam.\t\t\t<\/p>\n\t\t\t<\/div>\n<\/div><div class=\"vc_empty_space\"   style=\"height: 32px\"><span class=\"vc_empty_space_inner\"><\/span><\/div><\/div><\/div><\/div><\/div><\/div><\/div><\/div><\/div><\/div><\/div><div class=\"mkdf-row-grid-section-wrapper mkdf-content-aligment-left\"  ><div class=\"mkdf-row-grid-section\"><div class=\"vc_row wpb_row vc_row-fluid vc_custom_1545046756008\" ><div class=\"wpb_column vc_column_container vc_col-sm-12 vc_col-lg-offset-2 vc_col-lg-8 vc_col-md-offset-1 vc_col-md-10 vc_col-sm-offset-0 vc_col-xs-12\"><div class=\"vc_column-inner\"><div class=\"wpb_wrapper\"><div class=\"vc_row wpb_row vc_inner vc_row-fluid mkdf-content-aligment-left\" ><div class=\"wpb_column vc_column_container vc_col-sm-4\"><div class=\"vc_column-inner\"><div class=\"wpb_wrapper\"><div class=\"mkdf-iwt clearfix  mkdf-iwt-icon-top mkdf-iwt-icon-medium\">\n\t<div class=\"mkdf-iwt-icon\">\n\t\t\t\t\t\t\t\t\t<img loading=\"lazy\" decoding=\"async\" width=\"27\" height=\"35\" src=\"https:\/\/winnicaksiezycowa.pl\/wp-content\/uploads\/2018\/11\/h1-img-5.png\" class=\"attachment-full size-full\" alt=\"s\" \/>\t\t\t\t\t\t<\/div>\n\t<div class=\"mkdf-iwt-content\" >\n\t\t\t\t\t<h6 class=\"mkdf-iwt-title\" >\n\t\t\t\t\t\t\t\t<span class=\"mkdf-iwt-title-text\">Geography<\/span>\n\t\t\t\t\t\t\t<\/h6>\n\t\t\t\t\t\t\t<p class=\"mkdf-iwt-text\" >\n\t\t\t\tAd labitur alienum quo, his an dicunt numquam maiorum, illum repudiare cu nam.\t\t\t<\/p>\n\t\t\t<\/div>\n<\/div><div class=\"vc_empty_space\"   style=\"height: 32px\"><span class=\"vc_empty_space_inner\"><\/span><\/div><\/div><\/div><\/div><div class=\"wpb_column vc_column_container vc_col-sm-4\"><div class=\"vc_column-inner\"><div class=\"wpb_wrapper\"><div class=\"mkdf-iwt clearfix  mkdf-iwt-icon-top mkdf-iwt-icon-medium\">\n\t<div class=\"mkdf-iwt-icon\">\n\t\t\t\t\t\t\t\t\t<img loading=\"lazy\" decoding=\"async\" width=\"21\" height=\"35\" src=\"https:\/\/winnicaksiezycowa.pl\/wp-content\/uploads\/2018\/11\/h1-img-6.png\" class=\"attachment-full size-full\" alt=\"s\" \/>\t\t\t\t\t\t<\/div>\n\t<div class=\"mkdf-iwt-content\" >\n\t\t\t\t\t<h6 class=\"mkdf-iwt-title\" >\n\t\t\t\t\t\t\t\t<span class=\"mkdf-iwt-title-text\">Climate<\/span>\n\t\t\t\t\t\t\t<\/h6>\n\t\t\t\t\t\t\t<p class=\"mkdf-iwt-text\" >\n\t\t\t\tAd labitur alienum quo, his an dicunt numquam maiorum, illum repudiare cu nam.\t\t\t<\/p>\n\t\t\t<\/div>\n<\/div><div class=\"vc_empty_space\"   style=\"height: 32px\"><span class=\"vc_empty_space_inner\"><\/span><\/div><\/div><\/div><\/div><div class=\"wpb_column vc_column_container vc_col-sm-4\"><div class=\"vc_column-inner\"><div class=\"wpb_wrapper\"><div class=\"mkdf-iwt clearfix  mkdf-iwt-icon-top mkdf-iwt-icon-medium\">\n\t<div class=\"mkdf-iwt-icon\">\n\t\t\t\t\t\t\t\t\t<img loading=\"lazy\" decoding=\"async\" width=\"37\" height=\"35\" src=\"https:\/\/winnicaksiezycowa.pl\/wp-content\/uploads\/2018\/11\/h1-img-7.png\" class=\"attachment-full size-full\" alt=\"s\" \/>\t\t\t\t\t\t<\/div>\n\t<div class=\"mkdf-iwt-content\" >\n\t\t\t\t\t<h6 class=\"mkdf-iwt-title\" >\n\t\t\t\t\t\t\t\t<span class=\"mkdf-iwt-title-text\">Soils<\/span>\n\t\t\t\t\t\t\t<\/h6>\n\t\t\t\t\t\t\t<p class=\"mkdf-iwt-text\" >\n\t\t\t\tAd labitur alienum quo, his an dicunt numquam maiorum, illum repudiare cu nam.\t\t\t<\/p>\n\t\t\t<\/div>\n<\/div><div class=\"vc_empty_space\"   style=\"height: 32px\"><span class=\"vc_empty_space_inner\"><\/span><\/div><\/div><\/div><\/div><\/div><\/div><\/div><\/div><\/div><\/div><\/div><div class=\"mkdf-row-grid-section-wrapper mkdf-content-aligment-center\"  style=\"background-image: url(https:\/\/winnicaksiezycowa.pl\/wp-content\/uploads\/2018\/12\/h4-row-background-1.jpg)\"><div class=\"mkdf-row-grid-section\"><div class=\"vc_row wpb_row vc_row-fluid vc_custom_1545046938060\" ><div class=\"wpb_column vc_column_container vc_col-sm-12 vc_col-lg-offset-0 vc_col-lg-4 vc_col-md-offset-0 vc_col-md-4 vc_col-sm-offset-0 vc_col-xs-12\"><div class=\"vc_column-inner\"><div class=\"wpb_wrapper\"><div class=\"mkdf-iwt clearfix  mkdf-iwt-icon-top mkdf-iwt-icon-medium\">\n\t<div class=\"mkdf-iwt-icon\">\n\t\t\t\t\t\t\t\t\t<img loading=\"lazy\" decoding=\"async\" width=\"72\" height=\"70\" src=\"https:\/\/winnicaksiezycowa.pl\/wp-content\/uploads\/2018\/12\/wine-club-iwt-img-1.png\" class=\"attachment-full size-full\" alt=\"j\" \/>\t\t\t\t\t\t<\/div>\n\t<div class=\"mkdf-iwt-content\" >\n\t\t\t\t\t<h6 class=\"mkdf-iwt-title\" style=\"color: #ffffff\">\n\t\t\t\t\t\t\t\t<span class=\"mkdf-iwt-title-text\">Find a club<\/span>\n\t\t\t\t\t\t\t<\/h6>\n\t\t\t\t\t\t\t<p class=\"mkdf-iwt-text\" style=\"color: #ffffff\">\n\t\t\t\tUt nec vidit facer audire, an<br \/> qui delectus intelleg ebat. Aeque<br \/> sanctus nam.\t\t\t<\/p>\n\t\t\t<\/div>\n<\/div><div class=\"vc_empty_space\"   style=\"height: 32px\"><span class=\"vc_empty_space_inner\"><\/span><\/div><\/div><\/div><\/div><div class=\"wpb_column vc_column_container vc_col-sm-10 vc_col-lg-offset-0 vc_col-lg-4 vc_col-md-offset-0 vc_col-md-4 vc_col-sm-offset-1 vc_col-xs-12\"><div class=\"vc_column-inner\"><div class=\"wpb_wrapper\"><div class=\"mkdf-iwt clearfix  mkdf-iwt-icon-top mkdf-iwt-icon-medium\">\n\t<div class=\"mkdf-iwt-icon\">\n\t\t\t\t\t\t\t\t\t<img loading=\"lazy\" decoding=\"async\" width=\"73\" height=\"70\" src=\"https:\/\/winnicaksiezycowa.pl\/wp-content\/uploads\/2018\/12\/wine-club-iwt-img-2.png\" class=\"attachment-full size-full\" alt=\"s\" \/>\t\t\t\t\t\t<\/div>\n\t<div class=\"mkdf-iwt-content\" >\n\t\t\t\t\t<h6 class=\"mkdf-iwt-title\" style=\"color: #ffffff\">\n\t\t\t\t\t\t\t\t<span class=\"mkdf-iwt-title-text\">Find a club<\/span>\n\t\t\t\t\t\t\t<\/h6>\n\t\t\t\t\t\t\t<p class=\"mkdf-iwt-text\" style=\"color: #ffffff\">\n\t\t\t\tUt nec vidit facer audire, an<br \/> qui delectus intelleg ebat. Aeque<br \/> sanctus nam.\t\t\t<\/p>\n\t\t\t<\/div>\n<\/div><div class=\"vc_empty_space\"   style=\"height: 32px\"><span class=\"vc_empty_space_inner\"><\/span><\/div><\/div><\/div><\/div><div class=\"wpb_column vc_column_container vc_col-sm-10 vc_col-lg-offset-0 vc_col-lg-4 vc_col-md-offset-0 vc_col-md-4 vc_col-sm-offset-1 vc_col-xs-12\"><div class=\"vc_column-inner\"><div class=\"wpb_wrapper\"><div class=\"mkdf-iwt clearfix  mkdf-iwt-icon-top mkdf-iwt-icon-medium\">\n\t<div class=\"mkdf-iwt-icon\">\n\t\t\t\t\t\t\t\t\t<img loading=\"lazy\" decoding=\"async\" width=\"67\" height=\"70\" src=\"https:\/\/winnicaksiezycowa.pl\/wp-content\/uploads\/2018\/12\/wine-club-iwt-img-3.png\" class=\"attachment-full size-full\" alt=\"s\" \/>\t\t\t\t\t\t<\/div>\n\t<div class=\"mkdf-iwt-content\" >\n\t\t\t\t\t<h6 class=\"mkdf-iwt-title\" style=\"color: #ffffff\">\n\t\t\t\t\t\t\t\t<span class=\"mkdf-iwt-title-text\">Find a club<\/span>\n\t\t\t\t\t\t\t<\/h6>\n\t\t\t\t\t\t\t<p class=\"mkdf-iwt-text\" style=\"color: #ffffff\">\n\t\t\t\tUt nec vidit facer audire, an<br \/> qui delectus intelleg ebat. Aeque<br \/> sanctus nam.\t\t\t<\/p>\n\t\t\t<\/div>\n<\/div><div class=\"vc_empty_space\"   style=\"height: 32px\"><span class=\"vc_empty_space_inner\"><\/span><\/div><\/div><\/div><\/div><\/div><\/div><\/div>\n<\/div>","protected":false},"excerpt":{"rendered":"Geography Ad labitur alienum quo, his an dicunt numquam maiorum, illum repudiare cu nam. Climate Ad labitur alienum quo, his an dicunt numquam maiorum, illum repudiare cu nam. Soils Ad labitur alienum quo, his an dicunt numquam maiorum, illum repudiare cu nam. Geography Ad labitur alienum quo, his an dicunt numquam maiorum, illum repudiare cu nam. Climate Ad labitur alienum quo, his an dicunt numquam maiorum, illum repudiare cu nam. Soils Ad labitur alienum [...]","protected":false},"author":2,"featured_media":0,"parent":1642,"menu_order":0,"comment_status":"closed","ping_status":"closed","template":"full-width.php","meta":{"footnotes":""},"class_list":["post-1959","page","type-page","status-publish","hentry"],"yoast_head":"<!-- This site is optimized with the Yoast SEO plugin v27.5 - https:\/\/yoast.com\/product\/yoast-seo-wordpress\/ -->\n<title>Icon With Text - Winnica Ksi\u0119\u017cycowa<\/title>\n<meta name=\"robots\" content=\"index, follow, max-snippet:-1, max-image-preview:large, max-video-preview:-1\" \/>\n<link rel=\"canonical\" href=\"https:\/\/winnicaksiezycowa.pl\/en\/elements\/icon-with-text\/\" \/>\n<meta property=\"og:locale\" content=\"en_GB\" \/>\n<meta property=\"og:type\" content=\"article\" \/>\n<meta property=\"og:title\" content=\"Icon With Text - Winnica Ksi\u0119\u017cycowa\" \/>\n<meta property=\"og:url\" content=\"https:\/\/winnicaksiezycowa.pl\/en\/elements\/icon-with-text\/\" \/>\n<meta property=\"og:site_name\" content=\"Winnica Ksi\u0119\u017cycowa\" \/>\n<meta property=\"article:publisher\" content=\"https:\/\/www.facebook.com\/winnicaksiezycowa\" \/>\n<meta name=\"twitter:card\" content=\"summary_large_image\" \/>\n<meta name=\"twitter:label1\" content=\"Estimated reading time\" \/>\n\t<meta name=\"twitter:data1\" content=\"3 minutes\" \/>\n<script type=\"application\/ld+json\" class=\"yoast-schema-graph\">{\"@context\":\"https:\\\/\\\/schema.org\",\"@graph\":[{\"@type\":\"WebPage\",\"@id\":\"https:\\\/\\\/winnicaksiezycowa.pl\\\/elements\\\/icon-with-text\\\/\",\"url\":\"https:\\\/\\\/winnicaksiezycowa.pl\\\/elements\\\/icon-with-text\\\/\",\"name\":\"Icon With Text - Winnica Ksi\u0119\u017cycowa\",\"isPartOf\":{\"@id\":\"https:\\\/\\\/winnicaksiezycowa.pl\\\/#website\"},\"datePublished\":\"2018-12-17T11:33:50+00:00\",\"breadcrumb\":{\"@id\":\"https:\\\/\\\/winnicaksiezycowa.pl\\\/elements\\\/icon-with-text\\\/#breadcrumb\"},\"inLanguage\":\"en-GB\",\"potentialAction\":[{\"@type\":\"ReadAction\",\"target\":[\"https:\\\/\\\/winnicaksiezycowa.pl\\\/elements\\\/icon-with-text\\\/\"]}]},{\"@type\":\"BreadcrumbList\",\"@id\":\"https:\\\/\\\/winnicaksiezycowa.pl\\\/elements\\\/icon-with-text\\\/#breadcrumb\",\"itemListElement\":[{\"@type\":\"ListItem\",\"position\":1,\"name\":\"Strona g\u0142\u00f3wna\",\"item\":\"https:\\\/\\\/winnicaksiezycowa.pl\\\/\"},{\"@type\":\"ListItem\",\"position\":2,\"name\":\"Elements\",\"item\":\"https:\\\/\\\/winnicaksiezycowa.pl\\\/elements\\\/\"},{\"@type\":\"ListItem\",\"position\":3,\"name\":\"Icon With Text\"}]},{\"@type\":\"WebSite\",\"@id\":\"https:\\\/\\\/winnicaksiezycowa.pl\\\/#website\",\"url\":\"https:\\\/\\\/winnicaksiezycowa.pl\\\/\",\"name\":\"Winnica Ksi\u0119\u017cycowa\",\"description\":\"Miejsce, gdzie jako\u015b\u0107 spotyka pasj\u0119.\",\"publisher\":{\"@id\":\"https:\\\/\\\/winnicaksiezycowa.pl\\\/#organization\"},\"potentialAction\":[{\"@type\":\"SearchAction\",\"target\":{\"@type\":\"EntryPoint\",\"urlTemplate\":\"https:\\\/\\\/winnicaksiezycowa.pl\\\/?s={search_term_string}\"},\"query-input\":{\"@type\":\"PropertyValueSpecification\",\"valueRequired\":true,\"valueName\":\"search_term_string\"}}],\"inLanguage\":\"en-GB\"},{\"@type\":\"Organization\",\"@id\":\"https:\\\/\\\/winnicaksiezycowa.pl\\\/#organization\",\"name\":\"Winnica Ksi\u0119\u017cycowa\",\"url\":\"https:\\\/\\\/winnicaksiezycowa.pl\\\/\",\"logo\":{\"@type\":\"ImageObject\",\"inLanguage\":\"en-GB\",\"@id\":\"https:\\\/\\\/winnicaksiezycowa.pl\\\/#\\\/schema\\\/logo\\\/image\\\/\",\"url\":\"https:\\\/\\\/winnicaksiezycowa.pl\\\/wp-content\\\/uploads\\\/2024\\\/01\\\/poziom-final-normal-300x115-1.png\",\"contentUrl\":\"https:\\\/\\\/winnicaksiezycowa.pl\\\/wp-content\\\/uploads\\\/2024\\\/01\\\/poziom-final-normal-300x115-1.png\",\"width\":300,\"height\":115,\"caption\":\"Winnica Ksi\u0119\u017cycowa\"},\"image\":{\"@id\":\"https:\\\/\\\/winnicaksiezycowa.pl\\\/#\\\/schema\\\/logo\\\/image\\\/\"},\"sameAs\":[\"https:\\\/\\\/www.facebook.com\\\/winnicaksiezycowa\",\"https:\\\/\\\/www.instagram.com\\\/winnicaksiezycowa\\\/\"]}]}<\/script>\n<!-- \/ Yoast SEO plugin. -->","yoast_head_json":{"title":"Icon With Text - Winnica Ksi\u0119\u017cycowa","robots":{"index":"index","follow":"follow","max-snippet":"max-snippet:-1","max-image-preview":"max-image-preview:large","max-video-preview":"max-video-preview:-1"},"canonical":"https:\/\/winnicaksiezycowa.pl\/en\/elements\/icon-with-text\/","og_locale":"en_GB","og_type":"article","og_title":"Icon With Text - Winnica Ksi\u0119\u017cycowa","og_url":"https:\/\/winnicaksiezycowa.pl\/en\/elements\/icon-with-text\/","og_site_name":"Winnica Ksi\u0119\u017cycowa","article_publisher":"https:\/\/www.facebook.com\/winnicaksiezycowa","twitter_card":"summary_large_image","twitter_misc":{"Estimated reading time":"3 minutes"},"schema":{"@context":"https:\/\/schema.org","@graph":[{"@type":"WebPage","@id":"https:\/\/winnicaksiezycowa.pl\/elements\/icon-with-text\/","url":"https:\/\/winnicaksiezycowa.pl\/elements\/icon-with-text\/","name":"Icon With Text - Winnica Ksi\u0119\u017cycowa","isPartOf":{"@id":"https:\/\/winnicaksiezycowa.pl\/#website"},"datePublished":"2018-12-17T11:33:50+00:00","breadcrumb":{"@id":"https:\/\/winnicaksiezycowa.pl\/elements\/icon-with-text\/#breadcrumb"},"inLanguage":"en-GB","potentialAction":[{"@type":"ReadAction","target":["https:\/\/winnicaksiezycowa.pl\/elements\/icon-with-text\/"]}]},{"@type":"BreadcrumbList","@id":"https:\/\/winnicaksiezycowa.pl\/elements\/icon-with-text\/#breadcrumb","itemListElement":[{"@type":"ListItem","position":1,"name":"Strona g\u0142\u00f3wna","item":"https:\/\/winnicaksiezycowa.pl\/"},{"@type":"ListItem","position":2,"name":"Elements","item":"https:\/\/winnicaksiezycowa.pl\/elements\/"},{"@type":"ListItem","position":3,"name":"Icon With Text"}]},{"@type":"WebSite","@id":"https:\/\/winnicaksiezycowa.pl\/#website","url":"https:\/\/winnicaksiezycowa.pl\/","name":"Moon Vineyard","description":"Miejsce, gdzie jako\u015b\u0107 spotyka pasj\u0119.","publisher":{"@id":"https:\/\/winnicaksiezycowa.pl\/#organization"},"potentialAction":[{"@type":"SearchAction","target":{"@type":"EntryPoint","urlTemplate":"https:\/\/winnicaksiezycowa.pl\/?s={search_term_string}"},"query-input":{"@type":"PropertyValueSpecification","valueRequired":true,"valueName":"search_term_string"}}],"inLanguage":"en-GB"},{"@type":"Organization","@id":"https:\/\/winnicaksiezycowa.pl\/#organization","name":"Moon Vineyard","url":"https:\/\/winnicaksiezycowa.pl\/","logo":{"@type":"ImageObject","inLanguage":"en-GB","@id":"https:\/\/winnicaksiezycowa.pl\/#\/schema\/logo\/image\/","url":"https:\/\/winnicaksiezycowa.pl\/wp-content\/uploads\/2024\/01\/poziom-final-normal-300x115-1.png","contentUrl":"https:\/\/winnicaksiezycowa.pl\/wp-content\/uploads\/2024\/01\/poziom-final-normal-300x115-1.png","width":300,"height":115,"caption":"Winnica Ksi\u0119\u017cycowa"},"image":{"@id":"https:\/\/winnicaksiezycowa.pl\/#\/schema\/logo\/image\/"},"sameAs":["https:\/\/www.facebook.com\/winnicaksiezycowa","https:\/\/www.instagram.com\/winnicaksiezycowa\/"]}]}},"jetpack_sharing_enabled":true,"_links":{"self":[{"href":"https:\/\/winnicaksiezycowa.pl\/en\/wp-json\/wp\/v2\/pages\/1959","targetHints":{"allow":["GET"]}}],"collection":[{"href":"https:\/\/winnicaksiezycowa.pl\/en\/wp-json\/wp\/v2\/pages"}],"about":[{"href":"https:\/\/winnicaksiezycowa.pl\/en\/wp-json\/wp\/v2\/types\/page"}],"author":[{"embeddable":true,"href":"https:\/\/winnicaksiezycowa.pl\/en\/wp-json\/wp\/v2\/users\/2"}],"replies":[{"embeddable":true,"href":"https:\/\/winnicaksiezycowa.pl\/en\/wp-json\/wp\/v2\/comments?post=1959"}],"version-history":[{"count":0,"href":"https:\/\/winnicaksiezycowa.pl\/en\/wp-json\/wp\/v2\/pages\/1959\/revisions"}],"up":[{"embeddable":true,"href":"https:\/\/winnicaksiezycowa.pl\/en\/wp-json\/wp\/v2\/pages\/1642"}],"wp:attachment":[{"href":"https:\/\/winnicaksiezycowa.pl\/en\/wp-json\/wp\/v2\/media?parent=1959"}],"curies":[{"name":"wp","href":"https:\/\/api.w.org\/{rel}","templated":true}]}}