{"id":1995,"date":"2018-12-17T11:53:06","date_gmt":"2018-12-17T11:53:06","guid":{"rendered":"https:\/\/thelma.qodeinteractive.com\/?page_id=1995"},"modified":"2018-12-17T11:53:06","modified_gmt":"2018-12-17T11:53:06","slug":"team","status":"publish","type":"page","link":"https:\/\/winnicaksiezycowa.pl\/en\/elements\/team\/","title":{"rendered":"Team"},"content":{"rendered":"<div class=\"wpb-content-wrapper\"><div class=\"mkdf-row-grid-section-wrapper\"  ><div class=\"mkdf-row-grid-section\"><div class=\"vc_row wpb_row vc_row-fluid\" ><div class=\"wpb_column vc_column_container vc_col-sm-12 vc_col-lg-offset-1 vc_col-lg-10 vc_col-md-offset-1 vc_col-md-10 vc_col-sm-offset-0 vc_col-xs-12\"><div class=\"vc_column-inner\"><div class=\"wpb_wrapper\"><div class=\"mkdf-elements-holder   mkdf-three-columns  mkdf-responsive-mode-768\" ><div class=\"mkdf-eh-item\"  data-item-class=\"mkdf-eh-custom-2137\" data-1367-1600=\"100px 45% 37px 0%\" data-1025-1366=\"100px 36% 37px 0%\" data-769-1024=\"100px 10% 37px 0%\" data-681-768=\"100px 24% 37px\" data-680=\"50px 15% 0px\">\n\t<div class=\"mkdf-eh-item-inner\">\n\t\t<div class=\"mkdf-eh-item-content mkdf-eh-custom-2137\" style=\"padding: 100px 45% 37px 0%\">\n\t\t\t<div class=\"mkdf-team-holder mkdf-team-info-below-image mkdf-rounded-style\">\n\t<div class=\"mkdf-team-inner\">\n\t\t\t\t\t<div class=\"mkdf-team-image\">\n                <img fetchpriority=\"high\" decoding=\"async\" width=\"800\" height=\"800\" src=\"https:\/\/winnicaksiezycowa.pl\/wp-content\/uploads\/2018\/12\/our-winemakers-img-5.jpg\" class=\"attachment-full size-full\" alt=\"s\" srcset=\"https:\/\/winnicaksiezycowa.pl\/wp-content\/uploads\/2018\/12\/our-winemakers-img-5.jpg 800w, https:\/\/winnicaksiezycowa.pl\/wp-content\/uploads\/2018\/12\/our-winemakers-img-5-300x300.jpg 300w, https:\/\/winnicaksiezycowa.pl\/wp-content\/uploads\/2018\/12\/our-winemakers-img-5-100x100.jpg 100w, https:\/\/winnicaksiezycowa.pl\/wp-content\/uploads\/2018\/12\/our-winemakers-img-5-600x600.jpg 600w, https:\/\/winnicaksiezycowa.pl\/wp-content\/uploads\/2018\/12\/our-winemakers-img-5-150x150.jpg 150w, https:\/\/winnicaksiezycowa.pl\/wp-content\/uploads\/2018\/12\/our-winemakers-img-5-768x768.jpg 768w, https:\/\/winnicaksiezycowa.pl\/wp-content\/uploads\/2018\/12\/our-winemakers-img-5-650x650.jpg 650w\" sizes=\"(max-width: 800px) 100vw, 800px\" \/>\t\t\t\t\t\t\t\t\t\t\t\t\t<div class=\"mkdf-team-social-text-holder\">\n\t\t\t\t\t\t\t\t\t\t\t\t\t<a href=\"https:\/\/www.instagram.com\/qodeinteractive\/\" target=\"_blank\">IG<\/a>\n\t\t\t\t\t\t\t\t\t\t\t\t\t\t\t\t\t\t\t<a href=\"https:\/\/www.facebook.com\/QodeInteractive\/\" target=\"_blank\">FB<\/a>\n\t\t\t\t\t\t\t\t\t\t\t\t\t\t\t\t\t\t\t<a href=\"https:\/\/www.linkedin.com\/company\/qode-themes\/\" target=\"_blank\">LN<\/a>\n\t\t\t\t\t\t\t\t\t\t\t\t\t\t\t\t\t\t\t\t\t\t\t<\/div>\n\t\t\t\t\t\t\t<\/div>\n\t\t\t\t<div class=\"mkdf-team-info\">\n\t\t\t\t\t\t\t<h3 class=\"mkdf-team-name\" >Hans Green<\/h3>\n\t\t\t\t\t\t\t\t\t\t<span class=\"mkdf-team-position\" >Wine expert<\/span>\n\t\t\t\t\t\t\t\t<\/div>\n\t<\/div>\n<\/div>\t\t<\/div>\n\t<\/div>\n<\/div><div class=\"mkdf-eh-item\"  data-item-class=\"mkdf-eh-custom-4062\" data-1367-1600=\"100px 22.5% 37px\" data-1025-1366=\"100px 18% 37px\" data-769-1024=\"100px 5% 37px\" data-681-768=\"50px 24% 37px\" data-680=\"50px 15% 0px\">\n\t<div class=\"mkdf-eh-item-inner\">\n\t\t<div class=\"mkdf-eh-item-content mkdf-eh-custom-4062\" style=\"padding: 100px 22.5% 37px\">\n\t\t\t<div class=\"mkdf-team-holder mkdf-team-info-below-image mkdf-rounded-style\">\n\t<div class=\"mkdf-team-inner\">\n\t\t\t\t\t<div class=\"mkdf-team-image\">\n                <img decoding=\"async\" width=\"800\" height=\"800\" src=\"https:\/\/winnicaksiezycowa.pl\/wp-content\/uploads\/2018\/12\/team-2.jpg\" class=\"attachment-full size-full\" alt=\"h\" srcset=\"https:\/\/winnicaksiezycowa.pl\/wp-content\/uploads\/2018\/12\/team-2.jpg 800w, https:\/\/winnicaksiezycowa.pl\/wp-content\/uploads\/2018\/12\/team-2-300x300.jpg 300w, https:\/\/winnicaksiezycowa.pl\/wp-content\/uploads\/2018\/12\/team-2-100x100.jpg 100w, https:\/\/winnicaksiezycowa.pl\/wp-content\/uploads\/2018\/12\/team-2-600x600.jpg 600w, https:\/\/winnicaksiezycowa.pl\/wp-content\/uploads\/2018\/12\/team-2-150x150.jpg 150w, https:\/\/winnicaksiezycowa.pl\/wp-content\/uploads\/2018\/12\/team-2-768x768.jpg 768w, https:\/\/winnicaksiezycowa.pl\/wp-content\/uploads\/2018\/12\/team-2-650x650.jpg 650w\" sizes=\"(max-width: 800px) 100vw, 800px\" \/>\t\t\t\t\t\t\t\t\t\t\t\t\t<div class=\"mkdf-team-social-text-holder\">\n\t\t\t\t\t\t\t\t\t\t\t\t\t<a href=\"https:\/\/www.instagram.com\/qodeinteractive\/\" target=\"_blank\">IG<\/a>\n\t\t\t\t\t\t\t\t\t\t\t\t\t\t\t\t\t\t\t<a href=\"https:\/\/www.facebook.com\/QodeInteractive\/\" target=\"_blank\">FB<\/a>\n\t\t\t\t\t\t\t\t\t\t\t\t\t\t\t\t\t\t\t<a href=\"https:\/\/www.linkedin.com\/company\/qode-themes\/\" target=\"_blank\">LN<\/a>\n\t\t\t\t\t\t\t\t\t\t\t\t\t\t\t\t\t\t\t\t\t\t\t<\/div>\n\t\t\t\t\t\t\t<\/div>\n\t\t\t\t<div class=\"mkdf-team-info\">\n\t\t\t\t\t\t\t<h3 class=\"mkdf-team-name\" >Helena Robin<\/h3>\n\t\t\t\t\t\t\t\t\t\t<span class=\"mkdf-team-position\" >Lead designer<\/span>\n\t\t\t\t\t\t\t\t<\/div>\n\t<\/div>\n<\/div>\t\t<\/div>\n\t<\/div>\n<\/div><div class=\"mkdf-eh-item\"  data-item-class=\"mkdf-eh-custom-8922\" data-1367-1600=\"100px 0% 37px 45%\" data-1025-1366=\"100px 0% 37px 36%\" data-769-1024=\"100px 0% 37px 10%\" data-681-768=\"50px 24% 37px\" data-680=\"50px 15% 0px\">\n\t<div class=\"mkdf-eh-item-inner\">\n\t\t<div class=\"mkdf-eh-item-content mkdf-eh-custom-8922\" style=\"padding: 100px 0% 37px 45%\">\n\t\t\t<div class=\"mkdf-team-holder mkdf-team-info-below-image mkdf-rounded-style\">\n\t<div class=\"mkdf-team-inner\">\n\t\t\t\t\t<div class=\"mkdf-team-image\">\n                <img decoding=\"async\" width=\"800\" height=\"800\" src=\"https:\/\/winnicaksiezycowa.pl\/wp-content\/uploads\/2018\/12\/our-winemakers-img-6.jpg\" class=\"attachment-full size-full\" alt=\"s\" srcset=\"https:\/\/winnicaksiezycowa.pl\/wp-content\/uploads\/2018\/12\/our-winemakers-img-6.jpg 800w, https:\/\/winnicaksiezycowa.pl\/wp-content\/uploads\/2018\/12\/our-winemakers-img-6-300x300.jpg 300w, https:\/\/winnicaksiezycowa.pl\/wp-content\/uploads\/2018\/12\/our-winemakers-img-6-100x100.jpg 100w, https:\/\/winnicaksiezycowa.pl\/wp-content\/uploads\/2018\/12\/our-winemakers-img-6-600x600.jpg 600w, https:\/\/winnicaksiezycowa.pl\/wp-content\/uploads\/2018\/12\/our-winemakers-img-6-150x150.jpg 150w, https:\/\/winnicaksiezycowa.pl\/wp-content\/uploads\/2018\/12\/our-winemakers-img-6-768x768.jpg 768w, https:\/\/winnicaksiezycowa.pl\/wp-content\/uploads\/2018\/12\/our-winemakers-img-6-650x650.jpg 650w\" sizes=\"(max-width: 800px) 100vw, 800px\" \/>\t\t\t\t\t\t\t\t\t\t\t\t\t<div class=\"mkdf-team-social-text-holder\">\n\t\t\t\t\t\t\t\t\t\t\t\t\t<a href=\"https:\/\/www.instagram.com\/qodeinteractive\/\" target=\"_blank\">IG<\/a>\n\t\t\t\t\t\t\t\t\t\t\t\t\t\t\t\t\t\t\t<a href=\"https:\/\/www.facebook.com\/QodeInteractive\/\" target=\"_blank\">FB<\/a>\n\t\t\t\t\t\t\t\t\t\t\t\t\t\t\t\t\t\t\t<a href=\"https:\/\/www.linkedin.com\/company\/qode-themes\/\" target=\"_blank\">LN<\/a>\n\t\t\t\t\t\t\t\t\t\t\t\t\t\t\t\t\t\t\t\t\t\t\t<\/div>\n\t\t\t\t\t\t\t<\/div>\n\t\t\t\t<div class=\"mkdf-team-info\">\n\t\t\t\t\t\t\t<h3 class=\"mkdf-team-name\" >Roy Hopkins<\/h3>\n\t\t\t\t\t\t\t\t\t\t<span class=\"mkdf-team-position\" >Executive director<\/span>\n\t\t\t\t\t\t\t\t<\/div>\n\t<\/div>\n<\/div>\t\t<\/div>\n\t<\/div>\n<\/div><\/div><\/div><\/div><\/div><\/div><\/div><\/div><div class=\"mkdf-row-grid-section-wrapper\"  ><div class=\"mkdf-row-grid-section\"><div class=\"vc_row wpb_row vc_row-fluid vc_custom_1547712176053\" ><div class=\"wpb_column vc_column_container vc_col-sm-12 vc_col-lg-offset-1 vc_col-lg-10 vc_col-md-offset-1 vc_col-md-10 vc_col-sm-offset-0 vc_col-xs-12\"><div class=\"vc_column-inner\"><div class=\"wpb_wrapper\"><div class=\"mkdf-elements-holder   mkdf-three-columns  mkdf-responsive-mode-768\" ><div class=\"mkdf-eh-item\"  data-item-class=\"mkdf-eh-custom-1435\" data-1367-1600=\"42px 45% 37px 0%\" data-1025-1366=\"42px 36% 37px 0%\" data-769-1024=\"42px 10% 37px 0%\" data-681-768=\"50px 24% 37px\" data-680=\"50px 15% 0px\">\n\t<div class=\"mkdf-eh-item-inner\">\n\t\t<div class=\"mkdf-eh-item-content mkdf-eh-custom-1435\" style=\"padding: 42px 45% 37px 0%\">\n\t\t\t<div class=\"mkdf-team-holder mkdf-team-info-below-image mkdf-rounded-style\">\n\t<div class=\"mkdf-team-inner\">\n\t\t\t\t\t<div class=\"mkdf-team-image\">\n                <img loading=\"lazy\" decoding=\"async\" width=\"800\" height=\"800\" src=\"https:\/\/winnicaksiezycowa.pl\/wp-content\/uploads\/2018\/12\/our-winemakers-img-7.jpg\" class=\"attachment-full size-full\" alt=\"a\" srcset=\"https:\/\/winnicaksiezycowa.pl\/wp-content\/uploads\/2018\/12\/our-winemakers-img-7.jpg 800w, https:\/\/winnicaksiezycowa.pl\/wp-content\/uploads\/2018\/12\/our-winemakers-img-7-300x300.jpg 300w, https:\/\/winnicaksiezycowa.pl\/wp-content\/uploads\/2018\/12\/our-winemakers-img-7-100x100.jpg 100w, https:\/\/winnicaksiezycowa.pl\/wp-content\/uploads\/2018\/12\/our-winemakers-img-7-600x600.jpg 600w, https:\/\/winnicaksiezycowa.pl\/wp-content\/uploads\/2018\/12\/our-winemakers-img-7-150x150.jpg 150w, https:\/\/winnicaksiezycowa.pl\/wp-content\/uploads\/2018\/12\/our-winemakers-img-7-768x768.jpg 768w, https:\/\/winnicaksiezycowa.pl\/wp-content\/uploads\/2018\/12\/our-winemakers-img-7-650x650.jpg 650w\" sizes=\"(max-width: 800px) 100vw, 800px\" \/>\t\t\t\t\t\t\t\t\t\t\t\t\t<div class=\"mkdf-team-social-text-holder\">\n\t\t\t\t\t\t\t\t\t\t\t\t\t<a href=\"https:\/\/www.instagram.com\/mikadothemes\/\" target=\"_blank\">IG<\/a>\n\t\t\t\t\t\t\t\t\t\t\t\t\t\t\t\t\t\t\t<a href=\"https:\/\/www.facebook.com\/Mikado-Themes-884182241781117\" target=\"_blank\">FB<\/a>\n\t\t\t\t\t\t\t\t\t\t\t\t\t\t\t\t\t\t\t<a href=\"https:\/\/www.linkedin.com\" target=\"_blank\">LN<\/a>\n\t\t\t\t\t\t\t\t\t\t\t\t\t\t\t\t\t\t\t\t\t\t\t<\/div>\n\t\t\t\t\t\t\t<\/div>\n\t\t\t\t<div class=\"mkdf-team-info\">\n\t\t\t\t\t\t\t<h3 class=\"mkdf-team-name\" >Grace Flinn<\/h3>\n\t\t\t\t\t\t\t\t\t\t<span class=\"mkdf-team-position\" >Sommelier<\/span>\n\t\t\t\t\t\t\t\t<\/div>\n\t<\/div>\n<\/div>\t\t<\/div>\n\t<\/div>\n<\/div><div class=\"mkdf-eh-item\"  data-item-class=\"mkdf-eh-custom-6225\" data-1367-1600=\"42px 22.5% 37px 22.5%\" data-1025-1366=\"42px 18% 37px 18%\" data-769-1024=\"42px 5% 37px\" data-681-768=\"50px 24% 37px\" data-680=\"50px 15% 0px\">\n\t<div class=\"mkdf-eh-item-inner\">\n\t\t<div class=\"mkdf-eh-item-content mkdf-eh-custom-6225\" style=\"padding: 42px 22.5% 37px\">\n\t\t\t<div class=\"mkdf-team-holder mkdf-team-info-below-image mkdf-rounded-style\">\n\t<div class=\"mkdf-team-inner\">\n\t\t\t\t\t<div class=\"mkdf-team-image\">\n                <img loading=\"lazy\" decoding=\"async\" width=\"800\" height=\"800\" src=\"https:\/\/winnicaksiezycowa.pl\/wp-content\/uploads\/2018\/12\/our-winemakers-img-8.jpg\" class=\"attachment-full size-full\" alt=\"s\" srcset=\"https:\/\/winnicaksiezycowa.pl\/wp-content\/uploads\/2018\/12\/our-winemakers-img-8.jpg 800w, https:\/\/winnicaksiezycowa.pl\/wp-content\/uploads\/2018\/12\/our-winemakers-img-8-300x300.jpg 300w, https:\/\/winnicaksiezycowa.pl\/wp-content\/uploads\/2018\/12\/our-winemakers-img-8-100x100.jpg 100w, https:\/\/winnicaksiezycowa.pl\/wp-content\/uploads\/2018\/12\/our-winemakers-img-8-600x600.jpg 600w, https:\/\/winnicaksiezycowa.pl\/wp-content\/uploads\/2018\/12\/our-winemakers-img-8-150x150.jpg 150w, https:\/\/winnicaksiezycowa.pl\/wp-content\/uploads\/2018\/12\/our-winemakers-img-8-768x768.jpg 768w, https:\/\/winnicaksiezycowa.pl\/wp-content\/uploads\/2018\/12\/our-winemakers-img-8-650x650.jpg 650w\" sizes=\"(max-width: 800px) 100vw, 800px\" \/>\t\t\t\t\t\t\t\t\t\t\t\t\t<div class=\"mkdf-team-social-text-holder\">\n\t\t\t\t\t\t\t\t\t\t\t\t\t<a href=\"https:\/\/www.instagram.com\/qodeinteractive\/\" target=\"_blank\">IG<\/a>\n\t\t\t\t\t\t\t\t\t\t\t\t\t\t\t\t\t\t\t<a href=\"https:\/\/www.facebook.com\/QodeInteractive\/\" target=\"_blank\">FB<\/a>\n\t\t\t\t\t\t\t\t\t\t\t\t\t\t\t\t\t\t\t<a href=\"https:\/\/www.linkedin.com\/company\/qode-themes\/\" target=\"_blank\">LN<\/a>\n\t\t\t\t\t\t\t\t\t\t\t\t\t\t\t\t\t\t\t\t\t\t\t<\/div>\n\t\t\t\t\t\t\t<\/div>\n\t\t\t\t<div class=\"mkdf-team-info\">\n\t\t\t\t\t\t\t<h3 class=\"mkdf-team-name\" >Tom Hills<\/h3>\n\t\t\t\t\t\t\t\t\t\t<span class=\"mkdf-team-position\" >Wine expert<\/span>\n\t\t\t\t\t\t\t\t<\/div>\n\t<\/div>\n<\/div>\t\t<\/div>\n\t<\/div>\n<\/div><div class=\"mkdf-eh-item\"  data-item-class=\"mkdf-eh-custom-7475\" data-1367-1600=\"42px 0% 37px 45%\" data-1025-1366=\"42px 0% 37px 36%\" data-769-1024=\"42px 0% 37px 10%\" data-681-768=\"50px 24% 37px\" data-680=\"50px 15% 0px\">\n\t<div class=\"mkdf-eh-item-inner\">\n\t\t<div class=\"mkdf-eh-item-content mkdf-eh-custom-7475\" style=\"padding: 42px 0% 37px 45%\">\n\t\t\t<div class=\"mkdf-team-holder mkdf-team-info-below-image mkdf-rounded-style\">\n\t<div class=\"mkdf-team-inner\">\n\t\t\t\t\t<div class=\"mkdf-team-image\">\n                <img loading=\"lazy\" decoding=\"async\" width=\"800\" height=\"800\" src=\"https:\/\/winnicaksiezycowa.pl\/wp-content\/uploads\/2018\/12\/our-winemakers-img-9.jpg\" class=\"attachment-full size-full\" alt=\"s\" srcset=\"https:\/\/winnicaksiezycowa.pl\/wp-content\/uploads\/2018\/12\/our-winemakers-img-9.jpg 800w, https:\/\/winnicaksiezycowa.pl\/wp-content\/uploads\/2018\/12\/our-winemakers-img-9-300x300.jpg 300w, https:\/\/winnicaksiezycowa.pl\/wp-content\/uploads\/2018\/12\/our-winemakers-img-9-100x100.jpg 100w, https:\/\/winnicaksiezycowa.pl\/wp-content\/uploads\/2018\/12\/our-winemakers-img-9-600x600.jpg 600w, https:\/\/winnicaksiezycowa.pl\/wp-content\/uploads\/2018\/12\/our-winemakers-img-9-150x150.jpg 150w, https:\/\/winnicaksiezycowa.pl\/wp-content\/uploads\/2018\/12\/our-winemakers-img-9-768x768.jpg 768w, https:\/\/winnicaksiezycowa.pl\/wp-content\/uploads\/2018\/12\/our-winemakers-img-9-650x650.jpg 650w\" sizes=\"(max-width: 800px) 100vw, 800px\" \/>\t\t\t\t\t\t\t\t\t\t\t\t\t<div class=\"mkdf-team-social-text-holder\">\n\t\t\t\t\t\t\t\t\t\t\t\t\t<a href=\"https:\/\/www.instagram.com\/qodeinteractive\/\" target=\"_blank\">IG<\/a>\n\t\t\t\t\t\t\t\t\t\t\t\t\t\t\t\t\t\t\t<a href=\"https:\/\/www.facebook.com\/QodeInteractive\/\" target=\"_blank\">FB<\/a>\n\t\t\t\t\t\t\t\t\t\t\t\t\t\t\t\t\t\t\t<a href=\"https:\/\/www.linkedin.com\/company\/qode-themes\/\" target=\"_blank\">LN<\/a>\n\t\t\t\t\t\t\t\t\t\t\t\t\t\t\t\t\t\t\t\t\t\t\t<\/div>\n\t\t\t\t\t\t\t<\/div>\n\t\t\t\t<div class=\"mkdf-team-info\">\n\t\t\t\t\t\t\t<h3 class=\"mkdf-team-name\" >Jane Hubert<\/h3>\n\t\t\t\t\t\t\t\t\t\t<span class=\"mkdf-team-position\" >Marketing expert<\/span>\n\t\t\t\t\t\t\t\t<\/div>\n\t<\/div>\n<\/div>\t\t<\/div>\n\t<\/div>\n<\/div><\/div><\/div><\/div><\/div><\/div><\/div><\/div>\n<\/div>","protected":false},"excerpt":{"rendered":"IG FB LN Hans Green Wine expert IG FB LN Helena Robin Lead designer IG FB LN Roy Hopkins Executive director IG FB LN Grace Flinn Sommelier IG FB LN Tom Hills Wine expert IG FB LN Jane Hubert Marketing expert","protected":false},"author":2,"featured_media":0,"parent":1642,"menu_order":0,"comment_status":"closed","ping_status":"closed","template":"full-width.php","meta":{"footnotes":""},"class_list":["post-1995","page","type-page","status-publish","hentry"],"yoast_head":"<!-- This site is optimized with the Yoast SEO plugin v27.5 - https:\/\/yoast.com\/product\/yoast-seo-wordpress\/ -->\n<title>Team - Winnica Ksi\u0119\u017cycowa<\/title>\n<meta name=\"robots\" content=\"index, follow, max-snippet:-1, max-image-preview:large, max-video-preview:-1\" \/>\n<link rel=\"canonical\" href=\"https:\/\/winnicaksiezycowa.pl\/en\/elements\/team\/\" \/>\n<meta property=\"og:locale\" content=\"en_GB\" \/>\n<meta property=\"og:type\" content=\"article\" \/>\n<meta property=\"og:title\" content=\"Team - Winnica Ksi\u0119\u017cycowa\" \/>\n<meta property=\"og:url\" content=\"https:\/\/winnicaksiezycowa.pl\/en\/elements\/team\/\" \/>\n<meta property=\"og:site_name\" content=\"Winnica Ksi\u0119\u017cycowa\" \/>\n<meta property=\"article:publisher\" content=\"https:\/\/www.facebook.com\/winnicaksiezycowa\" \/>\n<meta name=\"twitter:card\" content=\"summary_large_image\" \/>\n<meta name=\"twitter:label1\" content=\"Estimated reading time\" \/>\n\t<meta name=\"twitter:data1\" content=\"3 minutes\" \/>\n<script type=\"application\/ld+json\" class=\"yoast-schema-graph\">{\"@context\":\"https:\\\/\\\/schema.org\",\"@graph\":[{\"@type\":\"WebPage\",\"@id\":\"https:\\\/\\\/winnicaksiezycowa.pl\\\/elements\\\/team\\\/\",\"url\":\"https:\\\/\\\/winnicaksiezycowa.pl\\\/elements\\\/team\\\/\",\"name\":\"Team - Winnica Ksi\u0119\u017cycowa\",\"isPartOf\":{\"@id\":\"https:\\\/\\\/winnicaksiezycowa.pl\\\/#website\"},\"datePublished\":\"2018-12-17T11:53:06+00:00\",\"breadcrumb\":{\"@id\":\"https:\\\/\\\/winnicaksiezycowa.pl\\\/elements\\\/team\\\/#breadcrumb\"},\"inLanguage\":\"en-GB\",\"potentialAction\":[{\"@type\":\"ReadAction\",\"target\":[\"https:\\\/\\\/winnicaksiezycowa.pl\\\/elements\\\/team\\\/\"]}]},{\"@type\":\"BreadcrumbList\",\"@id\":\"https:\\\/\\\/winnicaksiezycowa.pl\\\/elements\\\/team\\\/#breadcrumb\",\"itemListElement\":[{\"@type\":\"ListItem\",\"position\":1,\"name\":\"Strona g\u0142\u00f3wna\",\"item\":\"https:\\\/\\\/winnicaksiezycowa.pl\\\/\"},{\"@type\":\"ListItem\",\"position\":2,\"name\":\"Elements\",\"item\":\"https:\\\/\\\/winnicaksiezycowa.pl\\\/elements\\\/\"},{\"@type\":\"ListItem\",\"position\":3,\"name\":\"Team\"}]},{\"@type\":\"WebSite\",\"@id\":\"https:\\\/\\\/winnicaksiezycowa.pl\\\/#website\",\"url\":\"https:\\\/\\\/winnicaksiezycowa.pl\\\/\",\"name\":\"Winnica Ksi\u0119\u017cycowa\",\"description\":\"Miejsce, gdzie jako\u015b\u0107 spotyka pasj\u0119.\",\"publisher\":{\"@id\":\"https:\\\/\\\/winnicaksiezycowa.pl\\\/#organization\"},\"potentialAction\":[{\"@type\":\"SearchAction\",\"target\":{\"@type\":\"EntryPoint\",\"urlTemplate\":\"https:\\\/\\\/winnicaksiezycowa.pl\\\/?s={search_term_string}\"},\"query-input\":{\"@type\":\"PropertyValueSpecification\",\"valueRequired\":true,\"valueName\":\"search_term_string\"}}],\"inLanguage\":\"en-GB\"},{\"@type\":\"Organization\",\"@id\":\"https:\\\/\\\/winnicaksiezycowa.pl\\\/#organization\",\"name\":\"Winnica Ksi\u0119\u017cycowa\",\"url\":\"https:\\\/\\\/winnicaksiezycowa.pl\\\/\",\"logo\":{\"@type\":\"ImageObject\",\"inLanguage\":\"en-GB\",\"@id\":\"https:\\\/\\\/winnicaksiezycowa.pl\\\/#\\\/schema\\\/logo\\\/image\\\/\",\"url\":\"https:\\\/\\\/winnicaksiezycowa.pl\\\/wp-content\\\/uploads\\\/2024\\\/01\\\/poziom-final-normal-300x115-1.png\",\"contentUrl\":\"https:\\\/\\\/winnicaksiezycowa.pl\\\/wp-content\\\/uploads\\\/2024\\\/01\\\/poziom-final-normal-300x115-1.png\",\"width\":300,\"height\":115,\"caption\":\"Winnica Ksi\u0119\u017cycowa\"},\"image\":{\"@id\":\"https:\\\/\\\/winnicaksiezycowa.pl\\\/#\\\/schema\\\/logo\\\/image\\\/\"},\"sameAs\":[\"https:\\\/\\\/www.facebook.com\\\/winnicaksiezycowa\",\"https:\\\/\\\/www.instagram.com\\\/winnicaksiezycowa\\\/\"]}]}<\/script>\n<!-- \/ Yoast SEO plugin. -->","yoast_head_json":{"title":"Team - Winnica Ksi\u0119\u017cycowa","robots":{"index":"index","follow":"follow","max-snippet":"max-snippet:-1","max-image-preview":"max-image-preview:large","max-video-preview":"max-video-preview:-1"},"canonical":"https:\/\/winnicaksiezycowa.pl\/en\/elements\/team\/","og_locale":"en_GB","og_type":"article","og_title":"Team - Winnica Ksi\u0119\u017cycowa","og_url":"https:\/\/winnicaksiezycowa.pl\/en\/elements\/team\/","og_site_name":"Winnica Ksi\u0119\u017cycowa","article_publisher":"https:\/\/www.facebook.com\/winnicaksiezycowa","twitter_card":"summary_large_image","twitter_misc":{"Estimated reading time":"3 minutes"},"schema":{"@context":"https:\/\/schema.org","@graph":[{"@type":"WebPage","@id":"https:\/\/winnicaksiezycowa.pl\/elements\/team\/","url":"https:\/\/winnicaksiezycowa.pl\/elements\/team\/","name":"Team - Winnica Ksi\u0119\u017cycowa","isPartOf":{"@id":"https:\/\/winnicaksiezycowa.pl\/#website"},"datePublished":"2018-12-17T11:53:06+00:00","breadcrumb":{"@id":"https:\/\/winnicaksiezycowa.pl\/elements\/team\/#breadcrumb"},"inLanguage":"en-GB","potentialAction":[{"@type":"ReadAction","target":["https:\/\/winnicaksiezycowa.pl\/elements\/team\/"]}]},{"@type":"BreadcrumbList","@id":"https:\/\/winnicaksiezycowa.pl\/elements\/team\/#breadcrumb","itemListElement":[{"@type":"ListItem","position":1,"name":"Strona g\u0142\u00f3wna","item":"https:\/\/winnicaksiezycowa.pl\/"},{"@type":"ListItem","position":2,"name":"Elements","item":"https:\/\/winnicaksiezycowa.pl\/elements\/"},{"@type":"ListItem","position":3,"name":"Team"}]},{"@type":"WebSite","@id":"https:\/\/winnicaksiezycowa.pl\/#website","url":"https:\/\/winnicaksiezycowa.pl\/","name":"Moon Vineyard","description":"Miejsce, gdzie jako\u015b\u0107 spotyka pasj\u0119.","publisher":{"@id":"https:\/\/winnicaksiezycowa.pl\/#organization"},"potentialAction":[{"@type":"SearchAction","target":{"@type":"EntryPoint","urlTemplate":"https:\/\/winnicaksiezycowa.pl\/?s={search_term_string}"},"query-input":{"@type":"PropertyValueSpecification","valueRequired":true,"valueName":"search_term_string"}}],"inLanguage":"en-GB"},{"@type":"Organization","@id":"https:\/\/winnicaksiezycowa.pl\/#organization","name":"Moon Vineyard","url":"https:\/\/winnicaksiezycowa.pl\/","logo":{"@type":"ImageObject","inLanguage":"en-GB","@id":"https:\/\/winnicaksiezycowa.pl\/#\/schema\/logo\/image\/","url":"https:\/\/winnicaksiezycowa.pl\/wp-content\/uploads\/2024\/01\/poziom-final-normal-300x115-1.png","contentUrl":"https:\/\/winnicaksiezycowa.pl\/wp-content\/uploads\/2024\/01\/poziom-final-normal-300x115-1.png","width":300,"height":115,"caption":"Winnica Ksi\u0119\u017cycowa"},"image":{"@id":"https:\/\/winnicaksiezycowa.pl\/#\/schema\/logo\/image\/"},"sameAs":["https:\/\/www.facebook.com\/winnicaksiezycowa","https:\/\/www.instagram.com\/winnicaksiezycowa\/"]}]}},"jetpack_sharing_enabled":true,"_links":{"self":[{"href":"https:\/\/winnicaksiezycowa.pl\/en\/wp-json\/wp\/v2\/pages\/1995","targetHints":{"allow":["GET"]}}],"collection":[{"href":"https:\/\/winnicaksiezycowa.pl\/en\/wp-json\/wp\/v2\/pages"}],"about":[{"href":"https:\/\/winnicaksiezycowa.pl\/en\/wp-json\/wp\/v2\/types\/page"}],"author":[{"embeddable":true,"href":"https:\/\/winnicaksiezycowa.pl\/en\/wp-json\/wp\/v2\/users\/2"}],"replies":[{"embeddable":true,"href":"https:\/\/winnicaksiezycowa.pl\/en\/wp-json\/wp\/v2\/comments?post=1995"}],"version-history":[{"count":0,"href":"https:\/\/winnicaksiezycowa.pl\/en\/wp-json\/wp\/v2\/pages\/1995\/revisions"}],"up":[{"embeddable":true,"href":"https:\/\/winnicaksiezycowa.pl\/en\/wp-json\/wp\/v2\/pages\/1642"}],"wp:attachment":[{"href":"https:\/\/winnicaksiezycowa.pl\/en\/wp-json\/wp\/v2\/media?parent=1995"}],"curies":[{"name":"wp","href":"https:\/\/api.w.org\/{rel}","templated":true}]}}