{"id":4059,"date":"2024-01-28T21:13:32","date_gmt":"2024-01-28T20:13:32","guid":{"rendered":"http:\/\/winnicaksiezycowa.pl\/?page_id=4059"},"modified":"2024-02-03T00:36:59","modified_gmt":"2024-02-02T23:36:59","slug":"reklamacje-i-zwroty","status":"publish","type":"page","link":"https:\/\/winnicaksiezycowa.pl\/en\/reklamacje-i-zwroty\/","title":{"rendered":"Complaints &amp; Returns"},"content":{"rendered":"<h2><strong>Complaints &amp; Returns<\/strong><\/h2>\r\n<h4><strong>Complaint Procedure<\/strong><\/h4>\r\n<p>To process a complaint as described in Art. 7 of the <a href=\"https:\/\/winnicaksiezycowa.pl\/en\/regulamin\/\">Terms &amp; Conditions<\/a> , please follow these steps:<\/p>\r\n<p><strong>1. Complete the Complaint Form<\/strong><\/p>\r\n<p>Please fill out the Complaint Form and include it with the returned product.\nThe form should contain:\nYour full name,\nEmail address or mailing address,\nPhone number,\nProduct identification number,\nReason for the complaint,\nPurchase date and date the defect was discovered.<\/p>\r\n<p><a href=\"https:\/\/winnicaksiezycowa.pl\/wp-content\/uploads\/2024\/01\/Formularz-reklamacji-Winnica-Ksiezycowa-v20240128.pdf\" target=\"_blank\" rel=\"noopener\">COMPLAINT FORM<\/a><\/p>\r\n<p><strong>2. Return the Product<\/strong><\/p>\r\n<p>When submitting a complaint, please send the defective product along with all accessories and a copy of the proof of purchase (VAT invoice or receipt) to the following address:<\/p>\r\n<p>Moon Vineyard<br \/>Polomia 483a<br \/>38-115 Po\u0142omia, POLAND<\/p>\r\n<p>&nbsp;<\/p>\r\n<h4><strong>Return Procedure (Contract Withdrawal)<\/strong><\/h4>\r\n<p>To exercise the right of withdrawal as described in Art. 8 of the <a href=\"https:\/\/winnicaksiezycowa.pl\/en\/regulamin\/\">Terms &amp; Conditions<\/a> , please follow these steps:<\/p>\r\n<p><strong>1. Complete the Return Form<\/strong><\/p>\r\n<p>Within 14 days from the date of receiving the shipment, submit a statement of withdrawal (in person at our vineyard, via email, or by mail to the address below).\nYou may use the Return Form provided below.<\/p>\r\n<p><a href=\"https:\/\/winnicaksiezycowa.pl\/wp-content\/uploads\/2024\/01\/Formularz-odstapienia-Winnica-Ksiezycowa-v20240128.pdf\" target=\"_blank\" rel=\"noopener\">RETURN FORM<\/a><\/p>\r\n<p><strong>2. Return the Product<\/strong><\/p>\r\n<p>Please return the product at your own expense, including all accessories and a copy of the proof of purchase (VAT invoice or receipt), to the following address:<\/p>\r\n<p>Moon Vineyard<br \/>Polomia 483a<br \/>38-115 Po\u0142omia, POLAND<\/p>","protected":false},"excerpt":{"rendered":"<p>Reklamacje i Zwroty Procedura Reklamacji Aby zrealizowa\u0107 reklamacj\u0119 opisan\u0105 w art.7 Regulaminu prosimy post\u0119powa\u0107 wed\u0142ug nast\u0119puj\u0105cej instrukcji: 1. Wype\u0142nienie Formularza Reklamacji Prosimy o uzupe\u0142nienie formularza reklamacji, do\u0142\u0105czaj\u0105c go do przesy\u0142anego produktu. Formularz powinien zawiera\u0107: Twoje imi\u0119 i nazwisko, adres e-mail lub korespondencyjny, numer telefonu, numer identyfikacyjny produktu, przyczyn\u0119 reklamacji, dat\u0119 zakupu i wyst\u0105pienia wady. FORMULARZ REKLAMACJI 2. Zwrot Produktu Przy sk\u0142adaniu reklamacji, prosimy o odes\u0142anie wadliwego produktu wraz z kompletem akcesori\u00f3w i kopi\u0105 dowodu [&hellip;]<\/p>\n","protected":false},"author":2,"featured_media":0,"parent":0,"menu_order":0,"comment_status":"closed","ping_status":"closed","template":"","meta":{"footnotes":""},"class_list":["post-4059","page","type-page","status-publish","hentry"],"yoast_head":"<!-- This site is optimized with the Yoast SEO plugin v27.0 - https:\/\/yoast.com\/product\/yoast-seo-wordpress\/ -->\n<title>Reklamacje i Zwroty - Winnica Ksi\u0119\u017cycowa<\/title>\n<meta name=\"robots\" content=\"index, follow, max-snippet:-1, max-image-preview:large, max-video-preview:-1\" \/>\n<link rel=\"canonical\" href=\"https:\/\/winnicaksiezycowa.pl\/en\/reklamacje-i-zwroty\/\" \/>\n<meta property=\"og:locale\" content=\"en_GB\" \/>\n<meta property=\"og:type\" content=\"article\" \/>\n<meta property=\"og:title\" content=\"Reklamacje i Zwroty - Winnica Ksi\u0119\u017cycowa\" \/>\n<meta property=\"og:description\" content=\"Reklamacje i Zwroty Procedura Reklamacji Aby zrealizowa\u0107 reklamacj\u0119 opisan\u0105 w art.7 Regulaminu prosimy post\u0119powa\u0107 wed\u0142ug nast\u0119puj\u0105cej instrukcji: 1. Wype\u0142nienie Formularza Reklamacji Prosimy o uzupe\u0142nienie formularza reklamacji, do\u0142\u0105czaj\u0105c go do przesy\u0142anego produktu. Formularz powinien zawiera\u0107: Twoje imi\u0119 i nazwisko, adres e-mail lub korespondencyjny, numer telefonu, numer identyfikacyjny produktu, przyczyn\u0119 reklamacji, dat\u0119 zakupu i wyst\u0105pienia wady. FORMULARZ REKLAMACJI 2. Zwrot Produktu Przy sk\u0142adaniu reklamacji, prosimy o odes\u0142anie wadliwego produktu wraz z kompletem akcesori\u00f3w i kopi\u0105 dowodu [&hellip;]\" \/>\n<meta property=\"og:url\" content=\"https:\/\/winnicaksiezycowa.pl\/en\/reklamacje-i-zwroty\/\" \/>\n<meta property=\"og:site_name\" content=\"Winnica Ksi\u0119\u017cycowa\" \/>\n<meta property=\"article:publisher\" content=\"https:\/\/www.facebook.com\/winnicaksiezycowa\" \/>\n<meta property=\"article:modified_time\" content=\"2024-02-02T23:36:59+00:00\" \/>\n<meta name=\"twitter:card\" content=\"summary_large_image\" \/>\n<meta name=\"twitter:label1\" content=\"Estimated reading time\" \/>\n\t<meta name=\"twitter:data1\" content=\"1 minute\" \/>\n<script type=\"application\/ld+json\" class=\"yoast-schema-graph\">{\"@context\":\"https:\/\/schema.org\",\"@graph\":[{\"@type\":\"WebPage\",\"@id\":\"https:\/\/winnicaksiezycowa.pl\/reklamacje-i-zwroty\/\",\"url\":\"https:\/\/winnicaksiezycowa.pl\/reklamacje-i-zwroty\/\",\"name\":\"Reklamacje i Zwroty - Winnica Ksi\u0119\u017cycowa\",\"isPartOf\":{\"@id\":\"https:\/\/winnicaksiezycowa.pl\/#website\"},\"datePublished\":\"2024-01-28T20:13:32+00:00\",\"dateModified\":\"2024-02-02T23:36:59+00:00\",\"breadcrumb\":{\"@id\":\"https:\/\/winnicaksiezycowa.pl\/reklamacje-i-zwroty\/#breadcrumb\"},\"inLanguage\":\"en-GB\",\"potentialAction\":[{\"@type\":\"ReadAction\",\"target\":[\"https:\/\/winnicaksiezycowa.pl\/reklamacje-i-zwroty\/\"]}]},{\"@type\":\"BreadcrumbList\",\"@id\":\"https:\/\/winnicaksiezycowa.pl\/reklamacje-i-zwroty\/#breadcrumb\",\"itemListElement\":[{\"@type\":\"ListItem\",\"position\":1,\"name\":\"Strona g\u0142\u00f3wna\",\"item\":\"https:\/\/winnicaksiezycowa.pl\/\"},{\"@type\":\"ListItem\",\"position\":2,\"name\":\"Reklamacje i Zwroty\"}]},{\"@type\":\"WebSite\",\"@id\":\"https:\/\/winnicaksiezycowa.pl\/#website\",\"url\":\"https:\/\/winnicaksiezycowa.pl\/\",\"name\":\"Winnica Ksi\u0119\u017cycowa\",\"description\":\"Miejsce, gdzie jako\u015b\u0107 spotyka pasj\u0119.\",\"publisher\":{\"@id\":\"https:\/\/winnicaksiezycowa.pl\/#organization\"},\"potentialAction\":[{\"@type\":\"SearchAction\",\"target\":{\"@type\":\"EntryPoint\",\"urlTemplate\":\"https:\/\/winnicaksiezycowa.pl\/?s={search_term_string}\"},\"query-input\":{\"@type\":\"PropertyValueSpecification\",\"valueRequired\":true,\"valueName\":\"search_term_string\"}}],\"inLanguage\":\"en-GB\"},{\"@type\":\"Organization\",\"@id\":\"https:\/\/winnicaksiezycowa.pl\/#organization\",\"name\":\"Winnica Ksi\u0119\u017cycowa\",\"url\":\"https:\/\/winnicaksiezycowa.pl\/\",\"logo\":{\"@type\":\"ImageObject\",\"inLanguage\":\"en-GB\",\"@id\":\"https:\/\/winnicaksiezycowa.pl\/#\/schema\/logo\/image\/\",\"url\":\"https:\/\/winnicaksiezycowa.pl\/wp-content\/uploads\/2024\/01\/poziom-final-normal-300x115-1.png\",\"contentUrl\":\"https:\/\/winnicaksiezycowa.pl\/wp-content\/uploads\/2024\/01\/poziom-final-normal-300x115-1.png\",\"width\":300,\"height\":115,\"caption\":\"Winnica Ksi\u0119\u017cycowa\"},\"image\":{\"@id\":\"https:\/\/winnicaksiezycowa.pl\/#\/schema\/logo\/image\/\"},\"sameAs\":[\"https:\/\/www.facebook.com\/winnicaksiezycowa\",\"https:\/\/www.instagram.com\/winnicaksiezycowa\/\"]}]}<\/script>\n<!-- \/ Yoast SEO plugin. -->","yoast_head_json":{"title":"Reklamacje i Zwroty - Winnica Ksi\u0119\u017cycowa","robots":{"index":"index","follow":"follow","max-snippet":"max-snippet:-1","max-image-preview":"max-image-preview:large","max-video-preview":"max-video-preview:-1"},"canonical":"https:\/\/winnicaksiezycowa.pl\/en\/reklamacje-i-zwroty\/","og_locale":"en_GB","og_type":"article","og_title":"Reklamacje i Zwroty - Winnica Ksi\u0119\u017cycowa","og_description":"Reklamacje i Zwroty Procedura Reklamacji Aby zrealizowa\u0107 reklamacj\u0119 opisan\u0105 w art.7 Regulaminu prosimy post\u0119powa\u0107 wed\u0142ug nast\u0119puj\u0105cej instrukcji: 1. Wype\u0142nienie Formularza Reklamacji Prosimy o uzupe\u0142nienie formularza reklamacji, do\u0142\u0105czaj\u0105c go do przesy\u0142anego produktu. Formularz powinien zawiera\u0107: Twoje imi\u0119 i nazwisko, adres e-mail lub korespondencyjny, numer telefonu, numer identyfikacyjny produktu, przyczyn\u0119 reklamacji, dat\u0119 zakupu i wyst\u0105pienia wady. FORMULARZ REKLAMACJI 2. Zwrot Produktu Przy sk\u0142adaniu reklamacji, prosimy o odes\u0142anie wadliwego produktu wraz z kompletem akcesori\u00f3w i kopi\u0105 dowodu [&hellip;]","og_url":"https:\/\/winnicaksiezycowa.pl\/en\/reklamacje-i-zwroty\/","og_site_name":"Winnica Ksi\u0119\u017cycowa","article_publisher":"https:\/\/www.facebook.com\/winnicaksiezycowa","article_modified_time":"2024-02-02T23:36:59+00:00","twitter_card":"summary_large_image","twitter_misc":{"Estimated reading time":"1 minute"},"schema":{"@context":"https:\/\/schema.org","@graph":[{"@type":"WebPage","@id":"https:\/\/winnicaksiezycowa.pl\/reklamacje-i-zwroty\/","url":"https:\/\/winnicaksiezycowa.pl\/reklamacje-i-zwroty\/","name":"Reklamacje i Zwroty - Winnica Ksi\u0119\u017cycowa","isPartOf":{"@id":"https:\/\/winnicaksiezycowa.pl\/#website"},"datePublished":"2024-01-28T20:13:32+00:00","dateModified":"2024-02-02T23:36:59+00:00","breadcrumb":{"@id":"https:\/\/winnicaksiezycowa.pl\/reklamacje-i-zwroty\/#breadcrumb"},"inLanguage":"en-GB","potentialAction":[{"@type":"ReadAction","target":["https:\/\/winnicaksiezycowa.pl\/reklamacje-i-zwroty\/"]}]},{"@type":"BreadcrumbList","@id":"https:\/\/winnicaksiezycowa.pl\/reklamacje-i-zwroty\/#breadcrumb","itemListElement":[{"@type":"ListItem","position":1,"name":"Strona g\u0142\u00f3wna","item":"https:\/\/winnicaksiezycowa.pl\/"},{"@type":"ListItem","position":2,"name":"Reklamacje i Zwroty"}]},{"@type":"WebSite","@id":"https:\/\/winnicaksiezycowa.pl\/#website","url":"https:\/\/winnicaksiezycowa.pl\/","name":"Moon Vineyard","description":"Miejsce, gdzie jako\u015b\u0107 spotyka pasj\u0119.","publisher":{"@id":"https:\/\/winnicaksiezycowa.pl\/#organization"},"potentialAction":[{"@type":"SearchAction","target":{"@type":"EntryPoint","urlTemplate":"https:\/\/winnicaksiezycowa.pl\/?s={search_term_string}"},"query-input":{"@type":"PropertyValueSpecification","valueRequired":true,"valueName":"search_term_string"}}],"inLanguage":"en-GB"},{"@type":"Organization","@id":"https:\/\/winnicaksiezycowa.pl\/#organization","name":"Moon Vineyard","url":"https:\/\/winnicaksiezycowa.pl\/","logo":{"@type":"ImageObject","inLanguage":"en-GB","@id":"https:\/\/winnicaksiezycowa.pl\/#\/schema\/logo\/image\/","url":"https:\/\/winnicaksiezycowa.pl\/wp-content\/uploads\/2024\/01\/poziom-final-normal-300x115-1.png","contentUrl":"https:\/\/winnicaksiezycowa.pl\/wp-content\/uploads\/2024\/01\/poziom-final-normal-300x115-1.png","width":300,"height":115,"caption":"Winnica Ksi\u0119\u017cycowa"},"image":{"@id":"https:\/\/winnicaksiezycowa.pl\/#\/schema\/logo\/image\/"},"sameAs":["https:\/\/www.facebook.com\/winnicaksiezycowa","https:\/\/www.instagram.com\/winnicaksiezycowa\/"]}]}},"jetpack_sharing_enabled":true,"_links":{"self":[{"href":"https:\/\/winnicaksiezycowa.pl\/en\/wp-json\/wp\/v2\/pages\/4059","targetHints":{"allow":["GET"]}}],"collection":[{"href":"https:\/\/winnicaksiezycowa.pl\/en\/wp-json\/wp\/v2\/pages"}],"about":[{"href":"https:\/\/winnicaksiezycowa.pl\/en\/wp-json\/wp\/v2\/types\/page"}],"author":[{"embeddable":true,"href":"https:\/\/winnicaksiezycowa.pl\/en\/wp-json\/wp\/v2\/users\/2"}],"replies":[{"embeddable":true,"href":"https:\/\/winnicaksiezycowa.pl\/en\/wp-json\/wp\/v2\/comments?post=4059"}],"version-history":[{"count":3,"href":"https:\/\/winnicaksiezycowa.pl\/en\/wp-json\/wp\/v2\/pages\/4059\/revisions"}],"predecessor-version":[{"id":4442,"href":"https:\/\/winnicaksiezycowa.pl\/en\/wp-json\/wp\/v2\/pages\/4059\/revisions\/4442"}],"wp:attachment":[{"href":"https:\/\/winnicaksiezycowa.pl\/en\/wp-json\/wp\/v2\/media?parent=4059"}],"curies":[{"name":"wp","href":"https:\/\/api.w.org\/{rel}","templated":true}]}}