{"id":4444,"date":"2024-01-28T22:13:10","date_gmt":"2024-01-28T21:13:10","guid":{"rendered":"https:\/\/winnicaksiezycowa.pl\/?page_id=4444"},"modified":"2024-02-03T00:38:13","modified_gmt":"2024-02-02T23:38:13","slug":"warunki-pelnomocnictwa","status":"publish","type":"page","link":"https:\/\/winnicaksiezycowa.pl\/en\/warunki-pelnomocnictwa\/","title":{"rendered":"\"Power of Attorney Terms\""},"content":{"rendered":"<h2><strong>\"Power of Attorney Terms\"<\/strong><\/h2>\r\n<p><strong>\u00a0<\/strong><\/p>\r\n<h4>Art. 1 General Provisions<\/h4>\r\n<p>1. The Power of Attorney Terms apply when a sales agreement is concluded via the www.winnicaksiezycowa.pl store and executed through an Attorney-in-Fact.\nIn all other matters, the Website Terms &amp; Conditions apply.<\/p>\r\n<p>2. Definitions used in the Website Terms &amp; Conditions also apply to these Power of Attorney Terms. Additional definitions include:<\/p>\r\n<p>1) Website Terms &amp; Conditions \u2013 The terms and conditions available on the<a href=\"https:\/\/winnicaksiezycowa.pl\/en\/regulamin\/\">Website Terms &amp; Conditions<\/a>page;\u00a0<\/p>\r\n<p>2) Power of Attorney Terms \u2013 This document.<\/p>\r\n<p>3) Attorney-in-Fact \u2013 A person authorized by the Client to collect Goods from the Store on their behalf and deliver them to the address specified by the Client, and\/or to make payment for the Goods, under the conditions set forth in these Power of Attorney Terms.\nThe Attorney-in-Fact does not enter into a sales agreement in their own name but acts on behalf of and for the benefit of the Client within the scope specified in the power of attorney.<\/p>\r\n<p>&nbsp;<\/p>\r\n<h4>Art. 2 Power of Attorney<\/h4>\r\n<p>1. By using the services of the Attorney-in-Fact, the Client authorizes them to collect the Goods from the Store on their behalf and deliver them to the address specified by the Client, and\/or to make payment for the Goods on their behalf.<\/p>\r\n<p>2. Utilizing the services of the Attorney-in-Fact requires:<\/p>\r\n<p>1) Placing an Order via the Website and selecting delivery through an Attorney-in-Fact.<\/p>\r\n<p>2) During the ordering process, making the required declarations regarding the Website Terms &amp; Conditions, Power of Attorney Terms, and other related provisions.<\/p>\r\n<p>3) Providing the necessary information required to fulfill the Order.<\/p>\r\n<p>3. The Client grants the power of attorney to the Attorney-in-Fact selected during the ordering process when choosing the delivery option.\nThe Attorney-in-Fact may also be the Operator. In such a case, the Client expressly consents to the other party of the Sales Agreement (i.e., the Operator) acting as the Attorney-in-Fact.<\/p>\r\n<p>4. The Client pays the Attorney-in-Fact\u2019s fee, including delivery costs, along with the payment for the Order.<\/p>\r\n<p>5. For prepayment orders, the Client authorizes the Attorney-in-Fact to receive their fee, including delivery costs, from the Operator.<\/p>\r\n<p>&nbsp;<\/p>\r\n<h4>Art. 3 Additional Provisions<\/h4>\r\n<p>1. To confirm the Client's legal age, the Attorney-in-Fact is authorized to request an electronic scan or verification of an identity document.<\/p>\r\n<p>2. The Attorney-in-Fact will not deliver the Order to a person who appears to be intoxicated.\u00a0<\/p>\r\n<p>3. The Client has the right to withdraw from using the services of the Attorney-in-Fact without providing a reason until the Order is collected by the Attorney-in-Fact.<\/p>\r\n<p>4. The Operator informs the Client that if the service is provided before the withdrawal period expires, in accordance with the Consumer Rights Act, the right to withdraw may be lost.<\/p>\r\n<p>5. The right to withdraw from using the Attorney-in-Fact's services is exercised by submitting a withdrawal statement.\nThe statement must be sent to winnica@winnicaksiezycowa.pl or in another clear manner ensuring it reaches the Operator.<\/p>\r\n<p>6. If the Client withdraws from using the Attorney-in-Fact\u2019s services, the Order may only be collected from the Store, and the Client may choose a different Attorney-in-Fact.<\/p>\r\n<p>7. If the Client withdraws from using the Attorney-in-Fact\u2019s services before the Order is collected, they will receive a refund of the Attorney-in-Fact\u2019s fee.\nThe refund will be processed using the same payment method used in the original transaction unless the Client explicitly requests otherwise.<\/p>\r\n<p>8. For payments made via bank transfer or online payment, the Operator will release the Order to the Attorney-in-Fact only after the payment has been received.\nThe Attorney-in-Fact will then deliver the Order to the address specified in the Order.\u00a0<\/p>\r\n<p>&nbsp;<\/p>\r\n<h4>Art. 4 Final Provisions<\/h4>\r\n<p>1. In all matters not regulated by these Power of Attorney Terms, the Website Terms &amp; Conditions or applicable general legal provisions shall apply.<\/p>\r\n<p>2. If any provision of these Power of Attorney Terms is found to be invalid, this shall not affect the validity of the remaining provisions.<\/p>\r\n<p>&nbsp;<\/p>\r\n<h4>Appendix 1 \u2013 Power of Attorney Template<\/h4>\r\n<p>I declare that, as a Client of the Website, I grant power of attorney to the Attorney-in-Fact to collect my order.\nThis power of attorney is valid from the date of order placement until the order is fulfilled.<\/p>","protected":false},"excerpt":{"rendered":"<p>Warunki Pe\u0142nomocnictwa \u00a0 Art. 1 Postanowienia og\u00f3lne 1. Warunki Pe\u0142nomocnictwa maj\u0105 zastosowanie w razie zawarcia umowy sprzeda\u017cy w sklepie www.winnicaksiezycowa.pl i jej wykonania za po\u015brednictwem Pe\u0142nomocnika. W pozosta\u0142ym zakresie zastosowanie ma Regulamin. 2. Definicje stosowane w Regulaminie maj\u0105 zastosowanie w Warunkach Pe\u0142nomocnictwa. Dodatkowe definicje: 1) Regulamin \u2013 Regulamin zamieszczony na stronie \u201eRegulamin Serwisu\u201d;\u00a0 2) Warunki Pe\u0142nomocnictwa \u2013 niniejszy dokument; 3) Pe\u0142nomocnik &#8211; osoba, kt\u00f3rej Klient udzieli\u0142 pe\u0142nomocnictwa do odbioru w jego imieniu Towaru ze [&hellip;]<\/p>\n","protected":false},"author":2,"featured_media":0,"parent":0,"menu_order":0,"comment_status":"closed","ping_status":"closed","template":"","meta":{"footnotes":""},"class_list":["post-4444","page","type-page","status-publish","hentry"],"yoast_head":"<!-- This site is optimized with the Yoast SEO plugin v27.0 - https:\/\/yoast.com\/product\/yoast-seo-wordpress\/ -->\n<title>Warunki Pe\u0142nomocnictwa - Winnica Ksi\u0119\u017cycowa<\/title>\n<meta name=\"robots\" content=\"index, follow, max-snippet:-1, max-image-preview:large, max-video-preview:-1\" \/>\n<link rel=\"canonical\" href=\"https:\/\/winnicaksiezycowa.pl\/en\/warunki-pelnomocnictwa\/\" \/>\n<meta property=\"og:locale\" content=\"en_GB\" \/>\n<meta property=\"og:type\" content=\"article\" \/>\n<meta property=\"og:title\" content=\"Warunki Pe\u0142nomocnictwa - Winnica Ksi\u0119\u017cycowa\" \/>\n<meta property=\"og:description\" content=\"Warunki Pe\u0142nomocnictwa \u00a0 Art. 1 Postanowienia og\u00f3lne 1. Warunki Pe\u0142nomocnictwa maj\u0105 zastosowanie w razie zawarcia umowy sprzeda\u017cy w sklepie www.winnicaksiezycowa.pl i jej wykonania za po\u015brednictwem Pe\u0142nomocnika. W pozosta\u0142ym zakresie zastosowanie ma Regulamin. 2. Definicje stosowane w Regulaminie maj\u0105 zastosowanie w Warunkach Pe\u0142nomocnictwa. Dodatkowe definicje: 1) Regulamin \u2013 Regulamin zamieszczony na stronie \u201eRegulamin Serwisu\u201d;\u00a0 2) Warunki Pe\u0142nomocnictwa \u2013 niniejszy dokument; 3) Pe\u0142nomocnik &#8211; osoba, kt\u00f3rej Klient udzieli\u0142 pe\u0142nomocnictwa do odbioru w jego imieniu Towaru ze [&hellip;]\" \/>\n<meta property=\"og:url\" content=\"https:\/\/winnicaksiezycowa.pl\/en\/warunki-pelnomocnictwa\/\" \/>\n<meta property=\"og:site_name\" content=\"Winnica Ksi\u0119\u017cycowa\" \/>\n<meta property=\"article:publisher\" content=\"https:\/\/www.facebook.com\/winnicaksiezycowa\" \/>\n<meta property=\"article:modified_time\" content=\"2024-02-02T23:38:13+00:00\" \/>\n<meta name=\"twitter:card\" content=\"summary_large_image\" \/>\n<meta name=\"twitter:label1\" content=\"Estimated reading time\" \/>\n\t<meta name=\"twitter:data1\" content=\"3 minutes\" \/>\n<script type=\"application\/ld+json\" class=\"yoast-schema-graph\">{\"@context\":\"https:\/\/schema.org\",\"@graph\":[{\"@type\":\"WebPage\",\"@id\":\"https:\/\/winnicaksiezycowa.pl\/warunki-pelnomocnictwa\/\",\"url\":\"https:\/\/winnicaksiezycowa.pl\/warunki-pelnomocnictwa\/\",\"name\":\"Warunki Pe\u0142nomocnictwa - Winnica Ksi\u0119\u017cycowa\",\"isPartOf\":{\"@id\":\"https:\/\/winnicaksiezycowa.pl\/#website\"},\"datePublished\":\"2024-01-28T21:13:10+00:00\",\"dateModified\":\"2024-02-02T23:38:13+00:00\",\"breadcrumb\":{\"@id\":\"https:\/\/winnicaksiezycowa.pl\/warunki-pelnomocnictwa\/#breadcrumb\"},\"inLanguage\":\"en-GB\",\"potentialAction\":[{\"@type\":\"ReadAction\",\"target\":[\"https:\/\/winnicaksiezycowa.pl\/warunki-pelnomocnictwa\/\"]}]},{\"@type\":\"BreadcrumbList\",\"@id\":\"https:\/\/winnicaksiezycowa.pl\/warunki-pelnomocnictwa\/#breadcrumb\",\"itemListElement\":[{\"@type\":\"ListItem\",\"position\":1,\"name\":\"Strona g\u0142\u00f3wna\",\"item\":\"https:\/\/winnicaksiezycowa.pl\/\"},{\"@type\":\"ListItem\",\"position\":2,\"name\":\"Warunki Pe\u0142nomocnictwa\"}]},{\"@type\":\"WebSite\",\"@id\":\"https:\/\/winnicaksiezycowa.pl\/#website\",\"url\":\"https:\/\/winnicaksiezycowa.pl\/\",\"name\":\"Winnica Ksi\u0119\u017cycowa\",\"description\":\"Miejsce, gdzie jako\u015b\u0107 spotyka pasj\u0119.\",\"publisher\":{\"@id\":\"https:\/\/winnicaksiezycowa.pl\/#organization\"},\"potentialAction\":[{\"@type\":\"SearchAction\",\"target\":{\"@type\":\"EntryPoint\",\"urlTemplate\":\"https:\/\/winnicaksiezycowa.pl\/?s={search_term_string}\"},\"query-input\":{\"@type\":\"PropertyValueSpecification\",\"valueRequired\":true,\"valueName\":\"search_term_string\"}}],\"inLanguage\":\"en-GB\"},{\"@type\":\"Organization\",\"@id\":\"https:\/\/winnicaksiezycowa.pl\/#organization\",\"name\":\"Winnica Ksi\u0119\u017cycowa\",\"url\":\"https:\/\/winnicaksiezycowa.pl\/\",\"logo\":{\"@type\":\"ImageObject\",\"inLanguage\":\"en-GB\",\"@id\":\"https:\/\/winnicaksiezycowa.pl\/#\/schema\/logo\/image\/\",\"url\":\"https:\/\/winnicaksiezycowa.pl\/wp-content\/uploads\/2024\/01\/poziom-final-normal-300x115-1.png\",\"contentUrl\":\"https:\/\/winnicaksiezycowa.pl\/wp-content\/uploads\/2024\/01\/poziom-final-normal-300x115-1.png\",\"width\":300,\"height\":115,\"caption\":\"Winnica Ksi\u0119\u017cycowa\"},\"image\":{\"@id\":\"https:\/\/winnicaksiezycowa.pl\/#\/schema\/logo\/image\/\"},\"sameAs\":[\"https:\/\/www.facebook.com\/winnicaksiezycowa\",\"https:\/\/www.instagram.com\/winnicaksiezycowa\/\"]}]}<\/script>\n<!-- \/ Yoast SEO plugin. -->","yoast_head_json":{"title":"Warunki Pe\u0142nomocnictwa - Winnica Ksi\u0119\u017cycowa","robots":{"index":"index","follow":"follow","max-snippet":"max-snippet:-1","max-image-preview":"max-image-preview:large","max-video-preview":"max-video-preview:-1"},"canonical":"https:\/\/winnicaksiezycowa.pl\/en\/warunki-pelnomocnictwa\/","og_locale":"en_GB","og_type":"article","og_title":"Warunki Pe\u0142nomocnictwa - Winnica Ksi\u0119\u017cycowa","og_description":"Warunki Pe\u0142nomocnictwa \u00a0 Art. 1 Postanowienia og\u00f3lne 1. Warunki Pe\u0142nomocnictwa maj\u0105 zastosowanie w razie zawarcia umowy sprzeda\u017cy w sklepie www.winnicaksiezycowa.pl i jej wykonania za po\u015brednictwem Pe\u0142nomocnika. W pozosta\u0142ym zakresie zastosowanie ma Regulamin. 2. Definicje stosowane w Regulaminie maj\u0105 zastosowanie w Warunkach Pe\u0142nomocnictwa. Dodatkowe definicje: 1) Regulamin \u2013 Regulamin zamieszczony na stronie \u201eRegulamin Serwisu\u201d;\u00a0 2) Warunki Pe\u0142nomocnictwa \u2013 niniejszy dokument; 3) Pe\u0142nomocnik &#8211; osoba, kt\u00f3rej Klient udzieli\u0142 pe\u0142nomocnictwa do odbioru w jego imieniu Towaru ze [&hellip;]","og_url":"https:\/\/winnicaksiezycowa.pl\/en\/warunki-pelnomocnictwa\/","og_site_name":"Winnica Ksi\u0119\u017cycowa","article_publisher":"https:\/\/www.facebook.com\/winnicaksiezycowa","article_modified_time":"2024-02-02T23:38:13+00:00","twitter_card":"summary_large_image","twitter_misc":{"Estimated reading time":"3 minutes"},"schema":{"@context":"https:\/\/schema.org","@graph":[{"@type":"WebPage","@id":"https:\/\/winnicaksiezycowa.pl\/warunki-pelnomocnictwa\/","url":"https:\/\/winnicaksiezycowa.pl\/warunki-pelnomocnictwa\/","name":"Warunki Pe\u0142nomocnictwa - Winnica Ksi\u0119\u017cycowa","isPartOf":{"@id":"https:\/\/winnicaksiezycowa.pl\/#website"},"datePublished":"2024-01-28T21:13:10+00:00","dateModified":"2024-02-02T23:38:13+00:00","breadcrumb":{"@id":"https:\/\/winnicaksiezycowa.pl\/warunki-pelnomocnictwa\/#breadcrumb"},"inLanguage":"en-GB","potentialAction":[{"@type":"ReadAction","target":["https:\/\/winnicaksiezycowa.pl\/warunki-pelnomocnictwa\/"]}]},{"@type":"BreadcrumbList","@id":"https:\/\/winnicaksiezycowa.pl\/warunki-pelnomocnictwa\/#breadcrumb","itemListElement":[{"@type":"ListItem","position":1,"name":"Strona g\u0142\u00f3wna","item":"https:\/\/winnicaksiezycowa.pl\/"},{"@type":"ListItem","position":2,"name":"Warunki Pe\u0142nomocnictwa"}]},{"@type":"WebSite","@id":"https:\/\/winnicaksiezycowa.pl\/#website","url":"https:\/\/winnicaksiezycowa.pl\/","name":"Moon Vineyard","description":"Miejsce, gdzie jako\u015b\u0107 spotyka pasj\u0119.","publisher":{"@id":"https:\/\/winnicaksiezycowa.pl\/#organization"},"potentialAction":[{"@type":"SearchAction","target":{"@type":"EntryPoint","urlTemplate":"https:\/\/winnicaksiezycowa.pl\/?s={search_term_string}"},"query-input":{"@type":"PropertyValueSpecification","valueRequired":true,"valueName":"search_term_string"}}],"inLanguage":"en-GB"},{"@type":"Organization","@id":"https:\/\/winnicaksiezycowa.pl\/#organization","name":"Moon Vineyard","url":"https:\/\/winnicaksiezycowa.pl\/","logo":{"@type":"ImageObject","inLanguage":"en-GB","@id":"https:\/\/winnicaksiezycowa.pl\/#\/schema\/logo\/image\/","url":"https:\/\/winnicaksiezycowa.pl\/wp-content\/uploads\/2024\/01\/poziom-final-normal-300x115-1.png","contentUrl":"https:\/\/winnicaksiezycowa.pl\/wp-content\/uploads\/2024\/01\/poziom-final-normal-300x115-1.png","width":300,"height":115,"caption":"Winnica Ksi\u0119\u017cycowa"},"image":{"@id":"https:\/\/winnicaksiezycowa.pl\/#\/schema\/logo\/image\/"},"sameAs":["https:\/\/www.facebook.com\/winnicaksiezycowa","https:\/\/www.instagram.com\/winnicaksiezycowa\/"]}]}},"jetpack_sharing_enabled":true,"_links":{"self":[{"href":"https:\/\/winnicaksiezycowa.pl\/en\/wp-json\/wp\/v2\/pages\/4444","targetHints":{"allow":["GET"]}}],"collection":[{"href":"https:\/\/winnicaksiezycowa.pl\/en\/wp-json\/wp\/v2\/pages"}],"about":[{"href":"https:\/\/winnicaksiezycowa.pl\/en\/wp-json\/wp\/v2\/types\/page"}],"author":[{"embeddable":true,"href":"https:\/\/winnicaksiezycowa.pl\/en\/wp-json\/wp\/v2\/users\/2"}],"replies":[{"embeddable":true,"href":"https:\/\/winnicaksiezycowa.pl\/en\/wp-json\/wp\/v2\/comments?post=4444"}],"version-history":[{"count":3,"href":"https:\/\/winnicaksiezycowa.pl\/en\/wp-json\/wp\/v2\/pages\/4444\/revisions"}],"predecessor-version":[{"id":4481,"href":"https:\/\/winnicaksiezycowa.pl\/en\/wp-json\/wp\/v2\/pages\/4444\/revisions\/4481"}],"wp:attachment":[{"href":"https:\/\/winnicaksiezycowa.pl\/en\/wp-json\/wp\/v2\/media?parent=4444"}],"curies":[{"name":"wp","href":"https:\/\/api.w.org\/{rel}","templated":true}]}}