{"id":4837,"date":"2025-02-27T20:43:33","date_gmt":"2025-02-27T19:43:33","guid":{"rendered":"https:\/\/winnicaksiezycowa.pl\/?page_id=4837"},"modified":"2026-02-19T13:27:11","modified_gmt":"2026-02-19T12:27:11","slug":"prezenty-firmowe","status":"publish","type":"page","link":"https:\/\/winnicaksiezycowa.pl\/en\/prezenty-firmowe\/","title":{"rendered":"Corporate Gifts"},"content":{"rendered":"<div class=\"wpb-content-wrapper\"><div class=\"mkdf-row-grid-section-wrapper\"  ><div class=\"mkdf-row-grid-section\"><div class=\"vc_row wpb_row vc_row-fluid vc_custom_1740672146073\" ><div class=\"wpb_column vc_column_container vc_col-sm-12 vc_col-lg-offset-2 vc_col-lg-8 vc_col-md-offset-1 vc_col-md-10 vc_col-sm-offset-0 vc_col-xs-12\"><div class=\"vc_column-inner\"><div class=\"wpb_wrapper\"><div class=\"mkdf-section-title-holder  mkdf-st-standard mkdf-st-title-left mkdf-st-normal-space\" >\n\t<div class=\"mkdf-st-inner\">\n\t\t\t\t\t\t\t<h2 class=\"mkdf-st-title\" >\n\t\t\t\tGift a Taste of the Stars - Our Wines<br \/> as an Unforgettable Present.\t\t\t<\/h2>\n\t\t\t\t\t\t\t<h4 class=\"mkdf-st-text\" >\n\t\t\t\tImpress your clients and business partners with carefully curated gift sets that we can deliver directly on your behalf. This is a comprehensive service, so you don\u2019t have to worry about logistics \u2013 we take care of everything, from selecting the perfect products and elegant packaging to shipping them straight to the recipients.\t\t\t<\/h4>\n\t\t\t<\/div>\n<\/div><div class=\"mkdf-section-title-holder  mkdf-st-standard mkdf-st-title-left mkdf-st-normal-space\" >\n\t<div class=\"mkdf-st-inner\">\n\t\t\t\t\t\t\t\t\t<h4 class=\"mkdf-st-text\" >\n\t\t\t\tOur wines are a symbol of quality and sophistication, ensuring that your gift will be remembered for a long time. Each set is tailored individually, taking into account your budget and the occasion.\t\t\t<\/h4>\n\t\t\t<\/div>\n<\/div><\/div><\/div><\/div><\/div><\/div><\/div><div class=\"vc_row wpb_row vc_row-fluid\" ><div class=\"wpb_column vc_column_container vc_col-sm-12\"><div class=\"vc_column-inner\"><div class=\"wpb_wrapper\"><div class=\"mkdf-image-gallery  mkdf-ig-carousel-type mkdf-three-columns mkdf-no-space\">\n\t<div class=\"mkdf-ig-slider mkdf-owl-slider\" data-number-of-items=\"4\" data-enable-loop=\"yes\" data-enable-autoplay=\"yes\" data-slider-speed=\"5000\" data-slider-speed-animation=\"600\" data-slider-padding=\"no\" data-enable-navigation=\"yes\" data-enable-pagination=\"yes\">\n\t\t\t\t\t<div class=\"mkdf-ig-image\">\n\t\t\t\t\t\t\t\t\t<img fetchpriority=\"high\" decoding=\"async\" width=\"720\" height=\"720\" src=\"https:\/\/winnicaksiezycowa.pl\/wp-content\/uploads\/2025\/02\/prezenty-firmowe-5.jpg\" class=\"attachment-full size-full\" alt=\"Prezenty firmowe\" srcset=\"https:\/\/winnicaksiezycowa.pl\/wp-content\/uploads\/2025\/02\/prezenty-firmowe-5.jpg 720w, https:\/\/winnicaksiezycowa.pl\/wp-content\/uploads\/2025\/02\/prezenty-firmowe-5-300x300.jpg 300w, https:\/\/winnicaksiezycowa.pl\/wp-content\/uploads\/2025\/02\/prezenty-firmowe-5-150x150.jpg 150w, https:\/\/winnicaksiezycowa.pl\/wp-content\/uploads\/2025\/02\/prezenty-firmowe-5-650x650.jpg 650w, https:\/\/winnicaksiezycowa.pl\/wp-content\/uploads\/2025\/02\/prezenty-firmowe-5-600x600.jpg 600w, https:\/\/winnicaksiezycowa.pl\/wp-content\/uploads\/2025\/02\/prezenty-firmowe-5-100x100.jpg 100w\" sizes=\"(max-width: 720px) 100vw, 720px\" \/>\t\t\t\t\t\t\t<\/div>\n\t\t\t\t\t<div class=\"mkdf-ig-image\">\n\t\t\t\t\t\t\t\t\t<img decoding=\"async\" width=\"720\" height=\"720\" src=\"https:\/\/winnicaksiezycowa.pl\/wp-content\/uploads\/2025\/02\/prezenty-firmowe-2.jpg\" class=\"attachment-full size-full\" alt=\"\" srcset=\"https:\/\/winnicaksiezycowa.pl\/wp-content\/uploads\/2025\/02\/prezenty-firmowe-2.jpg 720w, https:\/\/winnicaksiezycowa.pl\/wp-content\/uploads\/2025\/02\/prezenty-firmowe-2-300x300.jpg 300w, https:\/\/winnicaksiezycowa.pl\/wp-content\/uploads\/2025\/02\/prezenty-firmowe-2-150x150.jpg 150w, https:\/\/winnicaksiezycowa.pl\/wp-content\/uploads\/2025\/02\/prezenty-firmowe-2-650x650.jpg 650w, https:\/\/winnicaksiezycowa.pl\/wp-content\/uploads\/2025\/02\/prezenty-firmowe-2-600x600.jpg 600w, https:\/\/winnicaksiezycowa.pl\/wp-content\/uploads\/2025\/02\/prezenty-firmowe-2-100x100.jpg 100w\" sizes=\"(max-width: 720px) 100vw, 720px\" \/>\t\t\t\t\t\t\t<\/div>\n\t\t\t\t\t<div class=\"mkdf-ig-image\">\n\t\t\t\t\t\t\t\t\t<img decoding=\"async\" width=\"720\" height=\"720\" src=\"https:\/\/winnicaksiezycowa.pl\/wp-content\/uploads\/2025\/02\/prezenty-firmowe-1.jpg\" class=\"attachment-full size-full\" alt=\"\" srcset=\"https:\/\/winnicaksiezycowa.pl\/wp-content\/uploads\/2025\/02\/prezenty-firmowe-1.jpg 720w, https:\/\/winnicaksiezycowa.pl\/wp-content\/uploads\/2025\/02\/prezenty-firmowe-1-300x300.jpg 300w, https:\/\/winnicaksiezycowa.pl\/wp-content\/uploads\/2025\/02\/prezenty-firmowe-1-150x150.jpg 150w, https:\/\/winnicaksiezycowa.pl\/wp-content\/uploads\/2025\/02\/prezenty-firmowe-1-650x650.jpg 650w, https:\/\/winnicaksiezycowa.pl\/wp-content\/uploads\/2025\/02\/prezenty-firmowe-1-600x600.jpg 600w, https:\/\/winnicaksiezycowa.pl\/wp-content\/uploads\/2025\/02\/prezenty-firmowe-1-100x100.jpg 100w\" sizes=\"(max-width: 720px) 100vw, 720px\" \/>\t\t\t\t\t\t\t<\/div>\n\t\t\t\t\t<div class=\"mkdf-ig-image\">\n\t\t\t\t\t\t\t\t\t<img loading=\"lazy\" decoding=\"async\" width=\"720\" height=\"720\" src=\"https:\/\/winnicaksiezycowa.pl\/wp-content\/uploads\/2026\/02\/prezenty-firmowe-8-1.jpeg\" class=\"attachment-full size-full\" alt=\"\" srcset=\"https:\/\/winnicaksiezycowa.pl\/wp-content\/uploads\/2026\/02\/prezenty-firmowe-8-1.jpeg 720w, https:\/\/winnicaksiezycowa.pl\/wp-content\/uploads\/2026\/02\/prezenty-firmowe-8-1-300x300.jpeg 300w, https:\/\/winnicaksiezycowa.pl\/wp-content\/uploads\/2026\/02\/prezenty-firmowe-8-1-150x150.jpeg 150w, https:\/\/winnicaksiezycowa.pl\/wp-content\/uploads\/2026\/02\/prezenty-firmowe-8-1-12x12.jpeg 12w, https:\/\/winnicaksiezycowa.pl\/wp-content\/uploads\/2026\/02\/prezenty-firmowe-8-1-650x650.jpeg 650w, https:\/\/winnicaksiezycowa.pl\/wp-content\/uploads\/2026\/02\/prezenty-firmowe-8-1-600x600.jpeg 600w, https:\/\/winnicaksiezycowa.pl\/wp-content\/uploads\/2026\/02\/prezenty-firmowe-8-1-100x100.jpeg 100w\" sizes=\"(max-width: 720px) 100vw, 720px\" \/>\t\t\t\t\t\t\t<\/div>\n\t\t\t\t\t<div class=\"mkdf-ig-image\">\n\t\t\t\t\t\t\t\t\t<img loading=\"lazy\" decoding=\"async\" width=\"720\" height=\"720\" src=\"https:\/\/winnicaksiezycowa.pl\/wp-content\/uploads\/2025\/02\/prezenty-firmowe-4.jpg\" class=\"attachment-full size-full\" alt=\"Zestawy prezentowe\" srcset=\"https:\/\/winnicaksiezycowa.pl\/wp-content\/uploads\/2025\/02\/prezenty-firmowe-4.jpg 720w, https:\/\/winnicaksiezycowa.pl\/wp-content\/uploads\/2025\/02\/prezenty-firmowe-4-300x300.jpg 300w, https:\/\/winnicaksiezycowa.pl\/wp-content\/uploads\/2025\/02\/prezenty-firmowe-4-150x150.jpg 150w, https:\/\/winnicaksiezycowa.pl\/wp-content\/uploads\/2025\/02\/prezenty-firmowe-4-650x650.jpg 650w, https:\/\/winnicaksiezycowa.pl\/wp-content\/uploads\/2025\/02\/prezenty-firmowe-4-600x600.jpg 600w, https:\/\/winnicaksiezycowa.pl\/wp-content\/uploads\/2025\/02\/prezenty-firmowe-4-100x100.jpg 100w\" sizes=\"(max-width: 720px) 100vw, 720px\" \/>\t\t\t\t\t\t\t<\/div>\n\t\t\t\t\t<div class=\"mkdf-ig-image\">\n\t\t\t\t\t\t\t\t\t<img loading=\"lazy\" decoding=\"async\" width=\"720\" height=\"720\" src=\"https:\/\/winnicaksiezycowa.pl\/wp-content\/uploads\/2026\/02\/prezenty-firmowe-7.jpeg\" class=\"attachment-full size-full\" alt=\"Zestawy prezentowe dla go\u015bci\" srcset=\"https:\/\/winnicaksiezycowa.pl\/wp-content\/uploads\/2026\/02\/prezenty-firmowe-7.jpeg 720w, https:\/\/winnicaksiezycowa.pl\/wp-content\/uploads\/2026\/02\/prezenty-firmowe-7-300x300.jpeg 300w, https:\/\/winnicaksiezycowa.pl\/wp-content\/uploads\/2026\/02\/prezenty-firmowe-7-150x150.jpeg 150w, https:\/\/winnicaksiezycowa.pl\/wp-content\/uploads\/2026\/02\/prezenty-firmowe-7-12x12.jpeg 12w, https:\/\/winnicaksiezycowa.pl\/wp-content\/uploads\/2026\/02\/prezenty-firmowe-7-650x650.jpeg 650w, https:\/\/winnicaksiezycowa.pl\/wp-content\/uploads\/2026\/02\/prezenty-firmowe-7-600x600.jpeg 600w, https:\/\/winnicaksiezycowa.pl\/wp-content\/uploads\/2026\/02\/prezenty-firmowe-7-100x100.jpeg 100w\" sizes=\"(max-width: 720px) 100vw, 720px\" \/>\t\t\t\t\t\t\t<\/div>\n\t\t\t\t\t<div class=\"mkdf-ig-image\">\n\t\t\t\t\t\t\t\t\t<img loading=\"lazy\" decoding=\"async\" width=\"720\" height=\"720\" src=\"https:\/\/winnicaksiezycowa.pl\/wp-content\/uploads\/2026\/02\/prezenty-firmowe-6.jpeg\" class=\"attachment-full size-full\" alt=\"\" srcset=\"https:\/\/winnicaksiezycowa.pl\/wp-content\/uploads\/2026\/02\/prezenty-firmowe-6.jpeg 720w, https:\/\/winnicaksiezycowa.pl\/wp-content\/uploads\/2026\/02\/prezenty-firmowe-6-300x300.jpeg 300w, https:\/\/winnicaksiezycowa.pl\/wp-content\/uploads\/2026\/02\/prezenty-firmowe-6-150x150.jpeg 150w, https:\/\/winnicaksiezycowa.pl\/wp-content\/uploads\/2026\/02\/prezenty-firmowe-6-12x12.jpeg 12w, https:\/\/winnicaksiezycowa.pl\/wp-content\/uploads\/2026\/02\/prezenty-firmowe-6-650x650.jpeg 650w, https:\/\/winnicaksiezycowa.pl\/wp-content\/uploads\/2026\/02\/prezenty-firmowe-6-600x600.jpeg 600w, https:\/\/winnicaksiezycowa.pl\/wp-content\/uploads\/2026\/02\/prezenty-firmowe-6-100x100.jpeg 100w\" sizes=\"(max-width: 720px) 100vw, 720px\" \/>\t\t\t\t\t\t\t<\/div>\n\t\t\t<\/div>\n<\/div><\/div><\/div><\/div><\/div><div class=\"mkdf-row-grid-section-wrapper\"  ><div class=\"mkdf-row-grid-section\"><div class=\"vc_row wpb_row vc_row-fluid vc_custom_1740673027109\" ><div class=\"wpb_column vc_column_container vc_col-sm-12 vc_col-lg-offset-2 vc_col-lg-8 vc_col-md-offset-1 vc_col-md-10 vc_col-sm-offset-0 vc_col-xs-12\"><div class=\"vc_column-inner\"><div class=\"wpb_wrapper\">\n\t<div class=\"wpb_text_column wpb_content_element\" >\n\t\t<div class=\"wpb_wrapper\">\n\t\t\t<h2>What do we offer?<\/h2>\n<p>&nbsp;<\/p>\n<p>\u2714 <strong data-start=\"664\" data-end=\"686\">Gift sets<\/strong> featuring our most popular wines, customised to your needs.<br data-start=\"755\" data-end=\"758\" \/>\u2714 <strong data-start=\"760\" data-end=\"807\">Include a personalised message or corporate branding<\/strong> as an option.<br data-start=\"830\" data-end=\"833\" \/>\u2714 <strong data-start=\"901\" data-end=\"939\">Individually composed sets<\/strong> based on your budget and expectations.<br \/>\n\u2714 <strong data-start=\"981\" data-end=\"1021\">Direct shipping on your behalf<\/strong> \u2013 we ensure timely delivery of every gift.<br data-start=\"1069\" data-end=\"1072\" \/>\u2714 <strong data-start=\"1074\" data-end=\"1114\">Collaboration with local suppliers<\/strong> of gourmet food, cosmetics, and handcrafted goods.<br \/>\n\u2714 <strong data-start=\"525\" data-end=\"627\">Flexibility for unique ideas <\/strong>\u2013 if you have a special vision for a gift, we\u2019re happy to bring it to life!<\/p>\n\n\t\t<\/div>\n\t<\/div>\n<\/div><\/div><\/div><\/div><\/div><\/div><div data-parallax-bg-image=\"https:\/\/winnicaksiezycowa.pl\/wp-content\/uploads\/2023\/03\/1671571507640-\u2014-kopia-scaled.jpg\" data-parallax-bg-speed=\"1\" class=\"vc_row wpb_row vc_row-fluid mkdf-parallax-row-holder mkdf-content-aligment-center\" style=\"background-image: url()\"><div class=\"wpb_column vc_column_container vc_col-sm-12 vc_col-lg-offset-2 vc_col-lg-8 vc_col-md-offset-1 vc_col-md-10 vc_col-sm-offset-0 vc_col-xs-12\"><div class=\"vc_column-inner\"><div class=\"wpb_wrapper\"><div class=\"mkdf-elements-holder   mkdf-one-column  mkdf-responsive-mode-768\" ><div class=\"mkdf-eh-item\"  data-item-class=\"mkdf-eh-custom-8202\">\n\t<div class=\"mkdf-eh-item-inner\">\n\t\t<div class=\"mkdf-eh-item-content mkdf-eh-custom-8202\" style=\"padding: 118px 0px 166px 0px\">\n\t\t\t\n\t<div class=\"wpb_text_column wpb_content_element vc_custom_1740685341622\" >\n\t\t<div class=\"wpb_wrapper\">\n\t\t\t<h1 style=\"text-align: center;\">Order an exclusive gift set and treat your business partners to an unforgettable experience \u2013 in true Moon Vineyard style!<\/h1>\n\n\t\t<\/div>\n\t<\/div>\n<div class=\"vc_empty_space\"   style=\"height: 37px\"><span class=\"vc_empty_space_inner\"><\/span><\/div><a itemprop=\"url\" href=\"\/en\/kontakt\/\" target=\"_self\"  class=\"mkdf-btn mkdf-btn-medium mkdf-btn-solid\"  >\n    <span class=\"mkdf-btn-text\">Contact us<\/span>\n    <\/a>\t\t<\/div>\n\t<\/div>\n<\/div><\/div><\/div><\/div><\/div><\/div>\n<\/div>","protected":false},"excerpt":{"rendered":"Podaruj gwiazdki z nieba \u2013 nasze wina jako niezapomniany upominek. Zachwy\u0107 swoich klient\u00f3w i partner\u00f3w biznesowych starannie dobranymi zestawami prezentowymi, kt\u00f3re dostarczymy bezpo\u015brednio w Twoim imieniu. To kompleksowa us\u0142uga, dzi\u0119ki kt\u00f3rej nie musisz martwi\u0107 si\u0119 o logistyk\u0119 \u2013 my zajmiemy si\u0119 wszystkim, od starannego doboru produkt\u00f3w, przez eleganckie pakowanie, a\u017c po wysy\u0142k\u0119 prosto do adresat\u00f3w. Nasze wina to synonim jako\u015bci i klasy, kt\u00f3re na d\u0142ugo zapadn\u0105 w pami\u0119\u0107 obdarowanych. Ka\u017cdy zestaw jest tworzony indywidualnie, [...]","protected":false},"author":2,"featured_media":0,"parent":0,"menu_order":0,"comment_status":"closed","ping_status":"closed","template":"full-width.php","meta":{"footnotes":""},"class_list":["post-4837","page","type-page","status-publish","hentry"],"yoast_head":"<!-- This site is optimized with the Yoast SEO plugin v27.0 - https:\/\/yoast.com\/product\/yoast-seo-wordpress\/ -->\n<title>Prezenty firmowe - Winnica Ksi\u0119\u017cycowa<\/title>\n<meta name=\"description\" content=\"Zachwy\u0107 swoich klient\u00f3w i partner\u00f3w biznesowych starannie dobranymi zestawami wina, kt\u00f3re dostarczymy bezpo\u015brednio w Twoim imieniu. To kompleksowa us\u0142uga, dzi\u0119ki kt\u00f3rej nie musisz martwi\u0107 si\u0119 o logistyk\u0119 \u2013 my zajmiemy si\u0119 wszystkim, od starannego doboru produkt\u00f3w, przez eleganckie pakowanie, a\u017c po wysy\u0142k\u0119 prosto do adresat\u00f3w.\" \/>\n<meta name=\"robots\" content=\"index, follow, max-snippet:-1, max-image-preview:large, max-video-preview:-1\" \/>\n<link rel=\"canonical\" href=\"https:\/\/winnicaksiezycowa.pl\/en\/prezenty-firmowe\/\" \/>\n<meta property=\"og:locale\" content=\"en_GB\" \/>\n<meta property=\"og:type\" content=\"article\" \/>\n<meta property=\"og:title\" content=\"Prezenty firmowe - Winnica Ksi\u0119\u017cycowa\" \/>\n<meta property=\"og:description\" content=\"Zachwy\u0107 swoich klient\u00f3w i partner\u00f3w biznesowych starannie dobranymi zestawami wina, kt\u00f3re dostarczymy bezpo\u015brednio w Twoim imieniu. To kompleksowa us\u0142uga, dzi\u0119ki kt\u00f3rej nie musisz martwi\u0107 si\u0119 o logistyk\u0119 \u2013 my zajmiemy si\u0119 wszystkim, od starannego doboru produkt\u00f3w, przez eleganckie pakowanie, a\u017c po wysy\u0142k\u0119 prosto do adresat\u00f3w.\" \/>\n<meta property=\"og:url\" content=\"https:\/\/winnicaksiezycowa.pl\/en\/prezenty-firmowe\/\" \/>\n<meta property=\"og:site_name\" content=\"Winnica Ksi\u0119\u017cycowa\" \/>\n<meta property=\"article:publisher\" content=\"https:\/\/www.facebook.com\/winnicaksiezycowa\" \/>\n<meta property=\"article:modified_time\" content=\"2026-02-19T12:27:11+00:00\" \/>\n<meta name=\"twitter:card\" content=\"summary_large_image\" \/>\n<meta name=\"twitter:label1\" content=\"Estimated reading time\" \/>\n\t<meta name=\"twitter:data1\" content=\"3 minutes\" \/>\n<script type=\"application\/ld+json\" class=\"yoast-schema-graph\">{\"@context\":\"https:\/\/schema.org\",\"@graph\":[{\"@type\":\"WebPage\",\"@id\":\"https:\/\/winnicaksiezycowa.pl\/prezenty-firmowe\/\",\"url\":\"https:\/\/winnicaksiezycowa.pl\/prezenty-firmowe\/\",\"name\":\"Prezenty firmowe - Winnica Ksi\u0119\u017cycowa\",\"isPartOf\":{\"@id\":\"https:\/\/winnicaksiezycowa.pl\/#website\"},\"datePublished\":\"2025-02-27T19:43:33+00:00\",\"dateModified\":\"2026-02-19T12:27:11+00:00\",\"description\":\"Zachwy\u0107 swoich klient\u00f3w i partner\u00f3w biznesowych starannie dobranymi zestawami wina, kt\u00f3re dostarczymy bezpo\u015brednio w Twoim imieniu. To kompleksowa us\u0142uga, dzi\u0119ki kt\u00f3rej nie musisz martwi\u0107 si\u0119 o logistyk\u0119 \u2013 my zajmiemy si\u0119 wszystkim, od starannego doboru produkt\u00f3w, przez eleganckie pakowanie, a\u017c po wysy\u0142k\u0119 prosto do adresat\u00f3w.\",\"breadcrumb\":{\"@id\":\"https:\/\/winnicaksiezycowa.pl\/prezenty-firmowe\/#breadcrumb\"},\"inLanguage\":\"en-GB\",\"potentialAction\":[{\"@type\":\"ReadAction\",\"target\":[\"https:\/\/winnicaksiezycowa.pl\/prezenty-firmowe\/\"]}]},{\"@type\":\"BreadcrumbList\",\"@id\":\"https:\/\/winnicaksiezycowa.pl\/prezenty-firmowe\/#breadcrumb\",\"itemListElement\":[{\"@type\":\"ListItem\",\"position\":1,\"name\":\"Strona g\u0142\u00f3wna\",\"item\":\"https:\/\/winnicaksiezycowa.pl\/\"},{\"@type\":\"ListItem\",\"position\":2,\"name\":\"Prezenty firmowe\"}]},{\"@type\":\"WebSite\",\"@id\":\"https:\/\/winnicaksiezycowa.pl\/#website\",\"url\":\"https:\/\/winnicaksiezycowa.pl\/\",\"name\":\"Winnica Ksi\u0119\u017cycowa\",\"description\":\"Miejsce, gdzie jako\u015b\u0107 spotyka pasj\u0119.\",\"publisher\":{\"@id\":\"https:\/\/winnicaksiezycowa.pl\/#organization\"},\"potentialAction\":[{\"@type\":\"SearchAction\",\"target\":{\"@type\":\"EntryPoint\",\"urlTemplate\":\"https:\/\/winnicaksiezycowa.pl\/?s={search_term_string}\"},\"query-input\":{\"@type\":\"PropertyValueSpecification\",\"valueRequired\":true,\"valueName\":\"search_term_string\"}}],\"inLanguage\":\"en-GB\"},{\"@type\":\"Organization\",\"@id\":\"https:\/\/winnicaksiezycowa.pl\/#organization\",\"name\":\"Winnica Ksi\u0119\u017cycowa\",\"url\":\"https:\/\/winnicaksiezycowa.pl\/\",\"logo\":{\"@type\":\"ImageObject\",\"inLanguage\":\"en-GB\",\"@id\":\"https:\/\/winnicaksiezycowa.pl\/#\/schema\/logo\/image\/\",\"url\":\"https:\/\/winnicaksiezycowa.pl\/wp-content\/uploads\/2024\/01\/poziom-final-normal-300x115-1.png\",\"contentUrl\":\"https:\/\/winnicaksiezycowa.pl\/wp-content\/uploads\/2024\/01\/poziom-final-normal-300x115-1.png\",\"width\":300,\"height\":115,\"caption\":\"Winnica Ksi\u0119\u017cycowa\"},\"image\":{\"@id\":\"https:\/\/winnicaksiezycowa.pl\/#\/schema\/logo\/image\/\"},\"sameAs\":[\"https:\/\/www.facebook.com\/winnicaksiezycowa\",\"https:\/\/www.instagram.com\/winnicaksiezycowa\/\"]}]}<\/script>\n<!-- \/ Yoast SEO plugin. -->","yoast_head_json":{"title":"Prezenty firmowe - Winnica Ksi\u0119\u017cycowa","description":"Zachwy\u0107 swoich klient\u00f3w i partner\u00f3w biznesowych starannie dobranymi zestawami wina, kt\u00f3re dostarczymy bezpo\u015brednio w Twoim imieniu. To kompleksowa us\u0142uga, dzi\u0119ki kt\u00f3rej nie musisz martwi\u0107 si\u0119 o logistyk\u0119 \u2013 my zajmiemy si\u0119 wszystkim, od starannego doboru produkt\u00f3w, przez eleganckie pakowanie, a\u017c po wysy\u0142k\u0119 prosto do adresat\u00f3w.","robots":{"index":"index","follow":"follow","max-snippet":"max-snippet:-1","max-image-preview":"max-image-preview:large","max-video-preview":"max-video-preview:-1"},"canonical":"https:\/\/winnicaksiezycowa.pl\/en\/prezenty-firmowe\/","og_locale":"en_GB","og_type":"article","og_title":"Prezenty firmowe - Winnica Ksi\u0119\u017cycowa","og_description":"Zachwy\u0107 swoich klient\u00f3w i partner\u00f3w biznesowych starannie dobranymi zestawami wina, kt\u00f3re dostarczymy bezpo\u015brednio w Twoim imieniu. To kompleksowa us\u0142uga, dzi\u0119ki kt\u00f3rej nie musisz martwi\u0107 si\u0119 o logistyk\u0119 \u2013 my zajmiemy si\u0119 wszystkim, od starannego doboru produkt\u00f3w, przez eleganckie pakowanie, a\u017c po wysy\u0142k\u0119 prosto do adresat\u00f3w.","og_url":"https:\/\/winnicaksiezycowa.pl\/en\/prezenty-firmowe\/","og_site_name":"Winnica Ksi\u0119\u017cycowa","article_publisher":"https:\/\/www.facebook.com\/winnicaksiezycowa","article_modified_time":"2026-02-19T12:27:11+00:00","twitter_card":"summary_large_image","twitter_misc":{"Estimated reading time":"3 minutes"},"schema":{"@context":"https:\/\/schema.org","@graph":[{"@type":"WebPage","@id":"https:\/\/winnicaksiezycowa.pl\/prezenty-firmowe\/","url":"https:\/\/winnicaksiezycowa.pl\/prezenty-firmowe\/","name":"Prezenty firmowe - Winnica Ksi\u0119\u017cycowa","isPartOf":{"@id":"https:\/\/winnicaksiezycowa.pl\/#website"},"datePublished":"2025-02-27T19:43:33+00:00","dateModified":"2026-02-19T12:27:11+00:00","description":"Zachwy\u0107 swoich klient\u00f3w i partner\u00f3w biznesowych starannie dobranymi zestawami wina, kt\u00f3re dostarczymy bezpo\u015brednio w Twoim imieniu. To kompleksowa us\u0142uga, dzi\u0119ki kt\u00f3rej nie musisz martwi\u0107 si\u0119 o logistyk\u0119 \u2013 my zajmiemy si\u0119 wszystkim, od starannego doboru produkt\u00f3w, przez eleganckie pakowanie, a\u017c po wysy\u0142k\u0119 prosto do adresat\u00f3w.","breadcrumb":{"@id":"https:\/\/winnicaksiezycowa.pl\/prezenty-firmowe\/#breadcrumb"},"inLanguage":"en-GB","potentialAction":[{"@type":"ReadAction","target":["https:\/\/winnicaksiezycowa.pl\/prezenty-firmowe\/"]}]},{"@type":"BreadcrumbList","@id":"https:\/\/winnicaksiezycowa.pl\/prezenty-firmowe\/#breadcrumb","itemListElement":[{"@type":"ListItem","position":1,"name":"Strona g\u0142\u00f3wna","item":"https:\/\/winnicaksiezycowa.pl\/"},{"@type":"ListItem","position":2,"name":"Prezenty firmowe"}]},{"@type":"WebSite","@id":"https:\/\/winnicaksiezycowa.pl\/#website","url":"https:\/\/winnicaksiezycowa.pl\/","name":"Moon Vineyard","description":"Miejsce, gdzie jako\u015b\u0107 spotyka pasj\u0119.","publisher":{"@id":"https:\/\/winnicaksiezycowa.pl\/#organization"},"potentialAction":[{"@type":"SearchAction","target":{"@type":"EntryPoint","urlTemplate":"https:\/\/winnicaksiezycowa.pl\/?s={search_term_string}"},"query-input":{"@type":"PropertyValueSpecification","valueRequired":true,"valueName":"search_term_string"}}],"inLanguage":"en-GB"},{"@type":"Organization","@id":"https:\/\/winnicaksiezycowa.pl\/#organization","name":"Moon Vineyard","url":"https:\/\/winnicaksiezycowa.pl\/","logo":{"@type":"ImageObject","inLanguage":"en-GB","@id":"https:\/\/winnicaksiezycowa.pl\/#\/schema\/logo\/image\/","url":"https:\/\/winnicaksiezycowa.pl\/wp-content\/uploads\/2024\/01\/poziom-final-normal-300x115-1.png","contentUrl":"https:\/\/winnicaksiezycowa.pl\/wp-content\/uploads\/2024\/01\/poziom-final-normal-300x115-1.png","width":300,"height":115,"caption":"Winnica Ksi\u0119\u017cycowa"},"image":{"@id":"https:\/\/winnicaksiezycowa.pl\/#\/schema\/logo\/image\/"},"sameAs":["https:\/\/www.facebook.com\/winnicaksiezycowa","https:\/\/www.instagram.com\/winnicaksiezycowa\/"]}]}},"jetpack_sharing_enabled":true,"_links":{"self":[{"href":"https:\/\/winnicaksiezycowa.pl\/en\/wp-json\/wp\/v2\/pages\/4837","targetHints":{"allow":["GET"]}}],"collection":[{"href":"https:\/\/winnicaksiezycowa.pl\/en\/wp-json\/wp\/v2\/pages"}],"about":[{"href":"https:\/\/winnicaksiezycowa.pl\/en\/wp-json\/wp\/v2\/types\/page"}],"author":[{"embeddable":true,"href":"https:\/\/winnicaksiezycowa.pl\/en\/wp-json\/wp\/v2\/users\/2"}],"replies":[{"embeddable":true,"href":"https:\/\/winnicaksiezycowa.pl\/en\/wp-json\/wp\/v2\/comments?post=4837"}],"version-history":[{"count":12,"href":"https:\/\/winnicaksiezycowa.pl\/en\/wp-json\/wp\/v2\/pages\/4837\/revisions"}],"predecessor-version":[{"id":5362,"href":"https:\/\/winnicaksiezycowa.pl\/en\/wp-json\/wp\/v2\/pages\/4837\/revisions\/5362"}],"wp:attachment":[{"href":"https:\/\/winnicaksiezycowa.pl\/en\/wp-json\/wp\/v2\/media?parent=4837"}],"curies":[{"name":"wp","href":"https:\/\/api.w.org\/{rel}","templated":true}]}}