{"id":5033,"date":"2025-06-16T23:18:17","date_gmt":"2025-06-16T21:18:17","guid":{"rendered":"https:\/\/winnicaksiezycowa.pl\/?page_id=5033"},"modified":"2025-09-05T11:42:06","modified_gmt":"2025-09-05T09:42:06","slug":"noclegi","status":"publish","type":"page","link":"https:\/\/winnicaksiezycowa.pl\/en\/noclegi\/","title":{"rendered":"Accommodation"},"content":{"rendered":"<div class=\"wpb-content-wrapper\"><div class=\"mkdf-row-grid-section-wrapper\"  ><div class=\"mkdf-row-grid-section\"><div class=\"vc_row wpb_row vc_row-fluid vc_custom_1740672146073\" ><div class=\"wpb_column vc_column_container vc_col-sm-12 vc_col-lg-offset-2 vc_col-lg-8 vc_col-md-offset-1 vc_col-md-10 vc_col-sm-offset-0 vc_col-xs-12\"><div class=\"vc_column-inner\"><div class=\"wpb_wrapper\"><div class=\"mkdf-section-title-holder  mkdf-st-standard mkdf-st-title-left mkdf-st-normal-space\" >\n\t<div class=\"mkdf-st-inner\">\n\t\t\t\t\t\t\t<h2 class=\"mkdf-st-title\" >\n\t\t\t\tAccommodation\t\t\t<\/h2>\n\t\t\t\t\t\t\t<h4 class=\"mkdf-st-text\" >\n\t\t\t\tAlthough we do not offer on-site accommodation at Winnica Ksi\u0119\u017cycowa, we invite you to stay at a unique nearby retreat \u2013 Stara Warzelnia \/ Solankowe Zacisze, located just 5 km from our vineyard.\t\t\t<\/h4>\n\t\t\t<\/div>\n<\/div>\n\t<div class=\"wpb_text_column wpb_content_element vc_custom_1750108157671\" >\n\t\t<div class=\"wpb_wrapper\">\n\t\t\t<h3><strong>\ud83c\udfe0 About Stara Warzelnia \/ Solankowe Zacisze<\/strong><\/h3>\n<h4>The property features highland-style cottages (for up to 8 guests each) and cozy double rooms, all set within a picturesque landscape.<\/h4>\n<h4>Guests have access to a swimming pool, free Wi-Fi, terraces, barbecue area, playground, and sports fields.<\/h4>\n<h4>The SPA area includes a salt grotto with a brine graduation tower \u2013 creating a microclimate beneficial for the respiratory system and skin \u2013 as well as a jacuzzi and sauna.<\/h4>\n<h4>This exceptional resort was built on the site of a 16th-century saltworks, now home to a small museum with a reconstructed salt furnace and the largest Himalayan salt wall in Poland.<\/h4>\n\n\t\t<\/div>\n\t<\/div>\n<\/div><\/div><\/div><\/div><\/div><\/div><div class=\"vc_row wpb_row vc_row-fluid\" ><div class=\"wpb_column vc_column_container vc_col-sm-12\"><div class=\"vc_column-inner vc_custom_1750110146057\"><div class=\"wpb_wrapper\"><div class=\"mkdf-image-gallery  mkdf-ig-carousel-type mkdf-three-columns mkdf-no-space\">\n\t<div class=\"mkdf-ig-slider mkdf-owl-slider\" data-number-of-items=\"4\" data-enable-loop=\"yes\" data-enable-autoplay=\"yes\" data-slider-speed=\"5000\" data-slider-speed-animation=\"600\" data-slider-padding=\"no\" data-enable-navigation=\"yes\" data-enable-pagination=\"yes\">\n\t\t\t\t\t<div class=\"mkdf-ig-image\">\n\t\t\t\t\t\t\t\t\t<img fetchpriority=\"high\" decoding=\"async\" width=\"750\" height=\"500\" src=\"https:\/\/winnicaksiezycowa.pl\/wp-content\/uploads\/2025\/06\/stara-warzelnia-bn-1920.jpg\" class=\"attachment-full size-full\" alt=\"\" srcset=\"https:\/\/winnicaksiezycowa.pl\/wp-content\/uploads\/2025\/06\/stara-warzelnia-bn-1920.jpg 750w, https:\/\/winnicaksiezycowa.pl\/wp-content\/uploads\/2025\/06\/stara-warzelnia-bn-1920-300x200.jpg 300w, https:\/\/winnicaksiezycowa.pl\/wp-content\/uploads\/2025\/06\/stara-warzelnia-bn-1920-18x12.jpg 18w, https:\/\/winnicaksiezycowa.pl\/wp-content\/uploads\/2025\/06\/stara-warzelnia-bn-1920-600x400.jpg 600w\" sizes=\"(max-width: 750px) 100vw, 750px\" \/>\t\t\t\t\t\t\t<\/div>\n\t\t\t\t\t<div class=\"mkdf-ig-image\">\n\t\t\t\t\t\t\t\t\t<img decoding=\"async\" width=\"750\" height=\"500\" src=\"https:\/\/winnicaksiezycowa.pl\/wp-content\/uploads\/2025\/06\/stara-warzelnia-domki-1-1920.jpg\" class=\"attachment-full size-full\" alt=\"\" srcset=\"https:\/\/winnicaksiezycowa.pl\/wp-content\/uploads\/2025\/06\/stara-warzelnia-domki-1-1920.jpg 750w, https:\/\/winnicaksiezycowa.pl\/wp-content\/uploads\/2025\/06\/stara-warzelnia-domki-1-1920-300x200.jpg 300w, https:\/\/winnicaksiezycowa.pl\/wp-content\/uploads\/2025\/06\/stara-warzelnia-domki-1-1920-18x12.jpg 18w, https:\/\/winnicaksiezycowa.pl\/wp-content\/uploads\/2025\/06\/stara-warzelnia-domki-1-1920-600x400.jpg 600w\" sizes=\"(max-width: 750px) 100vw, 750px\" \/>\t\t\t\t\t\t\t<\/div>\n\t\t\t\t\t<div class=\"mkdf-ig-image\">\n\t\t\t\t\t\t\t\t\t<img decoding=\"async\" width=\"750\" height=\"500\" src=\"https:\/\/winnicaksiezycowa.pl\/wp-content\/uploads\/2025\/06\/stara-warzelnia-baseny-4-1920-1.jpg\" class=\"attachment-full size-full\" alt=\"\" srcset=\"https:\/\/winnicaksiezycowa.pl\/wp-content\/uploads\/2025\/06\/stara-warzelnia-baseny-4-1920-1.jpg 750w, https:\/\/winnicaksiezycowa.pl\/wp-content\/uploads\/2025\/06\/stara-warzelnia-baseny-4-1920-1-300x200.jpg 300w, https:\/\/winnicaksiezycowa.pl\/wp-content\/uploads\/2025\/06\/stara-warzelnia-baseny-4-1920-1-18x12.jpg 18w, https:\/\/winnicaksiezycowa.pl\/wp-content\/uploads\/2025\/06\/stara-warzelnia-baseny-4-1920-1-600x400.jpg 600w\" sizes=\"(max-width: 750px) 100vw, 750px\" \/>\t\t\t\t\t\t\t<\/div>\n\t\t\t\t\t<div class=\"mkdf-ig-image\">\n\t\t\t\t\t\t\t\t\t<img loading=\"lazy\" decoding=\"async\" width=\"750\" height=\"500\" src=\"https:\/\/winnicaksiezycowa.pl\/wp-content\/uploads\/2025\/06\/stara-warzelnia-pokoj-1-1920-1536x1024-1.jpg\" class=\"attachment-full size-full\" alt=\"\" srcset=\"https:\/\/winnicaksiezycowa.pl\/wp-content\/uploads\/2025\/06\/stara-warzelnia-pokoj-1-1920-1536x1024-1.jpg 750w, https:\/\/winnicaksiezycowa.pl\/wp-content\/uploads\/2025\/06\/stara-warzelnia-pokoj-1-1920-1536x1024-1-300x200.jpg 300w, https:\/\/winnicaksiezycowa.pl\/wp-content\/uploads\/2025\/06\/stara-warzelnia-pokoj-1-1920-1536x1024-1-18x12.jpg 18w, https:\/\/winnicaksiezycowa.pl\/wp-content\/uploads\/2025\/06\/stara-warzelnia-pokoj-1-1920-1536x1024-1-600x400.jpg 600w\" sizes=\"(max-width: 750px) 100vw, 750px\" \/>\t\t\t\t\t\t\t<\/div>\n\t\t\t<\/div>\n<\/div><\/div><\/div><\/div><\/div><div class=\"mkdf-row-grid-section-wrapper\"  ><div class=\"mkdf-row-grid-section\"><div class=\"vc_row wpb_row vc_row-fluid\" ><div class=\"wpb_column vc_column_container vc_col-sm-12 vc_col-lg-offset-2 vc_col-lg-8 vc_col-md-offset-1 vc_col-md-10 vc_col-sm-offset-0 vc_col-xs-12\"><div class=\"vc_column-inner\"><div class=\"wpb_wrapper\"><div class=\"vc_empty_space\"   style=\"height: 40px\"><span class=\"vc_empty_space_inner\"><\/span><\/div>\n\t<div class=\"wpb_text_column wpb_content_element\" >\n\t\t<div class=\"wpb_wrapper\">\n\t\t\t<h3 data-start=\"2547\" data-end=\"2805\"><strong>\ud83d\udd17 Check availability and book your stay<\/strong><\/h3>\n<p><a href=\"https:\/\/www.solankowe-zacisze.pl\/\" target=\"_blank\" rel=\"noopener\">Solankowe Zacisze<\/a> \u2013 cottages &amp; spa<\/p>\n<p><a href=\"https:\/\/stara-warzelnia.pl\/\" target=\"_blank\" rel=\"noopener\">Stara Warzelnia<\/a> \u2013 rooms &amp; restaurant<\/p>\n\n\t\t<\/div>\n\t<\/div>\n<div class=\"vc_empty_space\"   style=\"height: 40px\"><span class=\"vc_empty_space_inner\"><\/span><\/div><\/div><\/div><\/div><\/div><\/div><\/div>\n<\/div>","protected":false},"excerpt":{"rendered":"Noclegi Cho\u0107 na terenie Winnicy Ksi\u0119\u017cycowej nie posiadamy w\u0142asnych nocleg\u00f3w, zapraszamy do skorzystania z wyj\u0105tkowej oferty zaprzyja\u017anionego kompleksu \u2013 Stara\u202fWarzelnia \/ Solankowe\u202fZacisze, zlokalizowanego zaledwie 5\u202fkm od nas. \ud83c\udfe0 O o\u015brodku Stara Warzelnia \/ Solankowe Zacisze Na rozleg\u0142ej, malowniczej dzia\u0142ce znajduje si\u0119 6 ca\u0142orocznych domk\u00f3w w stylu g\u00f3ralskim (do 8 os\u00f3b) oraz pokoje dwuosobowe. Go\u015bcie mog\u0105 korzysta\u0107 z basenu, bezp\u0142atnego Wi\u2011Fi, taras\u00f3w, miejsca do grilla, placu zabaw i boisk sportowych . W cz\u0119\u015bci SPA czeka [...]","protected":false},"author":2,"featured_media":0,"parent":0,"menu_order":0,"comment_status":"closed","ping_status":"closed","template":"full-width.php","meta":{"footnotes":""},"class_list":["post-5033","page","type-page","status-publish","hentry"],"yoast_head":"<!-- This site is optimized with the Yoast SEO plugin v27.0 - https:\/\/yoast.com\/product\/yoast-seo-wordpress\/ -->\n<title>Noclegi - Winnica Ksi\u0119\u017cycowa<\/title>\n<meta name=\"description\" content=\"Zapraszamy do naszej winnicy na niezapomniane degustacje i zwiedzanie piwnicy winiarskiej, przez wielu uznawanej za intryguj\u0105c\u0105. Nasze spotkania to nie tylko okazja do spr\u00f3bowania wyj\u0105tkowych win, ale tak\u017ce mo\u017cliwo\u015b\u0107 poznania tajnik\u00f3w ich produkcji oraz ciekawostek winiarskich prosto od winiarza.\" \/>\n<meta name=\"robots\" content=\"index, follow, max-snippet:-1, max-image-preview:large, max-video-preview:-1\" \/>\n<link rel=\"canonical\" href=\"https:\/\/winnicaksiezycowa.pl\/en\/noclegi\/\" \/>\n<meta property=\"og:locale\" content=\"en_GB\" \/>\n<meta property=\"og:type\" content=\"article\" \/>\n<meta property=\"og:title\" content=\"Noclegi - Winnica Ksi\u0119\u017cycowa\" \/>\n<meta property=\"og:description\" content=\"Zapraszamy do naszej winnicy na niezapomniane degustacje i zwiedzanie piwnicy winiarskiej, przez wielu uznawanej za intryguj\u0105c\u0105. Nasze spotkania to nie tylko okazja do spr\u00f3bowania wyj\u0105tkowych win, ale tak\u017ce mo\u017cliwo\u015b\u0107 poznania tajnik\u00f3w ich produkcji oraz ciekawostek winiarskich prosto od winiarza.\" \/>\n<meta property=\"og:url\" content=\"https:\/\/winnicaksiezycowa.pl\/en\/noclegi\/\" \/>\n<meta property=\"og:site_name\" content=\"Winnica Ksi\u0119\u017cycowa\" \/>\n<meta property=\"article:publisher\" content=\"https:\/\/www.facebook.com\/winnicaksiezycowa\" \/>\n<meta property=\"article:modified_time\" content=\"2025-09-05T09:42:06+00:00\" \/>\n<meta name=\"twitter:card\" content=\"summary_large_image\" \/>\n<meta name=\"twitter:label1\" content=\"Estimated reading time\" \/>\n\t<meta name=\"twitter:data1\" content=\"2 minutes\" \/>\n<script type=\"application\/ld+json\" class=\"yoast-schema-graph\">{\"@context\":\"https:\/\/schema.org\",\"@graph\":[{\"@type\":\"WebPage\",\"@id\":\"https:\/\/winnicaksiezycowa.pl\/noclegi\/\",\"url\":\"https:\/\/winnicaksiezycowa.pl\/noclegi\/\",\"name\":\"Noclegi - Winnica Ksi\u0119\u017cycowa\",\"isPartOf\":{\"@id\":\"https:\/\/winnicaksiezycowa.pl\/#website\"},\"datePublished\":\"2025-06-16T21:18:17+00:00\",\"dateModified\":\"2025-09-05T09:42:06+00:00\",\"description\":\"Zapraszamy do naszej winnicy na niezapomniane degustacje i zwiedzanie piwnicy winiarskiej, przez wielu uznawanej za intryguj\u0105c\u0105. Nasze spotkania to nie tylko okazja do spr\u00f3bowania wyj\u0105tkowych win, ale tak\u017ce mo\u017cliwo\u015b\u0107 poznania tajnik\u00f3w ich produkcji oraz ciekawostek winiarskich prosto od winiarza.\",\"breadcrumb\":{\"@id\":\"https:\/\/winnicaksiezycowa.pl\/noclegi\/#breadcrumb\"},\"inLanguage\":\"en-GB\",\"potentialAction\":[{\"@type\":\"ReadAction\",\"target\":[\"https:\/\/winnicaksiezycowa.pl\/noclegi\/\"]}]},{\"@type\":\"BreadcrumbList\",\"@id\":\"https:\/\/winnicaksiezycowa.pl\/noclegi\/#breadcrumb\",\"itemListElement\":[{\"@type\":\"ListItem\",\"position\":1,\"name\":\"Strona g\u0142\u00f3wna\",\"item\":\"https:\/\/winnicaksiezycowa.pl\/\"},{\"@type\":\"ListItem\",\"position\":2,\"name\":\"Noclegi\"}]},{\"@type\":\"WebSite\",\"@id\":\"https:\/\/winnicaksiezycowa.pl\/#website\",\"url\":\"https:\/\/winnicaksiezycowa.pl\/\",\"name\":\"Winnica Ksi\u0119\u017cycowa\",\"description\":\"Miejsce, gdzie jako\u015b\u0107 spotyka pasj\u0119.\",\"publisher\":{\"@id\":\"https:\/\/winnicaksiezycowa.pl\/#organization\"},\"potentialAction\":[{\"@type\":\"SearchAction\",\"target\":{\"@type\":\"EntryPoint\",\"urlTemplate\":\"https:\/\/winnicaksiezycowa.pl\/?s={search_term_string}\"},\"query-input\":{\"@type\":\"PropertyValueSpecification\",\"valueRequired\":true,\"valueName\":\"search_term_string\"}}],\"inLanguage\":\"en-GB\"},{\"@type\":\"Organization\",\"@id\":\"https:\/\/winnicaksiezycowa.pl\/#organization\",\"name\":\"Winnica Ksi\u0119\u017cycowa\",\"url\":\"https:\/\/winnicaksiezycowa.pl\/\",\"logo\":{\"@type\":\"ImageObject\",\"inLanguage\":\"en-GB\",\"@id\":\"https:\/\/winnicaksiezycowa.pl\/#\/schema\/logo\/image\/\",\"url\":\"https:\/\/winnicaksiezycowa.pl\/wp-content\/uploads\/2024\/01\/poziom-final-normal-300x115-1.png\",\"contentUrl\":\"https:\/\/winnicaksiezycowa.pl\/wp-content\/uploads\/2024\/01\/poziom-final-normal-300x115-1.png\",\"width\":300,\"height\":115,\"caption\":\"Winnica Ksi\u0119\u017cycowa\"},\"image\":{\"@id\":\"https:\/\/winnicaksiezycowa.pl\/#\/schema\/logo\/image\/\"},\"sameAs\":[\"https:\/\/www.facebook.com\/winnicaksiezycowa\",\"https:\/\/www.instagram.com\/winnicaksiezycowa\/\"]}]}<\/script>\n<!-- \/ Yoast SEO plugin. -->","yoast_head_json":{"title":"Noclegi - Winnica Ksi\u0119\u017cycowa","description":"We would like to invite you to visit our vineyard for unforgettable tastings and a tour of our intriguing wine cellar. Your visit is not only an opportunity to taste exceptional wines but also a chance to learn the secrets of their production and wine-related curiosities directly from the owners.","robots":{"index":"index","follow":"follow","max-snippet":"max-snippet:-1","max-image-preview":"max-image-preview:large","max-video-preview":"max-video-preview:-1"},"canonical":"https:\/\/winnicaksiezycowa.pl\/en\/noclegi\/","og_locale":"en_GB","og_type":"article","og_title":"Noclegi - Winnica Ksi\u0119\u017cycowa","og_description":"Zapraszamy do naszej winnicy na niezapomniane degustacje i zwiedzanie piwnicy winiarskiej, przez wielu uznawanej za intryguj\u0105c\u0105. Nasze spotkania to nie tylko okazja do spr\u00f3bowania wyj\u0105tkowych win, ale tak\u017ce mo\u017cliwo\u015b\u0107 poznania tajnik\u00f3w ich produkcji oraz ciekawostek winiarskich prosto od winiarza.","og_url":"https:\/\/winnicaksiezycowa.pl\/en\/noclegi\/","og_site_name":"Winnica Ksi\u0119\u017cycowa","article_publisher":"https:\/\/www.facebook.com\/winnicaksiezycowa","article_modified_time":"2025-09-05T09:42:06+00:00","twitter_card":"summary_large_image","twitter_misc":{"Estimated reading time":"2 minutes"},"schema":{"@context":"https:\/\/schema.org","@graph":[{"@type":"WebPage","@id":"https:\/\/winnicaksiezycowa.pl\/noclegi\/","url":"https:\/\/winnicaksiezycowa.pl\/noclegi\/","name":"Noclegi - Winnica Ksi\u0119\u017cycowa","isPartOf":{"@id":"https:\/\/winnicaksiezycowa.pl\/#website"},"datePublished":"2025-06-16T21:18:17+00:00","dateModified":"2025-09-05T09:42:06+00:00","description":"We would like to invite you to visit our vineyard for unforgettable tastings and a tour of our intriguing wine cellar. Your visit is not only an opportunity to taste exceptional wines but also a chance to learn the secrets of their production and wine-related curiosities directly from the owners.","breadcrumb":{"@id":"https:\/\/winnicaksiezycowa.pl\/noclegi\/#breadcrumb"},"inLanguage":"en-GB","potentialAction":[{"@type":"ReadAction","target":["https:\/\/winnicaksiezycowa.pl\/noclegi\/"]}]},{"@type":"BreadcrumbList","@id":"https:\/\/winnicaksiezycowa.pl\/noclegi\/#breadcrumb","itemListElement":[{"@type":"ListItem","position":1,"name":"Strona g\u0142\u00f3wna","item":"https:\/\/winnicaksiezycowa.pl\/"},{"@type":"ListItem","position":2,"name":"Noclegi"}]},{"@type":"WebSite","@id":"https:\/\/winnicaksiezycowa.pl\/#website","url":"https:\/\/winnicaksiezycowa.pl\/","name":"Moon Vineyard","description":"Miejsce, gdzie jako\u015b\u0107 spotyka pasj\u0119.","publisher":{"@id":"https:\/\/winnicaksiezycowa.pl\/#organization"},"potentialAction":[{"@type":"SearchAction","target":{"@type":"EntryPoint","urlTemplate":"https:\/\/winnicaksiezycowa.pl\/?s={search_term_string}"},"query-input":{"@type":"PropertyValueSpecification","valueRequired":true,"valueName":"search_term_string"}}],"inLanguage":"en-GB"},{"@type":"Organization","@id":"https:\/\/winnicaksiezycowa.pl\/#organization","name":"Moon Vineyard","url":"https:\/\/winnicaksiezycowa.pl\/","logo":{"@type":"ImageObject","inLanguage":"en-GB","@id":"https:\/\/winnicaksiezycowa.pl\/#\/schema\/logo\/image\/","url":"https:\/\/winnicaksiezycowa.pl\/wp-content\/uploads\/2024\/01\/poziom-final-normal-300x115-1.png","contentUrl":"https:\/\/winnicaksiezycowa.pl\/wp-content\/uploads\/2024\/01\/poziom-final-normal-300x115-1.png","width":300,"height":115,"caption":"Winnica Ksi\u0119\u017cycowa"},"image":{"@id":"https:\/\/winnicaksiezycowa.pl\/#\/schema\/logo\/image\/"},"sameAs":["https:\/\/www.facebook.com\/winnicaksiezycowa","https:\/\/www.instagram.com\/winnicaksiezycowa\/"]}]}},"jetpack_sharing_enabled":true,"_links":{"self":[{"href":"https:\/\/winnicaksiezycowa.pl\/en\/wp-json\/wp\/v2\/pages\/5033","targetHints":{"allow":["GET"]}}],"collection":[{"href":"https:\/\/winnicaksiezycowa.pl\/en\/wp-json\/wp\/v2\/pages"}],"about":[{"href":"https:\/\/winnicaksiezycowa.pl\/en\/wp-json\/wp\/v2\/types\/page"}],"author":[{"embeddable":true,"href":"https:\/\/winnicaksiezycowa.pl\/en\/wp-json\/wp\/v2\/users\/2"}],"replies":[{"embeddable":true,"href":"https:\/\/winnicaksiezycowa.pl\/en\/wp-json\/wp\/v2\/comments?post=5033"}],"version-history":[{"count":19,"href":"https:\/\/winnicaksiezycowa.pl\/en\/wp-json\/wp\/v2\/pages\/5033\/revisions"}],"predecessor-version":[{"id":5215,"href":"https:\/\/winnicaksiezycowa.pl\/en\/wp-json\/wp\/v2\/pages\/5033\/revisions\/5215"}],"wp:attachment":[{"href":"https:\/\/winnicaksiezycowa.pl\/en\/wp-json\/wp\/v2\/media?parent=5033"}],"curies":[{"name":"wp","href":"https:\/\/api.w.org\/{rel}","templated":true}]}}