{"id":4063,"date":"2022-12-21T17:22:20","date_gmt":"2022-12-21T16:22:20","guid":{"rendered":"http:\/\/winnicaksiezycowa.pl\/index.php\/produkt\/hoodie-with-logo-2\/"},"modified":"2025-08-25T12:22:23","modified_gmt":"2025-08-25T10:22:23","slug":"muscaris-2022","status":"publish","type":"product","link":"https:\/\/winnicaksiezycowa.pl\/en\/product\/muscaris-2022\/","title":{"rendered":"Muscaris 2022"},"content":{"rendered":"<p>A wine with an intensely floral aroma, complemented by a pleasant sweetness balanced with subtle acidity.\u00a0<strong>Silver medal winner at the 10th Polish Wine Competition, Jas\u0142o 2023.<\/strong><\/p>\n<ul>\n<li><strong>Type:<\/strong>\u00a0White, Semi-dry<\/li>\n<li><strong>Residual sugar<\/strong>: 17 g\/l<\/li>\n<li><strong>Total acidity<\/strong>: 8,1 g\/l<\/li>\n<li><strong>Alcohol<\/strong>: 11,5% obj.<\/li>\n<li><strong>Optimal serving temperature<\/strong>: 10-12\u00b0C<\/li>\n<\/ul>","protected":false},"excerpt":{"rendered":"<p>A wine with an intensely floral aroma.<\/p>","protected":false},"featured_media":4410,"template":"","meta":[],"product_brand":[],"product_cat":[80,75],"product_tag":[],"class_list":{"0":"post-4063","1":"product","2":"type-product","3":"status-publish","4":"has-post-thumbnail","6":"product_cat-polwytrawne","7":"product_cat-biale","9":"first","10":"outofstock","11":"taxable","12":"shipping-taxable","13":"product-type-simple"},"yoast_head":"<!-- This site is optimized with the Yoast SEO plugin v27.0 - https:\/\/yoast.com\/product\/yoast-seo-wordpress\/ -->\n<title>Muscaris 2022 - Winnica Ksi\u0119\u017cycowa<\/title>\n<meta name=\"description\" content=\"Wino o intensywnie kwiecistym aromacie, prze\u0142amane przyjemn\u0105 s\u0142odycz\u0105 zbalansowan\u0105 subteln\u0105 kwasowo\u015bci\u0105.\u00a0Zdobywca srebrnego medalu na X Konkursie Polskich Win Jas\u0142o 2023.\" \/>\n<meta name=\"robots\" content=\"index, follow, max-snippet:-1, max-image-preview:large, max-video-preview:-1\" \/>\n<link rel=\"canonical\" href=\"https:\/\/winnicaksiezycowa.pl\/en\/product\/muscaris-2022\/\" \/>\n<meta property=\"og:locale\" content=\"en_GB\" \/>\n<meta property=\"og:type\" content=\"article\" \/>\n<meta property=\"og:title\" content=\"Muscaris 2022 - Winnica Ksi\u0119\u017cycowa\" \/>\n<meta property=\"og:description\" content=\"Wino o intensywnie kwiecistym aromacie, prze\u0142amane przyjemn\u0105 s\u0142odycz\u0105 zbalansowan\u0105 subteln\u0105 kwasowo\u015bci\u0105.\u00a0Zdobywca srebrnego medalu na X Konkursie Polskich Win Jas\u0142o 2023.\" \/>\n<meta property=\"og:url\" content=\"https:\/\/winnicaksiezycowa.pl\/en\/product\/muscaris-2022\/\" \/>\n<meta property=\"og:site_name\" content=\"Winnica Ksi\u0119\u017cycowa\" \/>\n<meta property=\"article:publisher\" content=\"https:\/\/www.facebook.com\/winnicaksiezycowa\" \/>\n<meta property=\"article:modified_time\" content=\"2025-08-25T10:22:23+00:00\" \/>\n<meta property=\"og:image\" content=\"https:\/\/winnicaksiezycowa.pl\/wp-content\/uploads\/2024\/01\/Muscaris-2022-shop-medal.png\" \/>\n\t<meta property=\"og:image:width\" content=\"850\" \/>\n\t<meta property=\"og:image:height\" content=\"850\" \/>\n\t<meta property=\"og:image:type\" content=\"image\/png\" \/>\n<meta name=\"twitter:card\" content=\"summary_large_image\" \/>\n<meta name=\"twitter:label1\" content=\"Estimated reading time\" \/>\n\t<meta name=\"twitter:data1\" content=\"1 minute\" \/>\n<script type=\"application\/ld+json\" class=\"yoast-schema-graph\">{\"@context\":\"https:\/\/schema.org\",\"@graph\":[{\"@type\":\"WebPage\",\"@id\":\"https:\/\/winnicaksiezycowa.pl\/produkt\/muscaris-2022\/\",\"url\":\"https:\/\/winnicaksiezycowa.pl\/produkt\/muscaris-2022\/\",\"name\":\"Muscaris 2022 - Winnica Ksi\u0119\u017cycowa\",\"isPartOf\":{\"@id\":\"https:\/\/winnicaksiezycowa.pl\/#website\"},\"primaryImageOfPage\":{\"@id\":\"https:\/\/winnicaksiezycowa.pl\/produkt\/muscaris-2022\/#primaryimage\"},\"image\":{\"@id\":\"https:\/\/winnicaksiezycowa.pl\/produkt\/muscaris-2022\/#primaryimage\"},\"thumbnailUrl\":\"https:\/\/winnicaksiezycowa.pl\/wp-content\/uploads\/2024\/01\/Muscaris-2022-shop-medal.png\",\"datePublished\":\"2022-12-21T16:22:20+00:00\",\"dateModified\":\"2025-08-25T10:22:23+00:00\",\"description\":\"Wino o intensywnie kwiecistym aromacie, prze\u0142amane przyjemn\u0105 s\u0142odycz\u0105 zbalansowan\u0105 subteln\u0105 kwasowo\u015bci\u0105.\u00a0Zdobywca srebrnego medalu na X Konkursie Polskich Win Jas\u0142o 2023.\",\"breadcrumb\":{\"@id\":\"https:\/\/winnicaksiezycowa.pl\/produkt\/muscaris-2022\/#breadcrumb\"},\"inLanguage\":\"en-GB\",\"potentialAction\":[{\"@type\":\"ReadAction\",\"target\":[\"https:\/\/winnicaksiezycowa.pl\/produkt\/muscaris-2022\/\"]}]},{\"@type\":\"ImageObject\",\"inLanguage\":\"en-GB\",\"@id\":\"https:\/\/winnicaksiezycowa.pl\/produkt\/muscaris-2022\/#primaryimage\",\"url\":\"https:\/\/winnicaksiezycowa.pl\/wp-content\/uploads\/2024\/01\/Muscaris-2022-shop-medal.png\",\"contentUrl\":\"https:\/\/winnicaksiezycowa.pl\/wp-content\/uploads\/2024\/01\/Muscaris-2022-shop-medal.png\",\"width\":850,\"height\":850},{\"@type\":\"BreadcrumbList\",\"@id\":\"https:\/\/winnicaksiezycowa.pl\/produkt\/muscaris-2022\/#breadcrumb\",\"itemListElement\":[{\"@type\":\"ListItem\",\"position\":1,\"name\":\"Strona g\u0142\u00f3wna\",\"item\":\"https:\/\/winnicaksiezycowa.pl\/\"},{\"@type\":\"ListItem\",\"position\":2,\"name\":\"Produkty\",\"item\":\"https:\/\/winnicaksiezycowa.pl\/shop\/\"},{\"@type\":\"ListItem\",\"position\":3,\"name\":\"Muscaris 2022\"}]},{\"@type\":\"WebSite\",\"@id\":\"https:\/\/winnicaksiezycowa.pl\/#website\",\"url\":\"https:\/\/winnicaksiezycowa.pl\/\",\"name\":\"Winnica Ksi\u0119\u017cycowa\",\"description\":\"Miejsce, gdzie jako\u015b\u0107 spotyka pasj\u0119.\",\"publisher\":{\"@id\":\"https:\/\/winnicaksiezycowa.pl\/#organization\"},\"potentialAction\":[{\"@type\":\"SearchAction\",\"target\":{\"@type\":\"EntryPoint\",\"urlTemplate\":\"https:\/\/winnicaksiezycowa.pl\/?s={search_term_string}\"},\"query-input\":{\"@type\":\"PropertyValueSpecification\",\"valueRequired\":true,\"valueName\":\"search_term_string\"}}],\"inLanguage\":\"en-GB\"},{\"@type\":\"Organization\",\"@id\":\"https:\/\/winnicaksiezycowa.pl\/#organization\",\"name\":\"Winnica Ksi\u0119\u017cycowa\",\"url\":\"https:\/\/winnicaksiezycowa.pl\/\",\"logo\":{\"@type\":\"ImageObject\",\"inLanguage\":\"en-GB\",\"@id\":\"https:\/\/winnicaksiezycowa.pl\/#\/schema\/logo\/image\/\",\"url\":\"https:\/\/winnicaksiezycowa.pl\/wp-content\/uploads\/2024\/01\/poziom-final-normal-300x115-1.png\",\"contentUrl\":\"https:\/\/winnicaksiezycowa.pl\/wp-content\/uploads\/2024\/01\/poziom-final-normal-300x115-1.png\",\"width\":300,\"height\":115,\"caption\":\"Winnica Ksi\u0119\u017cycowa\"},\"image\":{\"@id\":\"https:\/\/winnicaksiezycowa.pl\/#\/schema\/logo\/image\/\"},\"sameAs\":[\"https:\/\/www.facebook.com\/winnicaksiezycowa\",\"https:\/\/www.instagram.com\/winnicaksiezycowa\/\"]}]}<\/script>\n<!-- \/ Yoast SEO plugin. -->","yoast_head_json":{"title":"Muscaris 2022 - Winnica Ksi\u0119\u017cycowa","description":"Wino o intensywnie kwiecistym aromacie, prze\u0142amane przyjemn\u0105 s\u0142odycz\u0105 zbalansowan\u0105 subteln\u0105 kwasowo\u015bci\u0105.\u00a0Zdobywca srebrnego medalu na X Konkursie Polskich Win Jas\u0142o 2023.","robots":{"index":"index","follow":"follow","max-snippet":"max-snippet:-1","max-image-preview":"max-image-preview:large","max-video-preview":"max-video-preview:-1"},"canonical":"https:\/\/winnicaksiezycowa.pl\/en\/product\/muscaris-2022\/","og_locale":"en_GB","og_type":"article","og_title":"Muscaris 2022 - Winnica Ksi\u0119\u017cycowa","og_description":"Wino o intensywnie kwiecistym aromacie, prze\u0142amane przyjemn\u0105 s\u0142odycz\u0105 zbalansowan\u0105 subteln\u0105 kwasowo\u015bci\u0105.\u00a0Zdobywca srebrnego medalu na X Konkursie Polskich Win Jas\u0142o 2023.","og_url":"https:\/\/winnicaksiezycowa.pl\/en\/product\/muscaris-2022\/","og_site_name":"Winnica Ksi\u0119\u017cycowa","article_publisher":"https:\/\/www.facebook.com\/winnicaksiezycowa","article_modified_time":"2025-08-25T10:22:23+00:00","og_image":[{"width":850,"height":850,"url":"https:\/\/winnicaksiezycowa.pl\/wp-content\/uploads\/2024\/01\/Muscaris-2022-shop-medal.png","type":"image\/png"}],"twitter_card":"summary_large_image","twitter_misc":{"Estimated reading time":"1 minute"},"schema":{"@context":"https:\/\/schema.org","@graph":[{"@type":"WebPage","@id":"https:\/\/winnicaksiezycowa.pl\/produkt\/muscaris-2022\/","url":"https:\/\/winnicaksiezycowa.pl\/produkt\/muscaris-2022\/","name":"Muscaris 2022 - Winnica Ksi\u0119\u017cycowa","isPartOf":{"@id":"https:\/\/winnicaksiezycowa.pl\/#website"},"primaryImageOfPage":{"@id":"https:\/\/winnicaksiezycowa.pl\/produkt\/muscaris-2022\/#primaryimage"},"image":{"@id":"https:\/\/winnicaksiezycowa.pl\/produkt\/muscaris-2022\/#primaryimage"},"thumbnailUrl":"https:\/\/winnicaksiezycowa.pl\/wp-content\/uploads\/2024\/01\/Muscaris-2022-shop-medal.png","datePublished":"2022-12-21T16:22:20+00:00","dateModified":"2025-08-25T10:22:23+00:00","description":"Wino o intensywnie kwiecistym aromacie, prze\u0142amane przyjemn\u0105 s\u0142odycz\u0105 zbalansowan\u0105 subteln\u0105 kwasowo\u015bci\u0105.\u00a0Zdobywca srebrnego medalu na X Konkursie Polskich Win Jas\u0142o 2023.","breadcrumb":{"@id":"https:\/\/winnicaksiezycowa.pl\/produkt\/muscaris-2022\/#breadcrumb"},"inLanguage":"en-GB","potentialAction":[{"@type":"ReadAction","target":["https:\/\/winnicaksiezycowa.pl\/produkt\/muscaris-2022\/"]}]},{"@type":"ImageObject","inLanguage":"en-GB","@id":"https:\/\/winnicaksiezycowa.pl\/produkt\/muscaris-2022\/#primaryimage","url":"https:\/\/winnicaksiezycowa.pl\/wp-content\/uploads\/2024\/01\/Muscaris-2022-shop-medal.png","contentUrl":"https:\/\/winnicaksiezycowa.pl\/wp-content\/uploads\/2024\/01\/Muscaris-2022-shop-medal.png","width":850,"height":850},{"@type":"BreadcrumbList","@id":"https:\/\/winnicaksiezycowa.pl\/produkt\/muscaris-2022\/#breadcrumb","itemListElement":[{"@type":"ListItem","position":1,"name":"Strona g\u0142\u00f3wna","item":"https:\/\/winnicaksiezycowa.pl\/"},{"@type":"ListItem","position":2,"name":"Produkty","item":"https:\/\/winnicaksiezycowa.pl\/shop\/"},{"@type":"ListItem","position":3,"name":"Muscaris 2022"}]},{"@type":"WebSite","@id":"https:\/\/winnicaksiezycowa.pl\/#website","url":"https:\/\/winnicaksiezycowa.pl\/","name":"Moon Vineyard","description":"Miejsce, gdzie jako\u015b\u0107 spotyka pasj\u0119.","publisher":{"@id":"https:\/\/winnicaksiezycowa.pl\/#organization"},"potentialAction":[{"@type":"SearchAction","target":{"@type":"EntryPoint","urlTemplate":"https:\/\/winnicaksiezycowa.pl\/?s={search_term_string}"},"query-input":{"@type":"PropertyValueSpecification","valueRequired":true,"valueName":"search_term_string"}}],"inLanguage":"en-GB"},{"@type":"Organization","@id":"https:\/\/winnicaksiezycowa.pl\/#organization","name":"Moon Vineyard","url":"https:\/\/winnicaksiezycowa.pl\/","logo":{"@type":"ImageObject","inLanguage":"en-GB","@id":"https:\/\/winnicaksiezycowa.pl\/#\/schema\/logo\/image\/","url":"https:\/\/winnicaksiezycowa.pl\/wp-content\/uploads\/2024\/01\/poziom-final-normal-300x115-1.png","contentUrl":"https:\/\/winnicaksiezycowa.pl\/wp-content\/uploads\/2024\/01\/poziom-final-normal-300x115-1.png","width":300,"height":115,"caption":"Winnica Ksi\u0119\u017cycowa"},"image":{"@id":"https:\/\/winnicaksiezycowa.pl\/#\/schema\/logo\/image\/"},"sameAs":["https:\/\/www.facebook.com\/winnicaksiezycowa","https:\/\/www.instagram.com\/winnicaksiezycowa\/"]}]}},"jetpack_sharing_enabled":true,"_links":{"self":[{"href":"https:\/\/winnicaksiezycowa.pl\/en\/wp-json\/wp\/v2\/product\/4063","targetHints":{"allow":["GET"]}}],"collection":[{"href":"https:\/\/winnicaksiezycowa.pl\/en\/wp-json\/wp\/v2\/product"}],"about":[{"href":"https:\/\/winnicaksiezycowa.pl\/en\/wp-json\/wp\/v2\/types\/product"}],"wp:featuredmedia":[{"embeddable":true,"href":"https:\/\/winnicaksiezycowa.pl\/en\/wp-json\/wp\/v2\/media\/4410"}],"wp:attachment":[{"href":"https:\/\/winnicaksiezycowa.pl\/en\/wp-json\/wp\/v2\/media?parent=4063"}],"wp:term":[{"taxonomy":"product_brand","embeddable":true,"href":"https:\/\/winnicaksiezycowa.pl\/en\/wp-json\/wp\/v2\/product_brand?post=4063"},{"taxonomy":"product_cat","embeddable":true,"href":"https:\/\/winnicaksiezycowa.pl\/en\/wp-json\/wp\/v2\/product_cat?post=4063"},{"taxonomy":"product_tag","embeddable":true,"href":"https:\/\/winnicaksiezycowa.pl\/en\/wp-json\/wp\/v2\/product_tag?post=4063"}],"curies":[{"name":"wp","href":"https:\/\/api.w.org\/{rel}","templated":true}]}}