{"id":4378,"date":"2024-01-24T22:27:24","date_gmt":"2024-01-24T21:27:24","guid":{"rendered":"https:\/\/winnicaksiezycowa.pl\/?post_type=product&#038;p=4378"},"modified":"2025-08-25T12:23:27","modified_gmt":"2025-08-25T10:23:27","slug":"solaris-x-2022","status":"publish","type":"product","link":"https:\/\/winnicaksiezycowa.pl\/en\/product\/solaris-x-2022\/","title":{"rendered":"Solaris X 2022"},"content":{"rendered":"<p>A wine that delights with aromas of ripe, juicy peach, a delicate hint of blackcurrant, and a subtle touch of sweetness.\u00a0<strong>Silver medal winner at the 7th International Wine Competition TuchoViniContest.<\/strong><\/p>\n<ul>\n<li><strong>Type:<\/strong>\u00a0White, Semi-dry<\/li>\n<li><strong>Residual sugar<\/strong>: 12,2 g\/l<\/li>\n<li><strong>Total acidity<\/strong>: 7,5 g\/l<\/li>\n<li><strong>Alcohol<\/strong>: 12,5% obj.<\/li>\n<li><strong>Optimal serving temperature<\/strong>: 10-12\u00b0C<\/li>\n<\/ul>","protected":false},"excerpt":{"rendered":"<p>Subtle sweetness combined with spicy acidity.<\/p>","protected":false},"featured_media":4412,"template":"","meta":[],"product_brand":[],"product_cat":[80,75],"product_tag":[],"class_list":{"0":"post-4378","1":"product","2":"type-product","3":"status-publish","4":"has-post-thumbnail","6":"product_cat-polwytrawne","7":"product_cat-biale","9":"first","10":"outofstock","11":"taxable","12":"shipping-taxable","13":"product-type-simple"},"yoast_head":"<!-- This site is optimized with the Yoast SEO plugin v27.0 - https:\/\/yoast.com\/product\/yoast-seo-wordpress\/ -->\n<title>Solaris X 2022 - Winnica Ksi\u0119\u017cycowa<\/title>\n<meta name=\"description\" content=\"Wino, kt\u00f3re urzeka aromatami dojrza\u0142ej soczystej brzoskwini, delikatn\u0105 nut\u0105 czarnej porzeczki i subtelno\u015bci\u0105 s\u0142odyczy.\u00a0Zdobywca srebrnego medalu na 7 Mi\u0119dzynarodowym Konkursie Win TuchoViniContest 2023.\" \/>\n<meta name=\"robots\" content=\"index, follow, max-snippet:-1, max-image-preview:large, max-video-preview:-1\" \/>\n<link rel=\"canonical\" href=\"https:\/\/winnicaksiezycowa.pl\/en\/product\/solaris-x-2022\/\" \/>\n<meta property=\"og:locale\" content=\"en_GB\" \/>\n<meta property=\"og:type\" content=\"article\" \/>\n<meta property=\"og:title\" content=\"Solaris X 2022 - Winnica Ksi\u0119\u017cycowa\" \/>\n<meta property=\"og:description\" content=\"Wino, kt\u00f3re urzeka aromatami dojrza\u0142ej soczystej brzoskwini, delikatn\u0105 nut\u0105 czarnej porzeczki i subtelno\u015bci\u0105 s\u0142odyczy.\u00a0Zdobywca srebrnego medalu na 7 Mi\u0119dzynarodowym Konkursie Win TuchoViniContest 2023.\" \/>\n<meta property=\"og:url\" content=\"https:\/\/winnicaksiezycowa.pl\/en\/product\/solaris-x-2022\/\" \/>\n<meta property=\"og:site_name\" content=\"Winnica Ksi\u0119\u017cycowa\" \/>\n<meta property=\"article:publisher\" content=\"https:\/\/www.facebook.com\/winnicaksiezycowa\" \/>\n<meta property=\"article:modified_time\" content=\"2025-08-25T10:23:27+00:00\" \/>\n<meta property=\"og:image\" content=\"https:\/\/winnicaksiezycowa.pl\/wp-content\/uploads\/2024\/01\/Solaris-X-2022-shop-medal.png\" \/>\n\t<meta property=\"og:image:width\" content=\"850\" \/>\n\t<meta property=\"og:image:height\" content=\"850\" \/>\n\t<meta property=\"og:image:type\" content=\"image\/png\" \/>\n<meta name=\"twitter:card\" content=\"summary_large_image\" \/>\n<meta name=\"twitter:label1\" content=\"Estimated reading time\" \/>\n\t<meta name=\"twitter:data1\" content=\"1 minute\" \/>\n<script type=\"application\/ld+json\" class=\"yoast-schema-graph\">{\"@context\":\"https:\/\/schema.org\",\"@graph\":[{\"@type\":\"WebPage\",\"@id\":\"https:\/\/winnicaksiezycowa.pl\/produkt\/solaris-x-2022\/\",\"url\":\"https:\/\/winnicaksiezycowa.pl\/produkt\/solaris-x-2022\/\",\"name\":\"Solaris X 2022 - Winnica Ksi\u0119\u017cycowa\",\"isPartOf\":{\"@id\":\"https:\/\/winnicaksiezycowa.pl\/#website\"},\"primaryImageOfPage\":{\"@id\":\"https:\/\/winnicaksiezycowa.pl\/produkt\/solaris-x-2022\/#primaryimage\"},\"image\":{\"@id\":\"https:\/\/winnicaksiezycowa.pl\/produkt\/solaris-x-2022\/#primaryimage\"},\"thumbnailUrl\":\"https:\/\/winnicaksiezycowa.pl\/wp-content\/uploads\/2024\/01\/Solaris-X-2022-shop-medal.png\",\"datePublished\":\"2024-01-24T21:27:24+00:00\",\"dateModified\":\"2025-08-25T10:23:27+00:00\",\"description\":\"Wino, kt\u00f3re urzeka aromatami dojrza\u0142ej soczystej brzoskwini, delikatn\u0105 nut\u0105 czarnej porzeczki i subtelno\u015bci\u0105 s\u0142odyczy.\u00a0Zdobywca srebrnego medalu na 7 Mi\u0119dzynarodowym Konkursie Win TuchoViniContest 2023.\",\"breadcrumb\":{\"@id\":\"https:\/\/winnicaksiezycowa.pl\/produkt\/solaris-x-2022\/#breadcrumb\"},\"inLanguage\":\"en-GB\",\"potentialAction\":[{\"@type\":\"ReadAction\",\"target\":[\"https:\/\/winnicaksiezycowa.pl\/produkt\/solaris-x-2022\/\"]}]},{\"@type\":\"ImageObject\",\"inLanguage\":\"en-GB\",\"@id\":\"https:\/\/winnicaksiezycowa.pl\/produkt\/solaris-x-2022\/#primaryimage\",\"url\":\"https:\/\/winnicaksiezycowa.pl\/wp-content\/uploads\/2024\/01\/Solaris-X-2022-shop-medal.png\",\"contentUrl\":\"https:\/\/winnicaksiezycowa.pl\/wp-content\/uploads\/2024\/01\/Solaris-X-2022-shop-medal.png\",\"width\":850,\"height\":850},{\"@type\":\"BreadcrumbList\",\"@id\":\"https:\/\/winnicaksiezycowa.pl\/produkt\/solaris-x-2022\/#breadcrumb\",\"itemListElement\":[{\"@type\":\"ListItem\",\"position\":1,\"name\":\"Strona g\u0142\u00f3wna\",\"item\":\"https:\/\/winnicaksiezycowa.pl\/\"},{\"@type\":\"ListItem\",\"position\":2,\"name\":\"Produkty\",\"item\":\"https:\/\/winnicaksiezycowa.pl\/shop\/\"},{\"@type\":\"ListItem\",\"position\":3,\"name\":\"Solaris X 2022\"}]},{\"@type\":\"WebSite\",\"@id\":\"https:\/\/winnicaksiezycowa.pl\/#website\",\"url\":\"https:\/\/winnicaksiezycowa.pl\/\",\"name\":\"Winnica Ksi\u0119\u017cycowa\",\"description\":\"Miejsce, gdzie jako\u015b\u0107 spotyka pasj\u0119.\",\"publisher\":{\"@id\":\"https:\/\/winnicaksiezycowa.pl\/#organization\"},\"potentialAction\":[{\"@type\":\"SearchAction\",\"target\":{\"@type\":\"EntryPoint\",\"urlTemplate\":\"https:\/\/winnicaksiezycowa.pl\/?s={search_term_string}\"},\"query-input\":{\"@type\":\"PropertyValueSpecification\",\"valueRequired\":true,\"valueName\":\"search_term_string\"}}],\"inLanguage\":\"en-GB\"},{\"@type\":\"Organization\",\"@id\":\"https:\/\/winnicaksiezycowa.pl\/#organization\",\"name\":\"Winnica Ksi\u0119\u017cycowa\",\"url\":\"https:\/\/winnicaksiezycowa.pl\/\",\"logo\":{\"@type\":\"ImageObject\",\"inLanguage\":\"en-GB\",\"@id\":\"https:\/\/winnicaksiezycowa.pl\/#\/schema\/logo\/image\/\",\"url\":\"https:\/\/winnicaksiezycowa.pl\/wp-content\/uploads\/2024\/01\/poziom-final-normal-300x115-1.png\",\"contentUrl\":\"https:\/\/winnicaksiezycowa.pl\/wp-content\/uploads\/2024\/01\/poziom-final-normal-300x115-1.png\",\"width\":300,\"height\":115,\"caption\":\"Winnica Ksi\u0119\u017cycowa\"},\"image\":{\"@id\":\"https:\/\/winnicaksiezycowa.pl\/#\/schema\/logo\/image\/\"},\"sameAs\":[\"https:\/\/www.facebook.com\/winnicaksiezycowa\",\"https:\/\/www.instagram.com\/winnicaksiezycowa\/\"]}]}<\/script>\n<!-- \/ Yoast SEO plugin. -->","yoast_head_json":{"title":"Solaris X 2022 - Winnica Ksi\u0119\u017cycowa","description":"Wino, kt\u00f3re urzeka aromatami dojrza\u0142ej soczystej brzoskwini, delikatn\u0105 nut\u0105 czarnej porzeczki i subtelno\u015bci\u0105 s\u0142odyczy.\u00a0Zdobywca srebrnego medalu na 7 Mi\u0119dzynarodowym Konkursie Win TuchoViniContest 2023.","robots":{"index":"index","follow":"follow","max-snippet":"max-snippet:-1","max-image-preview":"max-image-preview:large","max-video-preview":"max-video-preview:-1"},"canonical":"https:\/\/winnicaksiezycowa.pl\/en\/product\/solaris-x-2022\/","og_locale":"en_GB","og_type":"article","og_title":"Solaris X 2022 - Winnica Ksi\u0119\u017cycowa","og_description":"Wino, kt\u00f3re urzeka aromatami dojrza\u0142ej soczystej brzoskwini, delikatn\u0105 nut\u0105 czarnej porzeczki i subtelno\u015bci\u0105 s\u0142odyczy.\u00a0Zdobywca srebrnego medalu na 7 Mi\u0119dzynarodowym Konkursie Win TuchoViniContest 2023.","og_url":"https:\/\/winnicaksiezycowa.pl\/en\/product\/solaris-x-2022\/","og_site_name":"Winnica Ksi\u0119\u017cycowa","article_publisher":"https:\/\/www.facebook.com\/winnicaksiezycowa","article_modified_time":"2025-08-25T10:23:27+00:00","og_image":[{"width":850,"height":850,"url":"https:\/\/winnicaksiezycowa.pl\/wp-content\/uploads\/2024\/01\/Solaris-X-2022-shop-medal.png","type":"image\/png"}],"twitter_card":"summary_large_image","twitter_misc":{"Estimated reading time":"1 minute"},"schema":{"@context":"https:\/\/schema.org","@graph":[{"@type":"WebPage","@id":"https:\/\/winnicaksiezycowa.pl\/produkt\/solaris-x-2022\/","url":"https:\/\/winnicaksiezycowa.pl\/produkt\/solaris-x-2022\/","name":"Solaris X 2022 - Winnica Ksi\u0119\u017cycowa","isPartOf":{"@id":"https:\/\/winnicaksiezycowa.pl\/#website"},"primaryImageOfPage":{"@id":"https:\/\/winnicaksiezycowa.pl\/produkt\/solaris-x-2022\/#primaryimage"},"image":{"@id":"https:\/\/winnicaksiezycowa.pl\/produkt\/solaris-x-2022\/#primaryimage"},"thumbnailUrl":"https:\/\/winnicaksiezycowa.pl\/wp-content\/uploads\/2024\/01\/Solaris-X-2022-shop-medal.png","datePublished":"2024-01-24T21:27:24+00:00","dateModified":"2025-08-25T10:23:27+00:00","description":"Wino, kt\u00f3re urzeka aromatami dojrza\u0142ej soczystej brzoskwini, delikatn\u0105 nut\u0105 czarnej porzeczki i subtelno\u015bci\u0105 s\u0142odyczy.\u00a0Zdobywca srebrnego medalu na 7 Mi\u0119dzynarodowym Konkursie Win TuchoViniContest 2023.","breadcrumb":{"@id":"https:\/\/winnicaksiezycowa.pl\/produkt\/solaris-x-2022\/#breadcrumb"},"inLanguage":"en-GB","potentialAction":[{"@type":"ReadAction","target":["https:\/\/winnicaksiezycowa.pl\/produkt\/solaris-x-2022\/"]}]},{"@type":"ImageObject","inLanguage":"en-GB","@id":"https:\/\/winnicaksiezycowa.pl\/produkt\/solaris-x-2022\/#primaryimage","url":"https:\/\/winnicaksiezycowa.pl\/wp-content\/uploads\/2024\/01\/Solaris-X-2022-shop-medal.png","contentUrl":"https:\/\/winnicaksiezycowa.pl\/wp-content\/uploads\/2024\/01\/Solaris-X-2022-shop-medal.png","width":850,"height":850},{"@type":"BreadcrumbList","@id":"https:\/\/winnicaksiezycowa.pl\/produkt\/solaris-x-2022\/#breadcrumb","itemListElement":[{"@type":"ListItem","position":1,"name":"Strona g\u0142\u00f3wna","item":"https:\/\/winnicaksiezycowa.pl\/"},{"@type":"ListItem","position":2,"name":"Produkty","item":"https:\/\/winnicaksiezycowa.pl\/shop\/"},{"@type":"ListItem","position":3,"name":"Solaris X 2022"}]},{"@type":"WebSite","@id":"https:\/\/winnicaksiezycowa.pl\/#website","url":"https:\/\/winnicaksiezycowa.pl\/","name":"Moon Vineyard","description":"Miejsce, gdzie jako\u015b\u0107 spotyka pasj\u0119.","publisher":{"@id":"https:\/\/winnicaksiezycowa.pl\/#organization"},"potentialAction":[{"@type":"SearchAction","target":{"@type":"EntryPoint","urlTemplate":"https:\/\/winnicaksiezycowa.pl\/?s={search_term_string}"},"query-input":{"@type":"PropertyValueSpecification","valueRequired":true,"valueName":"search_term_string"}}],"inLanguage":"en-GB"},{"@type":"Organization","@id":"https:\/\/winnicaksiezycowa.pl\/#organization","name":"Moon Vineyard","url":"https:\/\/winnicaksiezycowa.pl\/","logo":{"@type":"ImageObject","inLanguage":"en-GB","@id":"https:\/\/winnicaksiezycowa.pl\/#\/schema\/logo\/image\/","url":"https:\/\/winnicaksiezycowa.pl\/wp-content\/uploads\/2024\/01\/poziom-final-normal-300x115-1.png","contentUrl":"https:\/\/winnicaksiezycowa.pl\/wp-content\/uploads\/2024\/01\/poziom-final-normal-300x115-1.png","width":300,"height":115,"caption":"Winnica Ksi\u0119\u017cycowa"},"image":{"@id":"https:\/\/winnicaksiezycowa.pl\/#\/schema\/logo\/image\/"},"sameAs":["https:\/\/www.facebook.com\/winnicaksiezycowa","https:\/\/www.instagram.com\/winnicaksiezycowa\/"]}]}},"jetpack_sharing_enabled":true,"_links":{"self":[{"href":"https:\/\/winnicaksiezycowa.pl\/en\/wp-json\/wp\/v2\/product\/4378","targetHints":{"allow":["GET"]}}],"collection":[{"href":"https:\/\/winnicaksiezycowa.pl\/en\/wp-json\/wp\/v2\/product"}],"about":[{"href":"https:\/\/winnicaksiezycowa.pl\/en\/wp-json\/wp\/v2\/types\/product"}],"wp:featuredmedia":[{"embeddable":true,"href":"https:\/\/winnicaksiezycowa.pl\/en\/wp-json\/wp\/v2\/media\/4412"}],"wp:attachment":[{"href":"https:\/\/winnicaksiezycowa.pl\/en\/wp-json\/wp\/v2\/media?parent=4378"}],"wp:term":[{"taxonomy":"product_brand","embeddable":true,"href":"https:\/\/winnicaksiezycowa.pl\/en\/wp-json\/wp\/v2\/product_brand?post=4378"},{"taxonomy":"product_cat","embeddable":true,"href":"https:\/\/winnicaksiezycowa.pl\/en\/wp-json\/wp\/v2\/product_cat?post=4378"},{"taxonomy":"product_tag","embeddable":true,"href":"https:\/\/winnicaksiezycowa.pl\/en\/wp-json\/wp\/v2\/product_tag?post=4378"}],"curies":[{"name":"wp","href":"https:\/\/api.w.org\/{rel}","templated":true}]}}