{"id":4990,"date":"2025-04-17T08:37:08","date_gmt":"2025-04-17T06:37:08","guid":{"rendered":"https:\/\/winnicaksiezycowa.pl\/?post_type=product&#038;p=4990"},"modified":"2025-12-05T22:08:58","modified_gmt":"2025-12-05T21:08:58","slug":"lunar-blanc-24-frizzante","status":"publish","type":"product","link":"https:\/\/winnicaksiezycowa.pl\/en\/product\/lunar-blanc-24-frizzante\/","title":{"rendered":"Lunar Blanc &#8217;24 Frizzante"},"content":{"rendered":"<p>A semi-sweet, lightly sparkling white wine that enchants with its bouquet of floral and muscat aromas. Balanced sweetness, complemented by refreshing acidity, creates a light and harmonious profile. Its gentle bubbles enhance the wine\u2019s freshness, making it a perfect choice for warm summer days.<\/p>\n<ul>\n<li><strong>Type:<\/strong> Semi-sweet, gently sparkling, white wine<\/li>\n<li><strong>Residual sugar:<\/strong> 22 g\/l<\/li>\n<li><strong>Total acidity<\/strong>: 7,6 g\/l<\/li>\n<li><strong>Alcohol<\/strong>: 10,5% obj.<\/li>\n<li><strong>Optimal serving temperature<\/strong>: 4-10\u00b0C<\/li>\n<\/ul>","protected":false},"excerpt":{"rendered":"<p>Floral and muscat nose with gentle sweetness and refreshing bubbles.<\/p>","protected":false},"featured_media":5009,"template":"","meta":[],"product_brand":[],"product_cat":[88,75,77],"product_tag":[],"class_list":{"0":"post-4990","1":"product","2":"type-product","3":"status-publish","4":"has-post-thumbnail","6":"product_cat-polslodkie","7":"product_cat-biale","8":"product_cat-musujace","10":"first","11":"outofstock","12":"taxable","13":"shipping-taxable","14":"purchasable","15":"product-type-simple"},"yoast_head":"<!-- This site is optimized with the Yoast SEO plugin v27.0 - https:\/\/yoast.com\/product\/yoast-seo-wordpress\/ -->\n<title>Lunar Blanc &#039;24 Frizzante - Winnica Ksi\u0119\u017cycowa<\/title>\n<meta name=\"description\" content=\"Wino bia\u0142e p\u00f3\u0142s\u0142odkie gazowane p\u00f3\u0142musuj\u0105ce, zachwycaj\u0105ce bukietem kwiatowych i muszkatowych aromat\u00f3w. Wywa\u017cona s\u0142odycz prze\u0142amana orze\u017awiaj\u0105c\u0105 kwasowo\u015bci\u0105 tworzy lekk\u0105, harmonijn\u0105 ca\u0142o\u015b\u0107. Delikatne perlenie podkre\u015bla \u015bwie\u017co\u015b\u0107 wina, sprawiaj\u0105c, \u017ce jest ono idealnym wyborem na ciep\u0142e, letnie dni.\" \/>\n<meta name=\"robots\" content=\"index, follow, max-snippet:-1, max-image-preview:large, max-video-preview:-1\" \/>\n<link rel=\"canonical\" href=\"https:\/\/winnicaksiezycowa.pl\/en\/product\/lunar-blanc-24-frizzante\/\" \/>\n<meta property=\"og:locale\" content=\"en_GB\" \/>\n<meta property=\"og:type\" content=\"article\" \/>\n<meta property=\"og:title\" content=\"Lunar Blanc &#039;24 Frizzante - Winnica Ksi\u0119\u017cycowa\" \/>\n<meta property=\"og:description\" content=\"Wino bia\u0142e p\u00f3\u0142s\u0142odkie gazowane p\u00f3\u0142musuj\u0105ce, zachwycaj\u0105ce bukietem kwiatowych i muszkatowych aromat\u00f3w. Wywa\u017cona s\u0142odycz prze\u0142amana orze\u017awiaj\u0105c\u0105 kwasowo\u015bci\u0105 tworzy lekk\u0105, harmonijn\u0105 ca\u0142o\u015b\u0107. Delikatne perlenie podkre\u015bla \u015bwie\u017co\u015b\u0107 wina, sprawiaj\u0105c, \u017ce jest ono idealnym wyborem na ciep\u0142e, letnie dni.\" \/>\n<meta property=\"og:url\" content=\"https:\/\/winnicaksiezycowa.pl\/en\/product\/lunar-blanc-24-frizzante\/\" \/>\n<meta property=\"og:site_name\" content=\"Winnica Ksi\u0119\u017cycowa\" \/>\n<meta property=\"article:publisher\" content=\"https:\/\/www.facebook.com\/winnicaksiezycowa\" \/>\n<meta property=\"article:modified_time\" content=\"2025-12-05T21:08:58+00:00\" \/>\n<meta property=\"og:image\" content=\"https:\/\/winnicaksiezycowa.pl\/wp-content\/uploads\/2025\/04\/Lunar-Blanc-24-white-bg.png\" \/>\n\t<meta property=\"og:image:width\" content=\"850\" \/>\n\t<meta property=\"og:image:height\" content=\"850\" \/>\n\t<meta property=\"og:image:type\" content=\"image\/png\" \/>\n<meta name=\"twitter:card\" content=\"summary_large_image\" \/>\n<meta name=\"twitter:label1\" content=\"Estimated reading time\" \/>\n\t<meta name=\"twitter:data1\" content=\"1 minute\" \/>\n<script type=\"application\/ld+json\" class=\"yoast-schema-graph\">{\"@context\":\"https:\/\/schema.org\",\"@graph\":[{\"@type\":\"WebPage\",\"@id\":\"https:\/\/winnicaksiezycowa.pl\/produkt\/lunar-blanc-24-frizzante\/\",\"url\":\"https:\/\/winnicaksiezycowa.pl\/produkt\/lunar-blanc-24-frizzante\/\",\"name\":\"Lunar Blanc '24 Frizzante - Winnica Ksi\u0119\u017cycowa\",\"isPartOf\":{\"@id\":\"https:\/\/winnicaksiezycowa.pl\/#website\"},\"primaryImageOfPage\":{\"@id\":\"https:\/\/winnicaksiezycowa.pl\/produkt\/lunar-blanc-24-frizzante\/#primaryimage\"},\"image\":{\"@id\":\"https:\/\/winnicaksiezycowa.pl\/produkt\/lunar-blanc-24-frizzante\/#primaryimage\"},\"thumbnailUrl\":\"https:\/\/winnicaksiezycowa.pl\/wp-content\/uploads\/2025\/04\/Lunar-Blanc-24-white-bg.png\",\"datePublished\":\"2025-04-17T06:37:08+00:00\",\"dateModified\":\"2025-12-05T21:08:58+00:00\",\"description\":\"Wino bia\u0142e p\u00f3\u0142s\u0142odkie gazowane p\u00f3\u0142musuj\u0105ce, zachwycaj\u0105ce bukietem kwiatowych i muszkatowych aromat\u00f3w. Wywa\u017cona s\u0142odycz prze\u0142amana orze\u017awiaj\u0105c\u0105 kwasowo\u015bci\u0105 tworzy lekk\u0105, harmonijn\u0105 ca\u0142o\u015b\u0107. Delikatne perlenie podkre\u015bla \u015bwie\u017co\u015b\u0107 wina, sprawiaj\u0105c, \u017ce jest ono idealnym wyborem na ciep\u0142e, letnie dni.\",\"breadcrumb\":{\"@id\":\"https:\/\/winnicaksiezycowa.pl\/produkt\/lunar-blanc-24-frizzante\/#breadcrumb\"},\"inLanguage\":\"en-GB\",\"potentialAction\":[{\"@type\":\"ReadAction\",\"target\":[\"https:\/\/winnicaksiezycowa.pl\/produkt\/lunar-blanc-24-frizzante\/\"]}]},{\"@type\":\"ImageObject\",\"inLanguage\":\"en-GB\",\"@id\":\"https:\/\/winnicaksiezycowa.pl\/produkt\/lunar-blanc-24-frizzante\/#primaryimage\",\"url\":\"https:\/\/winnicaksiezycowa.pl\/wp-content\/uploads\/2025\/04\/Lunar-Blanc-24-white-bg.png\",\"contentUrl\":\"https:\/\/winnicaksiezycowa.pl\/wp-content\/uploads\/2025\/04\/Lunar-Blanc-24-white-bg.png\",\"width\":850,\"height\":850},{\"@type\":\"BreadcrumbList\",\"@id\":\"https:\/\/winnicaksiezycowa.pl\/produkt\/lunar-blanc-24-frizzante\/#breadcrumb\",\"itemListElement\":[{\"@type\":\"ListItem\",\"position\":1,\"name\":\"Strona g\u0142\u00f3wna\",\"item\":\"https:\/\/winnicaksiezycowa.pl\/\"},{\"@type\":\"ListItem\",\"position\":2,\"name\":\"Produkty\",\"item\":\"https:\/\/winnicaksiezycowa.pl\/shop\/\"},{\"@type\":\"ListItem\",\"position\":3,\"name\":\"Lunar Blanc &#8217;24 Frizzante\"}]},{\"@type\":\"WebSite\",\"@id\":\"https:\/\/winnicaksiezycowa.pl\/#website\",\"url\":\"https:\/\/winnicaksiezycowa.pl\/\",\"name\":\"Winnica Ksi\u0119\u017cycowa\",\"description\":\"Miejsce, gdzie jako\u015b\u0107 spotyka pasj\u0119.\",\"publisher\":{\"@id\":\"https:\/\/winnicaksiezycowa.pl\/#organization\"},\"potentialAction\":[{\"@type\":\"SearchAction\",\"target\":{\"@type\":\"EntryPoint\",\"urlTemplate\":\"https:\/\/winnicaksiezycowa.pl\/?s={search_term_string}\"},\"query-input\":{\"@type\":\"PropertyValueSpecification\",\"valueRequired\":true,\"valueName\":\"search_term_string\"}}],\"inLanguage\":\"en-GB\"},{\"@type\":\"Organization\",\"@id\":\"https:\/\/winnicaksiezycowa.pl\/#organization\",\"name\":\"Winnica Ksi\u0119\u017cycowa\",\"url\":\"https:\/\/winnicaksiezycowa.pl\/\",\"logo\":{\"@type\":\"ImageObject\",\"inLanguage\":\"en-GB\",\"@id\":\"https:\/\/winnicaksiezycowa.pl\/#\/schema\/logo\/image\/\",\"url\":\"https:\/\/winnicaksiezycowa.pl\/wp-content\/uploads\/2024\/01\/poziom-final-normal-300x115-1.png\",\"contentUrl\":\"https:\/\/winnicaksiezycowa.pl\/wp-content\/uploads\/2024\/01\/poziom-final-normal-300x115-1.png\",\"width\":300,\"height\":115,\"caption\":\"Winnica Ksi\u0119\u017cycowa\"},\"image\":{\"@id\":\"https:\/\/winnicaksiezycowa.pl\/#\/schema\/logo\/image\/\"},\"sameAs\":[\"https:\/\/www.facebook.com\/winnicaksiezycowa\",\"https:\/\/www.instagram.com\/winnicaksiezycowa\/\"]}]}<\/script>\n<!-- \/ Yoast SEO plugin. -->","yoast_head_json":{"title":"Lunar Blanc '24 Frizzante - Winnica Ksi\u0119\u017cycowa","description":"A semi-sweet, lightly sparkling white wine that enchants with its bouquet of floral and muscat aromas. Balanced sweetness, complemented by refreshing acidity, creates a light and harmonious profile. Its gentle bubbles enhance the wine\u2019s freshness, making it a perfect choice for warm summer days.","robots":{"index":"index","follow":"follow","max-snippet":"max-snippet:-1","max-image-preview":"max-image-preview:large","max-video-preview":"max-video-preview:-1"},"canonical":"https:\/\/winnicaksiezycowa.pl\/en\/product\/lunar-blanc-24-frizzante\/","og_locale":"en_GB","og_type":"article","og_title":"Lunar Blanc '24 Frizzante - Winnica Ksi\u0119\u017cycowa","og_description":"Wino bia\u0142e p\u00f3\u0142s\u0142odkie gazowane p\u00f3\u0142musuj\u0105ce, zachwycaj\u0105ce bukietem kwiatowych i muszkatowych aromat\u00f3w. Wywa\u017cona s\u0142odycz prze\u0142amana orze\u017awiaj\u0105c\u0105 kwasowo\u015bci\u0105 tworzy lekk\u0105, harmonijn\u0105 ca\u0142o\u015b\u0107. Delikatne perlenie podkre\u015bla \u015bwie\u017co\u015b\u0107 wina, sprawiaj\u0105c, \u017ce jest ono idealnym wyborem na ciep\u0142e, letnie dni.","og_url":"https:\/\/winnicaksiezycowa.pl\/en\/product\/lunar-blanc-24-frizzante\/","og_site_name":"Winnica Ksi\u0119\u017cycowa","article_publisher":"https:\/\/www.facebook.com\/winnicaksiezycowa","article_modified_time":"2025-12-05T21:08:58+00:00","og_image":[{"width":850,"height":850,"url":"https:\/\/winnicaksiezycowa.pl\/wp-content\/uploads\/2025\/04\/Lunar-Blanc-24-white-bg.png","type":"image\/png"}],"twitter_card":"summary_large_image","twitter_misc":{"Estimated reading time":"1 minute"},"schema":{"@context":"https:\/\/schema.org","@graph":[{"@type":"WebPage","@id":"https:\/\/winnicaksiezycowa.pl\/produkt\/lunar-blanc-24-frizzante\/","url":"https:\/\/winnicaksiezycowa.pl\/produkt\/lunar-blanc-24-frizzante\/","name":"Lunar Blanc '24 Frizzante - Winnica Ksi\u0119\u017cycowa","isPartOf":{"@id":"https:\/\/winnicaksiezycowa.pl\/#website"},"primaryImageOfPage":{"@id":"https:\/\/winnicaksiezycowa.pl\/produkt\/lunar-blanc-24-frizzante\/#primaryimage"},"image":{"@id":"https:\/\/winnicaksiezycowa.pl\/produkt\/lunar-blanc-24-frizzante\/#primaryimage"},"thumbnailUrl":"https:\/\/winnicaksiezycowa.pl\/wp-content\/uploads\/2025\/04\/Lunar-Blanc-24-white-bg.png","datePublished":"2025-04-17T06:37:08+00:00","dateModified":"2025-12-05T21:08:58+00:00","description":"A semi-sweet, lightly sparkling white wine that enchants with its bouquet of floral and muscat aromas. Balanced sweetness, complemented by refreshing acidity, creates a light and harmonious profile. Its gentle bubbles enhance the wine\u2019s freshness, making it a perfect choice for warm summer days.","breadcrumb":{"@id":"https:\/\/winnicaksiezycowa.pl\/produkt\/lunar-blanc-24-frizzante\/#breadcrumb"},"inLanguage":"en-GB","potentialAction":[{"@type":"ReadAction","target":["https:\/\/winnicaksiezycowa.pl\/produkt\/lunar-blanc-24-frizzante\/"]}]},{"@type":"ImageObject","inLanguage":"en-GB","@id":"https:\/\/winnicaksiezycowa.pl\/produkt\/lunar-blanc-24-frizzante\/#primaryimage","url":"https:\/\/winnicaksiezycowa.pl\/wp-content\/uploads\/2025\/04\/Lunar-Blanc-24-white-bg.png","contentUrl":"https:\/\/winnicaksiezycowa.pl\/wp-content\/uploads\/2025\/04\/Lunar-Blanc-24-white-bg.png","width":850,"height":850},{"@type":"BreadcrumbList","@id":"https:\/\/winnicaksiezycowa.pl\/produkt\/lunar-blanc-24-frizzante\/#breadcrumb","itemListElement":[{"@type":"ListItem","position":1,"name":"Strona g\u0142\u00f3wna","item":"https:\/\/winnicaksiezycowa.pl\/"},{"@type":"ListItem","position":2,"name":"Produkty","item":"https:\/\/winnicaksiezycowa.pl\/shop\/"},{"@type":"ListItem","position":3,"name":"Lunar Blanc &#8217;24 Frizzante"}]},{"@type":"WebSite","@id":"https:\/\/winnicaksiezycowa.pl\/#website","url":"https:\/\/winnicaksiezycowa.pl\/","name":"Moon Vineyard","description":"Miejsce, gdzie jako\u015b\u0107 spotyka pasj\u0119.","publisher":{"@id":"https:\/\/winnicaksiezycowa.pl\/#organization"},"potentialAction":[{"@type":"SearchAction","target":{"@type":"EntryPoint","urlTemplate":"https:\/\/winnicaksiezycowa.pl\/?s={search_term_string}"},"query-input":{"@type":"PropertyValueSpecification","valueRequired":true,"valueName":"search_term_string"}}],"inLanguage":"en-GB"},{"@type":"Organization","@id":"https:\/\/winnicaksiezycowa.pl\/#organization","name":"Moon Vineyard","url":"https:\/\/winnicaksiezycowa.pl\/","logo":{"@type":"ImageObject","inLanguage":"en-GB","@id":"https:\/\/winnicaksiezycowa.pl\/#\/schema\/logo\/image\/","url":"https:\/\/winnicaksiezycowa.pl\/wp-content\/uploads\/2024\/01\/poziom-final-normal-300x115-1.png","contentUrl":"https:\/\/winnicaksiezycowa.pl\/wp-content\/uploads\/2024\/01\/poziom-final-normal-300x115-1.png","width":300,"height":115,"caption":"Winnica Ksi\u0119\u017cycowa"},"image":{"@id":"https:\/\/winnicaksiezycowa.pl\/#\/schema\/logo\/image\/"},"sameAs":["https:\/\/www.facebook.com\/winnicaksiezycowa","https:\/\/www.instagram.com\/winnicaksiezycowa\/"]}]}},"jetpack_sharing_enabled":true,"_links":{"self":[{"href":"https:\/\/winnicaksiezycowa.pl\/en\/wp-json\/wp\/v2\/product\/4990","targetHints":{"allow":["GET"]}}],"collection":[{"href":"https:\/\/winnicaksiezycowa.pl\/en\/wp-json\/wp\/v2\/product"}],"about":[{"href":"https:\/\/winnicaksiezycowa.pl\/en\/wp-json\/wp\/v2\/types\/product"}],"wp:featuredmedia":[{"embeddable":true,"href":"https:\/\/winnicaksiezycowa.pl\/en\/wp-json\/wp\/v2\/media\/5009"}],"wp:attachment":[{"href":"https:\/\/winnicaksiezycowa.pl\/en\/wp-json\/wp\/v2\/media?parent=4990"}],"wp:term":[{"taxonomy":"product_brand","embeddable":true,"href":"https:\/\/winnicaksiezycowa.pl\/en\/wp-json\/wp\/v2\/product_brand?post=4990"},{"taxonomy":"product_cat","embeddable":true,"href":"https:\/\/winnicaksiezycowa.pl\/en\/wp-json\/wp\/v2\/product_cat?post=4990"},{"taxonomy":"product_tag","embeddable":true,"href":"https:\/\/winnicaksiezycowa.pl\/en\/wp-json\/wp\/v2\/product_tag?post=4990"}],"curies":[{"name":"wp","href":"https:\/\/api.w.org\/{rel}","templated":true}]}}