{"id":5246,"date":"2025-11-30T17:18:32","date_gmt":"2025-11-30T16:18:32","guid":{"rendered":"https:\/\/winnicaksiezycowa.pl\/?post_type=product&#038;p=5246"},"modified":"2025-11-30T17:45:48","modified_gmt":"2025-11-30T16:45:48","slug":"dark-side-of-the-moon","status":"publish","type":"product","link":"https:\/\/winnicaksiezycowa.pl\/en\/product\/dark-side-of-the-moon\/","title":{"rendered":"Dark Side of the Moon"},"content":{"rendered":"<p>A dry red wine that delights from the very first sip with its cohesive, pleasant aroma. On the nose, blackberry and cherry, creating an elegant bouquet. On the palate, it is harmonious and well-balanced, with subtly marked tannins that add structure and emphasize its dry character. Aging in French oak has enriched it with delicate, refined notes, giving the wine additional depth.<\/p>\n<ul>\n<li><strong>Type:<\/strong> red dry<\/li>\n<li><strong>Residual sugar:<\/strong> 1,2 g\/l<\/li>\n<li><strong>Total acidity<\/strong>: 5,2 g\/l<\/li>\n<li><strong>Alcohol<\/strong>: 11% obj.<\/li>\n<li><strong>Optimal serving temperature<\/strong>: 16-18\u00b0C<\/li>\n<\/ul>","protected":false},"excerpt":{"rendered":"<p>A wine with aromas of blackberry and cherry, featuring subtle tannins and delicate accents of French oak.<\/p>","protected":false},"featured_media":5240,"template":"","meta":[],"product_brand":[],"product_cat":[79,78],"product_tag":[],"class_list":{"0":"post-5246","1":"product","2":"type-product","3":"status-publish","4":"has-post-thumbnail","6":"product_cat-wytrawne","7":"product_cat-czerwone","9":"first","10":"instock","11":"taxable","12":"shipping-taxable","13":"purchasable","14":"product-type-simple"},"yoast_head":"<!-- This site is optimized with the Yoast SEO plugin v27.0 - https:\/\/yoast.com\/product\/yoast-seo-wordpress\/ -->\n<title>Dark Side of the Moon - Winnica Ksi\u0119\u017cycowa<\/title>\n<meta name=\"description\" content=\"Wino czerwone wytrawne, kt\u00f3re od pierwszego kontaktu zachwyca sp\u00f3jnym, przyjemnym aromatem. W nosie dominuj\u0105 je\u017cyny i wi\u015bnie, tworz\u0105c elegancki bukiet. Na podniebieniu harmonijne i zbalansowane, z subtelnie zaznaczon\u0105 tanin\u0105, kt\u00f3ra nadaje struktur\u0119 i podkre\u015bla jego wytrawny charakter. Dojrzewanie w beczce z d\u0119bu francuskiego wzbogaci\u0142o je o delikatne, szlachetne akcenty, nadaj\u0105c ca\u0142o\u015bci wi\u0119kszej g\u0142\u0119bi.\" \/>\n<meta name=\"robots\" content=\"index, follow, max-snippet:-1, max-image-preview:large, max-video-preview:-1\" \/>\n<link rel=\"canonical\" href=\"https:\/\/winnicaksiezycowa.pl\/en\/product\/dark-side-of-the-moon\/\" \/>\n<meta property=\"og:locale\" content=\"en_GB\" \/>\n<meta property=\"og:type\" content=\"article\" \/>\n<meta property=\"og:title\" content=\"Dark Side of the Moon - Winnica Ksi\u0119\u017cycowa\" \/>\n<meta property=\"og:description\" content=\"Wino czerwone wytrawne, kt\u00f3re od pierwszego kontaktu zachwyca sp\u00f3jnym, przyjemnym aromatem. W nosie dominuj\u0105 je\u017cyny i wi\u015bnie, tworz\u0105c elegancki bukiet. Na podniebieniu harmonijne i zbalansowane, z subtelnie zaznaczon\u0105 tanin\u0105, kt\u00f3ra nadaje struktur\u0119 i podkre\u015bla jego wytrawny charakter. Dojrzewanie w beczce z d\u0119bu francuskiego wzbogaci\u0142o je o delikatne, szlachetne akcenty, nadaj\u0105c ca\u0142o\u015bci wi\u0119kszej g\u0142\u0119bi.\" \/>\n<meta property=\"og:url\" content=\"https:\/\/winnicaksiezycowa.pl\/en\/product\/dark-side-of-the-moon\/\" \/>\n<meta property=\"og:site_name\" content=\"Winnica Ksi\u0119\u017cycowa\" \/>\n<meta property=\"article:publisher\" content=\"https:\/\/www.facebook.com\/winnicaksiezycowa\" \/>\n<meta property=\"article:modified_time\" content=\"2025-11-30T16:45:48+00:00\" \/>\n<meta property=\"og:image\" content=\"https:\/\/winnicaksiezycowa.pl\/wp-content\/uploads\/2025\/11\/Dark-Side-24.png\" \/>\n\t<meta property=\"og:image:width\" content=\"850\" \/>\n\t<meta property=\"og:image:height\" content=\"850\" \/>\n\t<meta property=\"og:image:type\" content=\"image\/png\" \/>\n<meta name=\"twitter:card\" content=\"summary_large_image\" \/>\n<meta name=\"twitter:label1\" content=\"Estimated reading time\" \/>\n\t<meta name=\"twitter:data1\" content=\"1 minute\" \/>\n<script type=\"application\/ld+json\" class=\"yoast-schema-graph\">{\"@context\":\"https:\/\/schema.org\",\"@graph\":[{\"@type\":\"WebPage\",\"@id\":\"https:\/\/winnicaksiezycowa.pl\/produkt\/dark-side-of-the-moon\/\",\"url\":\"https:\/\/winnicaksiezycowa.pl\/produkt\/dark-side-of-the-moon\/\",\"name\":\"Dark Side of the Moon - Winnica Ksi\u0119\u017cycowa\",\"isPartOf\":{\"@id\":\"https:\/\/winnicaksiezycowa.pl\/#website\"},\"primaryImageOfPage\":{\"@id\":\"https:\/\/winnicaksiezycowa.pl\/produkt\/dark-side-of-the-moon\/#primaryimage\"},\"image\":{\"@id\":\"https:\/\/winnicaksiezycowa.pl\/produkt\/dark-side-of-the-moon\/#primaryimage\"},\"thumbnailUrl\":\"https:\/\/winnicaksiezycowa.pl\/wp-content\/uploads\/2025\/11\/Dark-Side-24.png\",\"datePublished\":\"2025-11-30T16:18:32+00:00\",\"dateModified\":\"2025-11-30T16:45:48+00:00\",\"description\":\"Wino czerwone wytrawne, kt\u00f3re od pierwszego kontaktu zachwyca sp\u00f3jnym, przyjemnym aromatem. W nosie dominuj\u0105 je\u017cyny i wi\u015bnie, tworz\u0105c elegancki bukiet. Na podniebieniu harmonijne i zbalansowane, z subtelnie zaznaczon\u0105 tanin\u0105, kt\u00f3ra nadaje struktur\u0119 i podkre\u015bla jego wytrawny charakter. Dojrzewanie w beczce z d\u0119bu francuskiego wzbogaci\u0142o je o delikatne, szlachetne akcenty, nadaj\u0105c ca\u0142o\u015bci wi\u0119kszej g\u0142\u0119bi.\",\"breadcrumb\":{\"@id\":\"https:\/\/winnicaksiezycowa.pl\/produkt\/dark-side-of-the-moon\/#breadcrumb\"},\"inLanguage\":\"en-GB\",\"potentialAction\":[{\"@type\":\"ReadAction\",\"target\":[\"https:\/\/winnicaksiezycowa.pl\/produkt\/dark-side-of-the-moon\/\"]}]},{\"@type\":\"ImageObject\",\"inLanguage\":\"en-GB\",\"@id\":\"https:\/\/winnicaksiezycowa.pl\/produkt\/dark-side-of-the-moon\/#primaryimage\",\"url\":\"https:\/\/winnicaksiezycowa.pl\/wp-content\/uploads\/2025\/11\/Dark-Side-24.png\",\"contentUrl\":\"https:\/\/winnicaksiezycowa.pl\/wp-content\/uploads\/2025\/11\/Dark-Side-24.png\",\"width\":850,\"height\":850,\"caption\":\"Dark Side of the Moon\"},{\"@type\":\"BreadcrumbList\",\"@id\":\"https:\/\/winnicaksiezycowa.pl\/produkt\/dark-side-of-the-moon\/#breadcrumb\",\"itemListElement\":[{\"@type\":\"ListItem\",\"position\":1,\"name\":\"Strona g\u0142\u00f3wna\",\"item\":\"https:\/\/winnicaksiezycowa.pl\/\"},{\"@type\":\"ListItem\",\"position\":2,\"name\":\"Produkty\",\"item\":\"https:\/\/winnicaksiezycowa.pl\/shop\/\"},{\"@type\":\"ListItem\",\"position\":3,\"name\":\"Dark Side of the Moon\"}]},{\"@type\":\"WebSite\",\"@id\":\"https:\/\/winnicaksiezycowa.pl\/#website\",\"url\":\"https:\/\/winnicaksiezycowa.pl\/\",\"name\":\"Winnica Ksi\u0119\u017cycowa\",\"description\":\"Miejsce, gdzie jako\u015b\u0107 spotyka pasj\u0119.\",\"publisher\":{\"@id\":\"https:\/\/winnicaksiezycowa.pl\/#organization\"},\"potentialAction\":[{\"@type\":\"SearchAction\",\"target\":{\"@type\":\"EntryPoint\",\"urlTemplate\":\"https:\/\/winnicaksiezycowa.pl\/?s={search_term_string}\"},\"query-input\":{\"@type\":\"PropertyValueSpecification\",\"valueRequired\":true,\"valueName\":\"search_term_string\"}}],\"inLanguage\":\"en-GB\"},{\"@type\":\"Organization\",\"@id\":\"https:\/\/winnicaksiezycowa.pl\/#organization\",\"name\":\"Winnica Ksi\u0119\u017cycowa\",\"url\":\"https:\/\/winnicaksiezycowa.pl\/\",\"logo\":{\"@type\":\"ImageObject\",\"inLanguage\":\"en-GB\",\"@id\":\"https:\/\/winnicaksiezycowa.pl\/#\/schema\/logo\/image\/\",\"url\":\"https:\/\/winnicaksiezycowa.pl\/wp-content\/uploads\/2024\/01\/poziom-final-normal-300x115-1.png\",\"contentUrl\":\"https:\/\/winnicaksiezycowa.pl\/wp-content\/uploads\/2024\/01\/poziom-final-normal-300x115-1.png\",\"width\":300,\"height\":115,\"caption\":\"Winnica Ksi\u0119\u017cycowa\"},\"image\":{\"@id\":\"https:\/\/winnicaksiezycowa.pl\/#\/schema\/logo\/image\/\"},\"sameAs\":[\"https:\/\/www.facebook.com\/winnicaksiezycowa\",\"https:\/\/www.instagram.com\/winnicaksiezycowa\/\"]}]}<\/script>\n<!-- \/ Yoast SEO plugin. -->","yoast_head_json":{"title":"Dark Side of the Moon - Winnica Ksi\u0119\u017cycowa","description":"A dry red wine that delights from the very first sip with its cohesive, pleasant aroma. On the nose, blackberry and cherry, creating an elegant bouquet. On the palate, it is harmonious and well-balanced, with subtly marked tannins that add structure and emphasize its dry character. Aging in French oak has enriched it with delicate, refined notes, giving the wine additional depth.","robots":{"index":"index","follow":"follow","max-snippet":"max-snippet:-1","max-image-preview":"max-image-preview:large","max-video-preview":"max-video-preview:-1"},"canonical":"https:\/\/winnicaksiezycowa.pl\/en\/product\/dark-side-of-the-moon\/","og_locale":"en_GB","og_type":"article","og_title":"Dark Side of the Moon - Winnica Ksi\u0119\u017cycowa","og_description":"Wino czerwone wytrawne, kt\u00f3re od pierwszego kontaktu zachwyca sp\u00f3jnym, przyjemnym aromatem. W nosie dominuj\u0105 je\u017cyny i wi\u015bnie, tworz\u0105c elegancki bukiet. Na podniebieniu harmonijne i zbalansowane, z subtelnie zaznaczon\u0105 tanin\u0105, kt\u00f3ra nadaje struktur\u0119 i podkre\u015bla jego wytrawny charakter. Dojrzewanie w beczce z d\u0119bu francuskiego wzbogaci\u0142o je o delikatne, szlachetne akcenty, nadaj\u0105c ca\u0142o\u015bci wi\u0119kszej g\u0142\u0119bi.","og_url":"https:\/\/winnicaksiezycowa.pl\/en\/product\/dark-side-of-the-moon\/","og_site_name":"Winnica Ksi\u0119\u017cycowa","article_publisher":"https:\/\/www.facebook.com\/winnicaksiezycowa","article_modified_time":"2025-11-30T16:45:48+00:00","og_image":[{"width":850,"height":850,"url":"https:\/\/winnicaksiezycowa.pl\/wp-content\/uploads\/2025\/11\/Dark-Side-24.png","type":"image\/png"}],"twitter_card":"summary_large_image","twitter_misc":{"Estimated reading time":"1 minute"},"schema":{"@context":"https:\/\/schema.org","@graph":[{"@type":"WebPage","@id":"https:\/\/winnicaksiezycowa.pl\/produkt\/dark-side-of-the-moon\/","url":"https:\/\/winnicaksiezycowa.pl\/produkt\/dark-side-of-the-moon\/","name":"Dark Side of the Moon - Winnica Ksi\u0119\u017cycowa","isPartOf":{"@id":"https:\/\/winnicaksiezycowa.pl\/#website"},"primaryImageOfPage":{"@id":"https:\/\/winnicaksiezycowa.pl\/produkt\/dark-side-of-the-moon\/#primaryimage"},"image":{"@id":"https:\/\/winnicaksiezycowa.pl\/produkt\/dark-side-of-the-moon\/#primaryimage"},"thumbnailUrl":"https:\/\/winnicaksiezycowa.pl\/wp-content\/uploads\/2025\/11\/Dark-Side-24.png","datePublished":"2025-11-30T16:18:32+00:00","dateModified":"2025-11-30T16:45:48+00:00","description":"A dry red wine that delights from the very first sip with its cohesive, pleasant aroma. On the nose, blackberry and cherry, creating an elegant bouquet. On the palate, it is harmonious and well-balanced, with subtly marked tannins that add structure and emphasize its dry character. Aging in French oak has enriched it with delicate, refined notes, giving the wine additional depth.","breadcrumb":{"@id":"https:\/\/winnicaksiezycowa.pl\/produkt\/dark-side-of-the-moon\/#breadcrumb"},"inLanguage":"en-GB","potentialAction":[{"@type":"ReadAction","target":["https:\/\/winnicaksiezycowa.pl\/produkt\/dark-side-of-the-moon\/"]}]},{"@type":"ImageObject","inLanguage":"en-GB","@id":"https:\/\/winnicaksiezycowa.pl\/produkt\/dark-side-of-the-moon\/#primaryimage","url":"https:\/\/winnicaksiezycowa.pl\/wp-content\/uploads\/2025\/11\/Dark-Side-24.png","contentUrl":"https:\/\/winnicaksiezycowa.pl\/wp-content\/uploads\/2025\/11\/Dark-Side-24.png","width":850,"height":850,"caption":"Dark Side of the Moon"},{"@type":"BreadcrumbList","@id":"https:\/\/winnicaksiezycowa.pl\/produkt\/dark-side-of-the-moon\/#breadcrumb","itemListElement":[{"@type":"ListItem","position":1,"name":"Strona g\u0142\u00f3wna","item":"https:\/\/winnicaksiezycowa.pl\/"},{"@type":"ListItem","position":2,"name":"Produkty","item":"https:\/\/winnicaksiezycowa.pl\/shop\/"},{"@type":"ListItem","position":3,"name":"Dark Side of the Moon"}]},{"@type":"WebSite","@id":"https:\/\/winnicaksiezycowa.pl\/#website","url":"https:\/\/winnicaksiezycowa.pl\/","name":"Moon Vineyard","description":"Miejsce, gdzie jako\u015b\u0107 spotyka pasj\u0119.","publisher":{"@id":"https:\/\/winnicaksiezycowa.pl\/#organization"},"potentialAction":[{"@type":"SearchAction","target":{"@type":"EntryPoint","urlTemplate":"https:\/\/winnicaksiezycowa.pl\/?s={search_term_string}"},"query-input":{"@type":"PropertyValueSpecification","valueRequired":true,"valueName":"search_term_string"}}],"inLanguage":"en-GB"},{"@type":"Organization","@id":"https:\/\/winnicaksiezycowa.pl\/#organization","name":"Moon Vineyard","url":"https:\/\/winnicaksiezycowa.pl\/","logo":{"@type":"ImageObject","inLanguage":"en-GB","@id":"https:\/\/winnicaksiezycowa.pl\/#\/schema\/logo\/image\/","url":"https:\/\/winnicaksiezycowa.pl\/wp-content\/uploads\/2024\/01\/poziom-final-normal-300x115-1.png","contentUrl":"https:\/\/winnicaksiezycowa.pl\/wp-content\/uploads\/2024\/01\/poziom-final-normal-300x115-1.png","width":300,"height":115,"caption":"Winnica Ksi\u0119\u017cycowa"},"image":{"@id":"https:\/\/winnicaksiezycowa.pl\/#\/schema\/logo\/image\/"},"sameAs":["https:\/\/www.facebook.com\/winnicaksiezycowa","https:\/\/www.instagram.com\/winnicaksiezycowa\/"]}]}},"jetpack_sharing_enabled":true,"_links":{"self":[{"href":"https:\/\/winnicaksiezycowa.pl\/en\/wp-json\/wp\/v2\/product\/5246","targetHints":{"allow":["GET"]}}],"collection":[{"href":"https:\/\/winnicaksiezycowa.pl\/en\/wp-json\/wp\/v2\/product"}],"about":[{"href":"https:\/\/winnicaksiezycowa.pl\/en\/wp-json\/wp\/v2\/types\/product"}],"wp:featuredmedia":[{"embeddable":true,"href":"https:\/\/winnicaksiezycowa.pl\/en\/wp-json\/wp\/v2\/media\/5240"}],"wp:attachment":[{"href":"https:\/\/winnicaksiezycowa.pl\/en\/wp-json\/wp\/v2\/media?parent=5246"}],"wp:term":[{"taxonomy":"product_brand","embeddable":true,"href":"https:\/\/winnicaksiezycowa.pl\/en\/wp-json\/wp\/v2\/product_brand?post=5246"},{"taxonomy":"product_cat","embeddable":true,"href":"https:\/\/winnicaksiezycowa.pl\/en\/wp-json\/wp\/v2\/product_cat?post=5246"},{"taxonomy":"product_tag","embeddable":true,"href":"https:\/\/winnicaksiezycowa.pl\/en\/wp-json\/wp\/v2\/product_tag?post=5246"}],"curies":[{"name":"wp","href":"https:\/\/api.w.org\/{rel}","templated":true}]}}