{"id":5418,"date":"2026-04-29T09:04:12","date_gmt":"2026-04-29T07:04:12","guid":{"rendered":"https:\/\/winnicaksiezycowa.pl\/?post_type=product&#038;p=5418"},"modified":"2026-04-29T10:20:06","modified_gmt":"2026-04-29T08:20:06","slug":"solaris-25","status":"publish","type":"product","link":"https:\/\/winnicaksiezycowa.pl\/en\/product\/solaris-25\/","title":{"rendered":"Solaris &#8217;25"},"content":{"rendered":"<p>A wine where juicy peach and refreshing pear blend with spicy citrus notes.\nIts aromatic bouquet and citrusy character provide a fresh and long-lasting finish.<\/p>\n<ul>\n<li><strong>Type:<\/strong> white dry<\/li>\n<li><strong>Residual sugar:<\/strong> 4,4 g\/l<\/li>\n<li><strong>Total acidity<\/strong>: 7 g\/l<\/li>\n<li><strong>Alcohol<\/strong>: 12,5% obj.<\/li>\n<li><strong>Optimal serving temperature<\/strong>: 8-12\u00b0C<\/li>\n<\/ul>","protected":false},"excerpt":{"rendered":"<p>Juicy peaches with refreshing citrus and a long finish.<\/p>","protected":false},"featured_media":5414,"template":"","meta":[],"product_brand":[],"product_cat":[75,79],"product_tag":[],"class_list":{"0":"post-5418","1":"product","2":"type-product","3":"status-publish","4":"has-post-thumbnail","6":"product_cat-biale","7":"product_cat-wytrawne","9":"first","10":"instock","11":"taxable","12":"shipping-taxable","13":"purchasable","14":"product-type-simple"},"yoast_head":"<!-- This site is optimized with the Yoast SEO plugin v27.5 - https:\/\/yoast.com\/product\/yoast-seo-wordpress\/ -->\n<title>Solaris &#039;25 - Winnica Ksi\u0119\u017cycowa<\/title>\n<meta name=\"description\" content=\"Wino, w kt\u00f3rym soczysta brzoskwinia i orze\u017awiaj\u0105ca gruszka \u0142\u0105cz\u0105 si\u0119 z pikantnymi nutami cytrus\u00f3w. Aromatyczny bukiet i cytrusowy charakter tego wina zapewniaj\u0105 \u015bwie\u017cy i d\u0142ugotrwa\u0142y finisz.\" \/>\n<meta name=\"robots\" content=\"index, follow, max-snippet:-1, max-image-preview:large, max-video-preview:-1\" \/>\n<link rel=\"canonical\" href=\"https:\/\/winnicaksiezycowa.pl\/en\/product\/solaris-25\/\" \/>\n<meta property=\"og:locale\" content=\"en_GB\" \/>\n<meta property=\"og:type\" content=\"article\" \/>\n<meta property=\"og:title\" content=\"Solaris &#039;25 - Winnica Ksi\u0119\u017cycowa\" \/>\n<meta property=\"og:description\" content=\"Wino, w kt\u00f3rym soczysta brzoskwinia i orze\u017awiaj\u0105ca gruszka \u0142\u0105cz\u0105 si\u0119 z pikantnymi nutami cytrus\u00f3w. Aromatyczny bukiet i cytrusowy charakter tego wina zapewniaj\u0105 \u015bwie\u017cy i d\u0142ugotrwa\u0142y finisz.\" \/>\n<meta property=\"og:url\" content=\"https:\/\/winnicaksiezycowa.pl\/en\/product\/solaris-25\/\" \/>\n<meta property=\"og:site_name\" content=\"Winnica Ksi\u0119\u017cycowa\" \/>\n<meta property=\"article:publisher\" content=\"https:\/\/www.facebook.com\/winnicaksiezycowa\" \/>\n<meta property=\"article:modified_time\" content=\"2026-04-29T08:20:06+00:00\" \/>\n<meta property=\"og:image\" content=\"https:\/\/winnicaksiezycowa.pl\/wp-content\/uploads\/2026\/04\/Solaris-25-white-bg.png\" \/>\n\t<meta property=\"og:image:width\" content=\"850\" \/>\n\t<meta property=\"og:image:height\" content=\"850\" \/>\n\t<meta property=\"og:image:type\" content=\"image\/png\" \/>\n<meta name=\"twitter:card\" content=\"summary_large_image\" \/>\n<meta name=\"twitter:label1\" content=\"Estimated reading time\" \/>\n\t<meta name=\"twitter:data1\" content=\"1 minute\" \/>\n<script type=\"application\/ld+json\" class=\"yoast-schema-graph\">{\"@context\":\"https:\\\/\\\/schema.org\",\"@graph\":[{\"@type\":\"WebPage\",\"@id\":\"https:\\\/\\\/winnicaksiezycowa.pl\\\/produkt\\\/solaris-25\\\/\",\"url\":\"https:\\\/\\\/winnicaksiezycowa.pl\\\/produkt\\\/solaris-25\\\/\",\"name\":\"Solaris '25 - Winnica Ksi\u0119\u017cycowa\",\"isPartOf\":{\"@id\":\"https:\\\/\\\/winnicaksiezycowa.pl\\\/#website\"},\"primaryImageOfPage\":{\"@id\":\"https:\\\/\\\/winnicaksiezycowa.pl\\\/produkt\\\/solaris-25\\\/#primaryimage\"},\"image\":{\"@id\":\"https:\\\/\\\/winnicaksiezycowa.pl\\\/produkt\\\/solaris-25\\\/#primaryimage\"},\"thumbnailUrl\":\"https:\\\/\\\/winnicaksiezycowa.pl\\\/wp-content\\\/uploads\\\/2026\\\/04\\\/Solaris-25-white-bg.png\",\"datePublished\":\"2026-04-29T07:04:12+00:00\",\"dateModified\":\"2026-04-29T08:20:06+00:00\",\"description\":\"Wino, w kt\u00f3rym soczysta brzoskwinia i orze\u017awiaj\u0105ca gruszka \u0142\u0105cz\u0105 si\u0119 z pikantnymi nutami cytrus\u00f3w. Aromatyczny bukiet i cytrusowy charakter tego wina zapewniaj\u0105 \u015bwie\u017cy i d\u0142ugotrwa\u0142y finisz.\",\"breadcrumb\":{\"@id\":\"https:\\\/\\\/winnicaksiezycowa.pl\\\/produkt\\\/solaris-25\\\/#breadcrumb\"},\"inLanguage\":\"en-GB\",\"potentialAction\":[{\"@type\":\"ReadAction\",\"target\":[\"https:\\\/\\\/winnicaksiezycowa.pl\\\/produkt\\\/solaris-25\\\/\"]}]},{\"@type\":\"ImageObject\",\"inLanguage\":\"en-GB\",\"@id\":\"https:\\\/\\\/winnicaksiezycowa.pl\\\/produkt\\\/solaris-25\\\/#primaryimage\",\"url\":\"https:\\\/\\\/winnicaksiezycowa.pl\\\/wp-content\\\/uploads\\\/2026\\\/04\\\/Solaris-25-white-bg.png\",\"contentUrl\":\"https:\\\/\\\/winnicaksiezycowa.pl\\\/wp-content\\\/uploads\\\/2026\\\/04\\\/Solaris-25-white-bg.png\",\"width\":850,\"height\":850},{\"@type\":\"BreadcrumbList\",\"@id\":\"https:\\\/\\\/winnicaksiezycowa.pl\\\/produkt\\\/solaris-25\\\/#breadcrumb\",\"itemListElement\":[{\"@type\":\"ListItem\",\"position\":1,\"name\":\"Strona g\u0142\u00f3wna\",\"item\":\"https:\\\/\\\/winnicaksiezycowa.pl\\\/\"},{\"@type\":\"ListItem\",\"position\":2,\"name\":\"Produkty\",\"item\":\"https:\\\/\\\/winnicaksiezycowa.pl\\\/shop\\\/\"},{\"@type\":\"ListItem\",\"position\":3,\"name\":\"Solaris &#8217;25\"}]},{\"@type\":\"WebSite\",\"@id\":\"https:\\\/\\\/winnicaksiezycowa.pl\\\/#website\",\"url\":\"https:\\\/\\\/winnicaksiezycowa.pl\\\/\",\"name\":\"Winnica Ksi\u0119\u017cycowa\",\"description\":\"Miejsce, gdzie jako\u015b\u0107 spotyka pasj\u0119.\",\"publisher\":{\"@id\":\"https:\\\/\\\/winnicaksiezycowa.pl\\\/#organization\"},\"potentialAction\":[{\"@type\":\"SearchAction\",\"target\":{\"@type\":\"EntryPoint\",\"urlTemplate\":\"https:\\\/\\\/winnicaksiezycowa.pl\\\/?s={search_term_string}\"},\"query-input\":{\"@type\":\"PropertyValueSpecification\",\"valueRequired\":true,\"valueName\":\"search_term_string\"}}],\"inLanguage\":\"en-GB\"},{\"@type\":\"Organization\",\"@id\":\"https:\\\/\\\/winnicaksiezycowa.pl\\\/#organization\",\"name\":\"Winnica Ksi\u0119\u017cycowa\",\"url\":\"https:\\\/\\\/winnicaksiezycowa.pl\\\/\",\"logo\":{\"@type\":\"ImageObject\",\"inLanguage\":\"en-GB\",\"@id\":\"https:\\\/\\\/winnicaksiezycowa.pl\\\/#\\\/schema\\\/logo\\\/image\\\/\",\"url\":\"https:\\\/\\\/winnicaksiezycowa.pl\\\/wp-content\\\/uploads\\\/2024\\\/01\\\/poziom-final-normal-300x115-1.png\",\"contentUrl\":\"https:\\\/\\\/winnicaksiezycowa.pl\\\/wp-content\\\/uploads\\\/2024\\\/01\\\/poziom-final-normal-300x115-1.png\",\"width\":300,\"height\":115,\"caption\":\"Winnica Ksi\u0119\u017cycowa\"},\"image\":{\"@id\":\"https:\\\/\\\/winnicaksiezycowa.pl\\\/#\\\/schema\\\/logo\\\/image\\\/\"},\"sameAs\":[\"https:\\\/\\\/www.facebook.com\\\/winnicaksiezycowa\",\"https:\\\/\\\/www.instagram.com\\\/winnicaksiezycowa\\\/\"]}]}<\/script>\n<!-- \/ Yoast SEO plugin. -->","yoast_head_json":{"title":"Solaris '25 - Winnica Ksi\u0119\u017cycowa","description":"A wine where juicy peach and refreshing pear blend with spicy citrus notes.\nIts aromatic bouquet and citrusy character provide a fresh and long-lasting finish.","robots":{"index":"index","follow":"follow","max-snippet":"max-snippet:-1","max-image-preview":"max-image-preview:large","max-video-preview":"max-video-preview:-1"},"canonical":"https:\/\/winnicaksiezycowa.pl\/en\/product\/solaris-25\/","og_locale":"en_GB","og_type":"article","og_title":"Solaris '25 - Winnica Ksi\u0119\u017cycowa","og_description":"Wino, w kt\u00f3rym soczysta brzoskwinia i orze\u017awiaj\u0105ca gruszka \u0142\u0105cz\u0105 si\u0119 z pikantnymi nutami cytrus\u00f3w. Aromatyczny bukiet i cytrusowy charakter tego wina zapewniaj\u0105 \u015bwie\u017cy i d\u0142ugotrwa\u0142y finisz.","og_url":"https:\/\/winnicaksiezycowa.pl\/en\/product\/solaris-25\/","og_site_name":"Winnica Ksi\u0119\u017cycowa","article_publisher":"https:\/\/www.facebook.com\/winnicaksiezycowa","article_modified_time":"2026-04-29T08:20:06+00:00","og_image":[{"width":850,"height":850,"url":"https:\/\/winnicaksiezycowa.pl\/wp-content\/uploads\/2026\/04\/Solaris-25-white-bg.png","type":"image\/png"}],"twitter_card":"summary_large_image","twitter_misc":{"Estimated reading time":"1 minute"},"schema":{"@context":"https:\/\/schema.org","@graph":[{"@type":"WebPage","@id":"https:\/\/winnicaksiezycowa.pl\/produkt\/solaris-25\/","url":"https:\/\/winnicaksiezycowa.pl\/produkt\/solaris-25\/","name":"Solaris '25 - Winnica Ksi\u0119\u017cycowa","isPartOf":{"@id":"https:\/\/winnicaksiezycowa.pl\/#website"},"primaryImageOfPage":{"@id":"https:\/\/winnicaksiezycowa.pl\/produkt\/solaris-25\/#primaryimage"},"image":{"@id":"https:\/\/winnicaksiezycowa.pl\/produkt\/solaris-25\/#primaryimage"},"thumbnailUrl":"https:\/\/winnicaksiezycowa.pl\/wp-content\/uploads\/2026\/04\/Solaris-25-white-bg.png","datePublished":"2026-04-29T07:04:12+00:00","dateModified":"2026-04-29T08:20:06+00:00","description":"A wine where juicy peach and refreshing pear blend with spicy citrus notes.\nIts aromatic bouquet and citrusy character provide a fresh and long-lasting finish.","breadcrumb":{"@id":"https:\/\/winnicaksiezycowa.pl\/produkt\/solaris-25\/#breadcrumb"},"inLanguage":"en-GB","potentialAction":[{"@type":"ReadAction","target":["https:\/\/winnicaksiezycowa.pl\/produkt\/solaris-25\/"]}]},{"@type":"ImageObject","inLanguage":"en-GB","@id":"https:\/\/winnicaksiezycowa.pl\/produkt\/solaris-25\/#primaryimage","url":"https:\/\/winnicaksiezycowa.pl\/wp-content\/uploads\/2026\/04\/Solaris-25-white-bg.png","contentUrl":"https:\/\/winnicaksiezycowa.pl\/wp-content\/uploads\/2026\/04\/Solaris-25-white-bg.png","width":850,"height":850},{"@type":"BreadcrumbList","@id":"https:\/\/winnicaksiezycowa.pl\/produkt\/solaris-25\/#breadcrumb","itemListElement":[{"@type":"ListItem","position":1,"name":"Strona g\u0142\u00f3wna","item":"https:\/\/winnicaksiezycowa.pl\/"},{"@type":"ListItem","position":2,"name":"Produkty","item":"https:\/\/winnicaksiezycowa.pl\/shop\/"},{"@type":"ListItem","position":3,"name":"Solaris &#8217;25"}]},{"@type":"WebSite","@id":"https:\/\/winnicaksiezycowa.pl\/#website","url":"https:\/\/winnicaksiezycowa.pl\/","name":"Moon Vineyard","description":"Miejsce, gdzie jako\u015b\u0107 spotyka pasj\u0119.","publisher":{"@id":"https:\/\/winnicaksiezycowa.pl\/#organization"},"potentialAction":[{"@type":"SearchAction","target":{"@type":"EntryPoint","urlTemplate":"https:\/\/winnicaksiezycowa.pl\/?s={search_term_string}"},"query-input":{"@type":"PropertyValueSpecification","valueRequired":true,"valueName":"search_term_string"}}],"inLanguage":"en-GB"},{"@type":"Organization","@id":"https:\/\/winnicaksiezycowa.pl\/#organization","name":"Moon Vineyard","url":"https:\/\/winnicaksiezycowa.pl\/","logo":{"@type":"ImageObject","inLanguage":"en-GB","@id":"https:\/\/winnicaksiezycowa.pl\/#\/schema\/logo\/image\/","url":"https:\/\/winnicaksiezycowa.pl\/wp-content\/uploads\/2024\/01\/poziom-final-normal-300x115-1.png","contentUrl":"https:\/\/winnicaksiezycowa.pl\/wp-content\/uploads\/2024\/01\/poziom-final-normal-300x115-1.png","width":300,"height":115,"caption":"Winnica Ksi\u0119\u017cycowa"},"image":{"@id":"https:\/\/winnicaksiezycowa.pl\/#\/schema\/logo\/image\/"},"sameAs":["https:\/\/www.facebook.com\/winnicaksiezycowa","https:\/\/www.instagram.com\/winnicaksiezycowa\/"]}]}},"jetpack_sharing_enabled":true,"_links":{"self":[{"href":"https:\/\/winnicaksiezycowa.pl\/en\/wp-json\/wp\/v2\/product\/5418","targetHints":{"allow":["GET"]}}],"collection":[{"href":"https:\/\/winnicaksiezycowa.pl\/en\/wp-json\/wp\/v2\/product"}],"about":[{"href":"https:\/\/winnicaksiezycowa.pl\/en\/wp-json\/wp\/v2\/types\/product"}],"wp:featuredmedia":[{"embeddable":true,"href":"https:\/\/winnicaksiezycowa.pl\/en\/wp-json\/wp\/v2\/media\/5414"}],"wp:attachment":[{"href":"https:\/\/winnicaksiezycowa.pl\/en\/wp-json\/wp\/v2\/media?parent=5418"}],"wp:term":[{"taxonomy":"product_brand","embeddable":true,"href":"https:\/\/winnicaksiezycowa.pl\/en\/wp-json\/wp\/v2\/product_brand?post=5418"},{"taxonomy":"product_cat","embeddable":true,"href":"https:\/\/winnicaksiezycowa.pl\/en\/wp-json\/wp\/v2\/product_cat?post=5418"},{"taxonomy":"product_tag","embeddable":true,"href":"https:\/\/winnicaksiezycowa.pl\/en\/wp-json\/wp\/v2\/product_tag?post=5418"}],"curies":[{"name":"wp","href":"https:\/\/api.w.org\/{rel}","templated":true}]}}