{"id":5421,"date":"2026-04-29T09:48:30","date_gmt":"2026-04-29T07:48:30","guid":{"rendered":"https:\/\/winnicaksiezycowa.pl\/?post_type=product&#038;p=5421"},"modified":"2026-04-29T10:17:26","modified_gmt":"2026-04-29T08:17:26","slug":"bright-side-of-the-moon-24","status":"publish","type":"product","link":"https:\/\/winnicaksiezycowa.pl\/en\/product\/bright-side-of-the-moon-24\/","title":{"rendered":"Bright Side of The Moon &#8217;24"},"content":{"rendered":"<p>An orange wine with a distinctive character, where notes of fresh mint and dried herbs take the lead on the nose. On the palate, a pleasantly marked tannic structure adds depth and a gentle grip, leading into a long, lingering finish. Intriguing and unconventional, crafted for those who seek more in wine than classic fruit-driven flavours. <strong>Silver medal winner at the 6th WINOPL Wine Competition 2026.<\/strong><\/p>\n<ul>\n<li><strong>Type:<\/strong>\u00a0Orange (Amber) Wine<\/li>\n<li><strong>Residual sugar<\/strong>: 1,6 g\/l<\/li>\n<li><strong>Total acidity<\/strong>: 6,3 g\/l<\/li>\n<li><strong>Alcohol<\/strong>: 11% obj.<\/li>\n<li><strong>Optimal serving temperature<\/strong>: 14-18\u00b0C<\/li>\n<\/ul>","protected":false},"excerpt":{"rendered":"<p>A dry orange wine with a distinctive character.<\/p>","protected":false},"featured_media":5422,"template":"","meta":[],"product_brand":[],"product_cat":[76,79],"product_tag":[],"class_list":{"0":"post-5421","1":"product","2":"type-product","3":"status-publish","4":"has-post-thumbnail","6":"product_cat-pomaranczowe","7":"product_cat-wytrawne","9":"first","10":"instock","11":"taxable","12":"shipping-taxable","13":"purchasable","14":"product-type-simple"},"yoast_head":"<!-- This site is optimized with the Yoast SEO plugin v27.5 - https:\/\/yoast.com\/product\/yoast-seo-wordpress\/ -->\n<title>Bright Side of The Moon &#039;24 - Winnica Ksi\u0119\u017cycowa<\/title>\n<meta name=\"description\" content=\"Wino pomara\u0144czowe o wytrawnym charakterze, kt\u00f3re emanuje aromatami siana i ananasa. Doskonale wsp\u00f3\u0142gra z szerokim spektrum da\u0144 kuchni orientalnej i klasycznej.\u00a0Zdobywca br\u0105zowego medalu na X Konkursie Polskich Win Jas\u0142o 2023.\" \/>\n<meta name=\"robots\" content=\"index, follow, max-snippet:-1, max-image-preview:large, max-video-preview:-1\" \/>\n<link rel=\"canonical\" href=\"https:\/\/winnicaksiezycowa.pl\/en\/product\/bright-side-of-the-moon-24\/\" \/>\n<meta property=\"og:locale\" content=\"en_GB\" \/>\n<meta property=\"og:type\" content=\"article\" \/>\n<meta property=\"og:title\" content=\"Bright Side of The Moon &#039;24 - Winnica Ksi\u0119\u017cycowa\" \/>\n<meta property=\"og:description\" content=\"Wino pomara\u0144czowe o wytrawnym charakterze, kt\u00f3re emanuje aromatami siana i ananasa. Doskonale wsp\u00f3\u0142gra z szerokim spektrum da\u0144 kuchni orientalnej i klasycznej.\u00a0Zdobywca br\u0105zowego medalu na X Konkursie Polskich Win Jas\u0142o 2023.\" \/>\n<meta property=\"og:url\" content=\"https:\/\/winnicaksiezycowa.pl\/en\/product\/bright-side-of-the-moon-24\/\" \/>\n<meta property=\"og:site_name\" content=\"Winnica Ksi\u0119\u017cycowa\" \/>\n<meta property=\"article:publisher\" content=\"https:\/\/www.facebook.com\/winnicaksiezycowa\" \/>\n<meta property=\"article:modified_time\" content=\"2026-04-29T08:17:26+00:00\" \/>\n<meta property=\"og:image\" content=\"https:\/\/winnicaksiezycowa.pl\/wp-content\/uploads\/2026\/04\/Bright-Side-of-the-Moon-24-white-bg-1.png\" \/>\n\t<meta property=\"og:image:width\" content=\"850\" \/>\n\t<meta property=\"og:image:height\" content=\"850\" \/>\n\t<meta property=\"og:image:type\" content=\"image\/png\" \/>\n<meta name=\"twitter:card\" content=\"summary_large_image\" \/>\n<meta name=\"twitter:label1\" content=\"Estimated reading time\" \/>\n\t<meta name=\"twitter:data1\" content=\"1 minute\" \/>\n<script type=\"application\/ld+json\" class=\"yoast-schema-graph\">{\"@context\":\"https:\\\/\\\/schema.org\",\"@graph\":[{\"@type\":\"WebPage\",\"@id\":\"https:\\\/\\\/winnicaksiezycowa.pl\\\/produkt\\\/bright-side-of-the-moon-24\\\/\",\"url\":\"https:\\\/\\\/winnicaksiezycowa.pl\\\/produkt\\\/bright-side-of-the-moon-24\\\/\",\"name\":\"Bright Side of The Moon '24 - Winnica Ksi\u0119\u017cycowa\",\"isPartOf\":{\"@id\":\"https:\\\/\\\/winnicaksiezycowa.pl\\\/#website\"},\"primaryImageOfPage\":{\"@id\":\"https:\\\/\\\/winnicaksiezycowa.pl\\\/produkt\\\/bright-side-of-the-moon-24\\\/#primaryimage\"},\"image\":{\"@id\":\"https:\\\/\\\/winnicaksiezycowa.pl\\\/produkt\\\/bright-side-of-the-moon-24\\\/#primaryimage\"},\"thumbnailUrl\":\"https:\\\/\\\/winnicaksiezycowa.pl\\\/wp-content\\\/uploads\\\/2026\\\/04\\\/Bright-Side-of-the-Moon-24-white-bg-1.png\",\"datePublished\":\"2026-04-29T07:48:30+00:00\",\"dateModified\":\"2026-04-29T08:17:26+00:00\",\"description\":\"Wino pomara\u0144czowe o wytrawnym charakterze, kt\u00f3re emanuje aromatami siana i ananasa. Doskonale wsp\u00f3\u0142gra z szerokim spektrum da\u0144 kuchni orientalnej i klasycznej.\u00a0Zdobywca br\u0105zowego medalu na X Konkursie Polskich Win Jas\u0142o 2023.\",\"breadcrumb\":{\"@id\":\"https:\\\/\\\/winnicaksiezycowa.pl\\\/produkt\\\/bright-side-of-the-moon-24\\\/#breadcrumb\"},\"inLanguage\":\"en-GB\",\"potentialAction\":[{\"@type\":\"ReadAction\",\"target\":[\"https:\\\/\\\/winnicaksiezycowa.pl\\\/produkt\\\/bright-side-of-the-moon-24\\\/\"]}]},{\"@type\":\"ImageObject\",\"inLanguage\":\"en-GB\",\"@id\":\"https:\\\/\\\/winnicaksiezycowa.pl\\\/produkt\\\/bright-side-of-the-moon-24\\\/#primaryimage\",\"url\":\"https:\\\/\\\/winnicaksiezycowa.pl\\\/wp-content\\\/uploads\\\/2026\\\/04\\\/Bright-Side-of-the-Moon-24-white-bg-1.png\",\"contentUrl\":\"https:\\\/\\\/winnicaksiezycowa.pl\\\/wp-content\\\/uploads\\\/2026\\\/04\\\/Bright-Side-of-the-Moon-24-white-bg-1.png\",\"width\":850,\"height\":850},{\"@type\":\"BreadcrumbList\",\"@id\":\"https:\\\/\\\/winnicaksiezycowa.pl\\\/produkt\\\/bright-side-of-the-moon-24\\\/#breadcrumb\",\"itemListElement\":[{\"@type\":\"ListItem\",\"position\":1,\"name\":\"Strona g\u0142\u00f3wna\",\"item\":\"https:\\\/\\\/winnicaksiezycowa.pl\\\/\"},{\"@type\":\"ListItem\",\"position\":2,\"name\":\"Produkty\",\"item\":\"https:\\\/\\\/winnicaksiezycowa.pl\\\/shop\\\/\"},{\"@type\":\"ListItem\",\"position\":3,\"name\":\"Bright Side of The Moon &#8217;24\"}]},{\"@type\":\"WebSite\",\"@id\":\"https:\\\/\\\/winnicaksiezycowa.pl\\\/#website\",\"url\":\"https:\\\/\\\/winnicaksiezycowa.pl\\\/\",\"name\":\"Winnica Ksi\u0119\u017cycowa\",\"description\":\"Miejsce, gdzie jako\u015b\u0107 spotyka pasj\u0119.\",\"publisher\":{\"@id\":\"https:\\\/\\\/winnicaksiezycowa.pl\\\/#organization\"},\"potentialAction\":[{\"@type\":\"SearchAction\",\"target\":{\"@type\":\"EntryPoint\",\"urlTemplate\":\"https:\\\/\\\/winnicaksiezycowa.pl\\\/?s={search_term_string}\"},\"query-input\":{\"@type\":\"PropertyValueSpecification\",\"valueRequired\":true,\"valueName\":\"search_term_string\"}}],\"inLanguage\":\"en-GB\"},{\"@type\":\"Organization\",\"@id\":\"https:\\\/\\\/winnicaksiezycowa.pl\\\/#organization\",\"name\":\"Winnica Ksi\u0119\u017cycowa\",\"url\":\"https:\\\/\\\/winnicaksiezycowa.pl\\\/\",\"logo\":{\"@type\":\"ImageObject\",\"inLanguage\":\"en-GB\",\"@id\":\"https:\\\/\\\/winnicaksiezycowa.pl\\\/#\\\/schema\\\/logo\\\/image\\\/\",\"url\":\"https:\\\/\\\/winnicaksiezycowa.pl\\\/wp-content\\\/uploads\\\/2024\\\/01\\\/poziom-final-normal-300x115-1.png\",\"contentUrl\":\"https:\\\/\\\/winnicaksiezycowa.pl\\\/wp-content\\\/uploads\\\/2024\\\/01\\\/poziom-final-normal-300x115-1.png\",\"width\":300,\"height\":115,\"caption\":\"Winnica Ksi\u0119\u017cycowa\"},\"image\":{\"@id\":\"https:\\\/\\\/winnicaksiezycowa.pl\\\/#\\\/schema\\\/logo\\\/image\\\/\"},\"sameAs\":[\"https:\\\/\\\/www.facebook.com\\\/winnicaksiezycowa\",\"https:\\\/\\\/www.instagram.com\\\/winnicaksiezycowa\\\/\"]}]}<\/script>\n<!-- \/ Yoast SEO plugin. -->","yoast_head_json":{"title":"Bright Side of The Moon '24 - Winnica Ksi\u0119\u017cycowa","description":"Wino pomara\u0144czowe o wytrawnym charakterze, kt\u00f3re emanuje aromatami siana i ananasa. Doskonale wsp\u00f3\u0142gra z szerokim spektrum da\u0144 kuchni orientalnej i klasycznej.\u00a0Zdobywca br\u0105zowego medalu na X Konkursie Polskich Win Jas\u0142o 2023.","robots":{"index":"index","follow":"follow","max-snippet":"max-snippet:-1","max-image-preview":"max-image-preview:large","max-video-preview":"max-video-preview:-1"},"canonical":"https:\/\/winnicaksiezycowa.pl\/en\/product\/bright-side-of-the-moon-24\/","og_locale":"en_GB","og_type":"article","og_title":"Bright Side of The Moon '24 - Winnica Ksi\u0119\u017cycowa","og_description":"Wino pomara\u0144czowe o wytrawnym charakterze, kt\u00f3re emanuje aromatami siana i ananasa. Doskonale wsp\u00f3\u0142gra z szerokim spektrum da\u0144 kuchni orientalnej i klasycznej.\u00a0Zdobywca br\u0105zowego medalu na X Konkursie Polskich Win Jas\u0142o 2023.","og_url":"https:\/\/winnicaksiezycowa.pl\/en\/product\/bright-side-of-the-moon-24\/","og_site_name":"Winnica Ksi\u0119\u017cycowa","article_publisher":"https:\/\/www.facebook.com\/winnicaksiezycowa","article_modified_time":"2026-04-29T08:17:26+00:00","og_image":[{"width":850,"height":850,"url":"https:\/\/winnicaksiezycowa.pl\/wp-content\/uploads\/2026\/04\/Bright-Side-of-the-Moon-24-white-bg-1.png","type":"image\/png"}],"twitter_card":"summary_large_image","twitter_misc":{"Estimated reading time":"1 minute"},"schema":{"@context":"https:\/\/schema.org","@graph":[{"@type":"WebPage","@id":"https:\/\/winnicaksiezycowa.pl\/produkt\/bright-side-of-the-moon-24\/","url":"https:\/\/winnicaksiezycowa.pl\/produkt\/bright-side-of-the-moon-24\/","name":"Bright Side of The Moon '24 - Winnica Ksi\u0119\u017cycowa","isPartOf":{"@id":"https:\/\/winnicaksiezycowa.pl\/#website"},"primaryImageOfPage":{"@id":"https:\/\/winnicaksiezycowa.pl\/produkt\/bright-side-of-the-moon-24\/#primaryimage"},"image":{"@id":"https:\/\/winnicaksiezycowa.pl\/produkt\/bright-side-of-the-moon-24\/#primaryimage"},"thumbnailUrl":"https:\/\/winnicaksiezycowa.pl\/wp-content\/uploads\/2026\/04\/Bright-Side-of-the-Moon-24-white-bg-1.png","datePublished":"2026-04-29T07:48:30+00:00","dateModified":"2026-04-29T08:17:26+00:00","description":"Wino pomara\u0144czowe o wytrawnym charakterze, kt\u00f3re emanuje aromatami siana i ananasa. Doskonale wsp\u00f3\u0142gra z szerokim spektrum da\u0144 kuchni orientalnej i klasycznej.\u00a0Zdobywca br\u0105zowego medalu na X Konkursie Polskich Win Jas\u0142o 2023.","breadcrumb":{"@id":"https:\/\/winnicaksiezycowa.pl\/produkt\/bright-side-of-the-moon-24\/#breadcrumb"},"inLanguage":"en-GB","potentialAction":[{"@type":"ReadAction","target":["https:\/\/winnicaksiezycowa.pl\/produkt\/bright-side-of-the-moon-24\/"]}]},{"@type":"ImageObject","inLanguage":"en-GB","@id":"https:\/\/winnicaksiezycowa.pl\/produkt\/bright-side-of-the-moon-24\/#primaryimage","url":"https:\/\/winnicaksiezycowa.pl\/wp-content\/uploads\/2026\/04\/Bright-Side-of-the-Moon-24-white-bg-1.png","contentUrl":"https:\/\/winnicaksiezycowa.pl\/wp-content\/uploads\/2026\/04\/Bright-Side-of-the-Moon-24-white-bg-1.png","width":850,"height":850},{"@type":"BreadcrumbList","@id":"https:\/\/winnicaksiezycowa.pl\/produkt\/bright-side-of-the-moon-24\/#breadcrumb","itemListElement":[{"@type":"ListItem","position":1,"name":"Strona g\u0142\u00f3wna","item":"https:\/\/winnicaksiezycowa.pl\/"},{"@type":"ListItem","position":2,"name":"Produkty","item":"https:\/\/winnicaksiezycowa.pl\/shop\/"},{"@type":"ListItem","position":3,"name":"Bright Side of The Moon &#8217;24"}]},{"@type":"WebSite","@id":"https:\/\/winnicaksiezycowa.pl\/#website","url":"https:\/\/winnicaksiezycowa.pl\/","name":"Moon Vineyard","description":"Miejsce, gdzie jako\u015b\u0107 spotyka pasj\u0119.","publisher":{"@id":"https:\/\/winnicaksiezycowa.pl\/#organization"},"potentialAction":[{"@type":"SearchAction","target":{"@type":"EntryPoint","urlTemplate":"https:\/\/winnicaksiezycowa.pl\/?s={search_term_string}"},"query-input":{"@type":"PropertyValueSpecification","valueRequired":true,"valueName":"search_term_string"}}],"inLanguage":"en-GB"},{"@type":"Organization","@id":"https:\/\/winnicaksiezycowa.pl\/#organization","name":"Moon Vineyard","url":"https:\/\/winnicaksiezycowa.pl\/","logo":{"@type":"ImageObject","inLanguage":"en-GB","@id":"https:\/\/winnicaksiezycowa.pl\/#\/schema\/logo\/image\/","url":"https:\/\/winnicaksiezycowa.pl\/wp-content\/uploads\/2024\/01\/poziom-final-normal-300x115-1.png","contentUrl":"https:\/\/winnicaksiezycowa.pl\/wp-content\/uploads\/2024\/01\/poziom-final-normal-300x115-1.png","width":300,"height":115,"caption":"Winnica Ksi\u0119\u017cycowa"},"image":{"@id":"https:\/\/winnicaksiezycowa.pl\/#\/schema\/logo\/image\/"},"sameAs":["https:\/\/www.facebook.com\/winnicaksiezycowa","https:\/\/www.instagram.com\/winnicaksiezycowa\/"]}]}},"jetpack_sharing_enabled":true,"_links":{"self":[{"href":"https:\/\/winnicaksiezycowa.pl\/en\/wp-json\/wp\/v2\/product\/5421","targetHints":{"allow":["GET"]}}],"collection":[{"href":"https:\/\/winnicaksiezycowa.pl\/en\/wp-json\/wp\/v2\/product"}],"about":[{"href":"https:\/\/winnicaksiezycowa.pl\/en\/wp-json\/wp\/v2\/types\/product"}],"wp:featuredmedia":[{"embeddable":true,"href":"https:\/\/winnicaksiezycowa.pl\/en\/wp-json\/wp\/v2\/media\/5422"}],"wp:attachment":[{"href":"https:\/\/winnicaksiezycowa.pl\/en\/wp-json\/wp\/v2\/media?parent=5421"}],"wp:term":[{"taxonomy":"product_brand","embeddable":true,"href":"https:\/\/winnicaksiezycowa.pl\/en\/wp-json\/wp\/v2\/product_brand?post=5421"},{"taxonomy":"product_cat","embeddable":true,"href":"https:\/\/winnicaksiezycowa.pl\/en\/wp-json\/wp\/v2\/product_cat?post=5421"},{"taxonomy":"product_tag","embeddable":true,"href":"https:\/\/winnicaksiezycowa.pl\/en\/wp-json\/wp\/v2\/product_tag?post=5421"}],"curies":[{"name":"wp","href":"https:\/\/api.w.org\/{rel}","templated":true}]}}